{"id":9839,"date":"2023-02-21T09:16:00","date_gmt":"2023-02-21T08:16:00","guid":{"rendered":"https:\/\/www.pzdw.bialystok.pl\/?page_id=9839"},"modified":"2023-02-21T09:16:09","modified_gmt":"2023-02-21T08:16:09","slug":"wniosek-o-wydanie-decyzji-na-lokalizacje-urzadzenia-w-pasie-drogowym-niezwiazanego-z-funkcjonowaniem-drogi","status":"publish","type":"page","link":"https:\/\/www.pzdw.bialystok.pl\/?page_id=9839","title":{"rendered":"Wniosek o wydanie decyzji na lokalizacj\u0119 urz\u0105dzenia w pasie drogowym niezwi\u0105zanego z funkcjonowaniem drogi"},"content":{"rendered":"<div class=\"usluga-panel-header ng-tns-c73-17\" tabindex=\"0\" role=\"button\" aria-pressed=\"false\" aria-expanded=\"true\"><span class=\"ng-tns-c73-17\">Wniosek o wydanie decyzji na lokalizacj\u0119 urz\u0105dzenia w pasie drogowym niezwi\u0105zanego z funkcjonowaniem drogi<\/span><\/div>\n<div class=\"usluga-panel-content ng-tns-c73-17 ng-trigger ng-trigger-animationShowHide\" aria-hidden=\"false\">\n<div class=\"ng-tns-c73-17\">\n<p><i>Nazwa<br \/>\n<\/i><\/p>\n<p><strong>Wniosek o wydanie decyzji na lokalizacj\u0119 urz\u0105dzenia w pasie drogowym niezwi\u0105zanego z funkcjonowaniem drogi<\/strong><\/p>\n<p><i>Opis<br \/>\n<\/i><\/p>\n<p>Z\u0142o\u017cenie wniosku do Podlaskiego Zarz\u0105du Dr\u00f3g Wojew\u00f3dzkich w Bia\u0142ymstoku o wydanie zezwolenia na lokalizacj\u0119 w pasie drogowym drogi wojew\u00f3dzkiej urz\u0105dze\u0144 infrastruktury technicznej (np. sieci i przy\u0142\u0105cza: gazowe, wodoci\u0105gowe, energetyczne, kanalizacyjne, teletechniczne, kanalizacja kablowa, podbudowa s\u0142upowa dla linii kablowych, itp.) niezwi\u0105zanych z potrzebami zarz\u0105dzania drogami lub potrzebami ruchu drogowego (cele niezwi\u0105zane z budow\u0105, przebudow\u0105, remontem, utrzymaniem i ochron\u0105 dr\u00f3g).<i>&nbsp;<\/i>W celu ochrony pasa drogowego przeznaczonego dla ruchu ko\u0142owego i ruchu pieszych wprowadzi\u0142 zakaz umieszczania w\/w urz\u0105dze\u0144 \u2013 art. 39 ust. 1 ustawy o drogach publicznych. Warunkiem odst\u0119pstwa od tego zakazu jest wyst\u0105pienie w konkretnej sprawie szczeg\u00f3lnie uzasadnionego przypadku \u2013 art. 39 ust. 3. Udzielenie zatem zezwolenia winno mie\u0107 charakter wyj\u0105tkowy.<\/p>\n<p>Zezwolenie wydawane jest w drodze decyzji administracyjnej.<\/p>\n<p>Decyzja okre\u015bla, w szczeg\u00f3lno\u015bci: rodzaj inwestycji, spos\u00f3b, miejsce i warunki jej umieszczenia w pasie drogowym oraz pouczenie, \u017ce przed rozpocz\u0119ciem rob\u00f3t budowlanych inwestor jest zobowi\u0105zany do: :<\/p>\n<ol>\n<li>uzyskania pozwolenia na budow\u0119 lub zg\u0142oszenia budowy albo wykonywania rob\u00f3t budowlanych,<\/li>\n<li>uzgodnienia z zarz\u0105dc\u0105 drogi, przed uzyskaniem pozwolenia na budow\u0119, projektu zagospodarowania dzia\u0142ki lub terenu oraz projektu&nbsp; architektoniczno-budowlanego obiektu lub urz\u0105dzenia, o kt\u00f3rym mowa w art. 39 ust. 3 ustawy o drogach publicznych,<\/li>\n<li>uzyskania zezwolenia zarz\u0105dcy drogi na zaj\u0119cie pasa drogowego, dotycz\u0105cego prowadzenia rob\u00f3t w pasie drogowym lub na umieszczenie w nim obiektu lub urz\u0105dzenia.<\/li>\n<\/ol>\n<p>Decyzja lokalizacyjna zawiera r\u00f3wnie\u017c o\u015bwiadczenie o prawie do dysponowania nieruchomo\u015bci\u0105, celem przeprowadzenia post\u0119powania przed organami budowlanymi.<\/p>\n<p><i>Wymagane dokumenty<\/i><\/p>\n<ol>\n<li>Wype\u0142niony formularz wniosku o wydanie decyzji na lokalizacj\u0119 urz\u0105dzenia niezwi\u0105zanego z funkcjonowaniem drogi<\/li>\n<li>Wypis z rejestru grunt\u00f3w dzia\u0142ek stanowi\u0105cych pas drogowy, przez kt\u00f3re przebiega\u0107 b\u0119dzie urz\u0105dzenie<\/li>\n<li>Plan zagospodarowania terenu w skali 1:500 lub 1:1000 &#8211; plan sytuacyjny lokalizowanych urz\u0105dze\u0144 i obiekt\u00f3w sporz\u0105dzony na kopii aktualnej mapy zasadniczej lub mapy jednostkowej przyj\u0119tej do pa\u0144stwowego zasobu geodezyjnego i kartograficznego<\/li>\n<li>Rysunki techniczne: przekroje i profile urz\u0105dze\u0144, zawieraj\u0105ce szczeg\u00f3\u0142y przej\u015bcia urz\u0105dzenia pod drog\u0105 wojew\u00f3dzk\u0105<\/li>\n<li>Potwierdzenie uiszczenia op\u0142aty skarbowej na konto Urz\u0119du Miejskiego w Bia\u0142ymstoku<\/li>\n<li>Dokument stwierdzaj\u0105cy udzielenie pe\u0142nomocnictwa (albo jego urz\u0119dowo po\u015bwiadczony odpis) wraz z dowodem uiszczenia op\u0142aty skarbowej za z\u0142o\u017cenie dokumentu stwierdzaj\u0105cego udzielenie pe\u0142nomocnictwa &#8211; w przypadku sk\u0142adania wniosku przez pe\u0142nomocnika<\/li>\n<\/ol>\n<p><i>Odbiorca<br \/>\n<\/i><\/p>\n<p>Obywatel, Przedsi\u0119biorca<\/p>\n<p><i>Termin za\u0142atwienia sprawy<\/i><\/p>\n<p>Sprawa za\u0142atwiana jest w terminie okre\u015blonym w KPA, przewa\u017cnie w ci\u0105gu miesi\u0105ca od dnia z\u0142o\u017cenia kompletnego wniosku, a w przypadku spraw szczeg\u00f3lnie skomplikowanych termin mo\u017ce zosta\u0107 wyd\u0142u\u017cony do 2 miesi\u0119cy.<\/p>\n<p><i>Op\u0142aty<\/i><\/p>\n<ul>\n<li>Za wydanie decyzji nie jest pobierana op\u0142ata.<\/li>\n<li>Decyzja nie podlega op\u0142acie skarbowej na podstawie art. 3 ustawy z dnia 16 listopada 2006 r. o op\u0142acie skarbowej.<\/li>\n<li>Op\u0142ata skarbowa za z\u0142o\u017cenie dokumentu stwierdzaj\u0105cego udzielenie pe\u0142nomocnictwa w przypadku jego z\u0142o\u017cenia &#8211; op\u0142at\u0119 dokonuje si\u0119 w kasie lub na rachunek organu podatkowego w\u0142a\u015bciwego miejscowo w sprawach op\u0142at skarbowych \u2013 Urz\u0105d Miejski w Bia\u0142ymstoku Departament Finans\u00f3w Miasta, Bank PEKAO S.A. 26 1240 5211 1111 0010 3553 3132j).<\/li>\n<\/ul>\n<p><i>Tryb odwo\u0142awczy<\/i><\/p>\n<p>Od wydanej decyzji s\u0142u\u017cy odwo\u0142anie do Samorz\u0105dowego Kolegium Odwo\u0142awczego w Bia\u0142ymstoku, ul. Mickiewicza 3,&nbsp;w terminie 14 dni od dnia otrzymania decyzji.<br \/>\nStrona mo\u017ce zrzec si\u0119 prawa do odwo\u0142ania zgodnie z art. 127a \u00a7 1 i 2 Kodeksu post\u0119powania administracyjnego.<\/p>\n<p><i>Podstawa prawna<\/i><\/p>\n<ol>\n<li>Ustawa z dnia 21 marca 1985 r. o drogach publicznych<\/li>\n<li>Rozporz\u0105dzenie Rady Ministr\u00f3w z dnia 1 czerwca 2004 r. w sprawie okre\u015blenia warunk\u00f3w udzielania zezwole\u0144 na zaj\u0119cie pasa drogowego<\/li>\n<li>Ustawa z dnia 14 czerwca 1960 r. Kodeks post\u0119powania administracyjnego<\/li>\n<li>Ustawa z dnia 16 listopada 2006 r. o op\u0142acie skarbowej<\/li>\n<\/ol>\n<p><i>Uwagi<\/i><\/p>\n<p>Zarz\u0105dca drogi mo\u017ce odm\u00f3wi\u0107 wydania zezwolenia na umieszczenie w pasie drogowym urz\u0105dze\u0144 i infrastruktury, o kt\u00f3rych mowa w art. 39 ust. 3 pkt. 1 ustawy o drogach publicznych.<\/p>\n<\/div>\n<\/div>\n","protected":false},"excerpt":{"rendered":"<p>&#46;&#46;&#46;<\/p>\n","protected":false},"author":1,"featured_media":0,"parent":0,"menu_order":0,"comment_status":"closed","ping_status":"closed","template":"","meta":{"footnotes":""},"class_list":["post-9839","page","type-page","status-publish","hentry"],"_links":{"self":[{"href":"https:\/\/www.pzdw.bialystok.pl\/index.php?rest_route=\/wp\/v2\/pages\/9839","targetHints":{"allow":["GET"]}}],"collection":[{"href":"https:\/\/www.pzdw.bialystok.pl\/index.php?rest_route=\/wp\/v2\/pages"}],"about":[{"href":"https:\/\/www.pzdw.bialystok.pl\/index.php?rest_route=\/wp\/v2\/types\/page"}],"author":[{"embeddable":true,"href":"https:\/\/www.pzdw.bialystok.pl\/index.php?rest_route=\/wp\/v2\/users\/1"}],"replies":[{"embeddable":true,"href":"https:\/\/www.pzdw.bialystok.pl\/index.php?rest_route=%2Fwp%2Fv2%2Fcomments&post=9839"}],"version-history":[{"count":0,"href":"https:\/\/www.pzdw.bialystok.pl\/index.php?rest_route=\/wp\/v2\/pages\/9839\/revisions"}],"wp:attachment":[{"href":"https:\/\/www.pzdw.bialystok.pl\/index.php?rest_route=%2Fwp%2Fv2%2Fmedia&parent=9839"}],"curies":[{"name":"wp","href":"https:\/\/api.w.org\/{rel}","templated":true}]}}