{"id":85,"date":"2014-02-11T09:23:32","date_gmt":"2014-02-11T08:23:32","guid":{"rendered":"http:\/\/pzdw-b1-web1?page_id=85"},"modified":"2025-06-12T13:14:52","modified_gmt":"2025-06-12T12:14:52","slug":"wydzialy","status":"publish","type":"page","link":"https:\/\/www.pzdw.bialystok.pl\/?page_id=85","title":{"rendered":"Wydzia\u0142y"},"content":{"rendered":"<div id=\"pl-85\"  class=\"panel-layout\" ><div id=\"pg-85-0\"  class=\"panel-grid panel-no-style\" ><div id=\"pgc-85-0-0\"  class=\"panel-grid-cell\" ><div id=\"panel-85-0-0-0\" class=\"so-panel widget widget_sow-editor panel-first-child panel-last-child\" data-index=\"0\" ><div\n\t\t\t\n\t\t\tclass=\"so-widget-sow-editor so-widget-sow-editor-base\"\n\t\t\t\n\t\t>\n<div class=\"siteorigin-widget-tinymce textwidget\">\n\t<p><strong><span style=\"font-size: 16px;\">Wydzia\u0142 Finansowy<\/span><\/strong><br \/>\ntel. 85 67 67 142<\/p>\n<hr \/>\n<p><strong><span style=\"font-size: 16px;\">Wydzia\u0142 Utrzymania Dr\u00f3g i Most\u00f3w<\/span><\/strong><br \/>\ntel. 85 67 67 159<\/p>\n<hr \/>\n<p><strong><span style=\"font-size: 16px;\">Wydzia\u0142 ds. Uzgodnie\u0144 i Ochrony \u015arodowiska<\/span><\/strong><br \/>\ntel. 85 67 67 158<\/p>\n<hr \/>\n<p><strong><span style=\"font-size: 16px;\">Zimowe Utrzymanie Dr\u00f3g \u2013 dy\u017curny<\/span><\/strong><br \/>\ntel. 85 67 67 149<br \/>\n<a href=\"mailto:zud@pzdw.podlaskie.eu\">zud@pzdw.podlaskie.eu<\/a><\/p>\n<hr \/>\n<p><strong><span style=\"font-size: 16px;\">Wydzia\u0142 Przygotowania i Realizacji Inwestycji<\/span><\/strong><br \/>\ntel. 85 67 67 134<\/p>\n<hr \/>\n<p><strong><span style=\"font-size: 16px;\">Wydzia\u0142 Zam\u00f3wie\u0144 Publicznych<\/span><\/strong><br \/>\n<a href=\"mailto:wzp@pzdw.podlaskie.eu\">wzp@pzdw.podlaskie.eu<\/a><br \/>\ntel. 85 67 67 160<\/p>\n<hr \/>\n<p><strong><span style=\"font-size: 16px;\">Wydzia\u0142 Planowania i Pozyskiwania Funduszy<\/span><\/strong><br \/>\ntel. 85 67 67 152<\/p>\n<hr \/>\n<p><strong><span style=\"font-size: 16px;\">Wydzia\u0142 ds. Kadr<\/span><\/strong><br \/>\n<a href=\"mailto:kadry@pzdw.podlaskie.eu\"><em>kadry@pzdw.podlaskie.eu<\/em><\/a><br \/>\ntel. 85 67 67 137<\/p>\n<\/div>\n<\/div><\/div><\/div><div id=\"pgc-85-0-1\"  class=\"panel-grid-cell\" ><div id=\"panel-85-0-1-0\" class=\"so-panel widget widget_sow-editor panel-first-child panel-last-child\" data-index=\"1\" ><div\n\t\t\t\n\t\t\tclass=\"so-widget-sow-editor so-widget-sow-editor-base\"\n\t\t\t\n\t\t>\n<div class=\"siteorigin-widget-tinymce textwidget\">\n\t<p><strong><span style=\"font-size: 16px;\">Stanowisko ds. BHP<\/span><\/strong><br \/>\n<a href=\"mailto:bhp@pzdw.podlaskie.eu\"><em>bhp@pzdw.podlaskie.eu<\/em><\/a><br \/>\ntel. 85 67 67 178<\/p>\n<hr \/>\n<p><strong><span style=\"font-size: 16px;\">Wydzia\u0142 ds. <\/span><\/strong><strong><span style=\"font-size: 16px;\">Gospodarki Nieruchomo\u015bciami<\/span><\/strong><br \/>\ntel. 85 67 67 147<\/p>\n<hr \/>\n<p><strong><span style=\"font-size: 16px;\">Wydzia\u0142 Organizacyjny<\/span><\/strong><br \/>\ntel. 85 67 67 157<\/p>\n<hr \/>\n<p><strong><span style=\"font-size: 16px;\">Stanowisko ds. Ochrony Informacji Niejawnych<\/span><\/strong><br \/>\ntel. 85 67 67 139<\/p>\n<hr \/>\n<p><strong><span style=\"font-size: 16px;\">Stanowisko ds. Audytu Wewn\u0119trznego<\/span><\/strong><br \/>\ntel. 85 67 67 156<\/p>\n<hr \/>\n<p><strong><span style=\"font-size: 16px;\">Inspektor Ochrony Danych<\/span><\/strong><br \/>\ntel. 85 67 67 156<\/p>\n<hr \/>\n<p><strong><span style=\"font-size: 16px;\">Zesp\u00f3\u0142 Prawny<\/span><\/strong><br \/>\ntel. 85 67 67 136<\/p>\n<\/div>\n<\/div><\/div><\/div><\/div><\/div>","protected":false},"excerpt":{"rendered":"<p>&#46;&#46;&#46;<\/p>\n","protected":false},"author":1,"featured_media":5695,"parent":0,"menu_order":27,"comment_status":"closed","ping_status":"closed","template":"","meta":{"footnotes":""},"class_list":["post-85","page","type-page","status-publish","has-post-thumbnail","hentry"],"_links":{"self":[{"href":"https:\/\/www.pzdw.bialystok.pl\/index.php?rest_route=\/wp\/v2\/pages\/85","targetHints":{"allow":["GET"]}}],"collection":[{"href":"https:\/\/www.pzdw.bialystok.pl\/index.php?rest_route=\/wp\/v2\/pages"}],"about":[{"href":"https:\/\/www.pzdw.bialystok.pl\/index.php?rest_route=\/wp\/v2\/types\/page"}],"author":[{"embeddable":true,"href":"https:\/\/www.pzdw.bialystok.pl\/index.php?rest_route=\/wp\/v2\/users\/1"}],"replies":[{"embeddable":true,"href":"https:\/\/www.pzdw.bialystok.pl\/index.php?rest_route=%2Fwp%2Fv2%2Fcomments&post=85"}],"version-history":[{"count":4,"href":"https:\/\/www.pzdw.bialystok.pl\/index.php?rest_route=\/wp\/v2\/pages\/85\/revisions"}],"predecessor-version":[{"id":11376,"href":"https:\/\/www.pzdw.bialystok.pl\/index.php?rest_route=\/wp\/v2\/pages\/85\/revisions\/11376"}],"wp:featuredmedia":[{"embeddable":true,"href":"https:\/\/www.pzdw.bialystok.pl\/index.php?rest_route=\/"}],"wp:attachment":[{"href":"https:\/\/www.pzdw.bialystok.pl\/index.php?rest_route=%2Fwp%2Fv2%2Fmedia&parent=85"}],"curies":[{"name":"wp","href":"https:\/\/api.w.org\/{rel}","templated":true}]}}