{"id":81,"date":"2014-02-11T09:23:06","date_gmt":"2014-02-11T08:23:06","guid":{"rendered":"http:\/\/pzdw-b1-web1?page_id=81"},"modified":"2025-06-18T08:34:59","modified_gmt":"2025-06-18T07:34:59","slug":"godziny-urzedowania","status":"publish","type":"page","link":"https:\/\/www.pzdw.bialystok.pl\/?page_id=81","title":{"rendered":"Kontakt"},"content":{"rendered":"<p>Godziny pracy:<br \/>\nponiedzia\u0142ek-pi\u0105tek: 7:00-15:00<br \/>\nGodziny przyjmowania interesant\u00f3w:<br \/>\nponiedzia\u0142ek-pi\u0105tek 8:00-14:00<br \/>\nul. Elewatorska 6<br \/>\n15-620 Bia\u0142ystok<br \/>\ntel. 85 67 67 130<br \/>\ne-mail: <a href=\"mailto:sekretariat@pzdw.podlaskie.eu\">sekretariat@pzdw.podlaskie.eu<\/a><\/p>\n<p>Adres na platformie ePUAP: \/PZDWBialystok\/SkrytkaESP<\/p>\n<p>Skrzynka eDor\u0119czenia: AE:PL-49239-21598-DUFUB-20<\/p>\n<h6><strong>Skargi i wnioski niezawieraj\u0105ce imienia i nazwiska (nazwy) oraz adresu wnosz\u0105cego pozostawia si\u0119 bez rozpoznania.<\/strong><\/h6>\n","protected":false},"excerpt":{"rendered":"<p>&#46;&#46;&#46;<\/p>\n","protected":false},"author":1,"featured_media":3637,"parent":0,"menu_order":29,"comment_status":"closed","ping_status":"closed","template":"","meta":{"footnotes":""},"class_list":["post-81","page","type-page","status-publish","has-post-thumbnail","hentry"],"_links":{"self":[{"href":"https:\/\/www.pzdw.bialystok.pl\/index.php?rest_route=\/wp\/v2\/pages\/81","targetHints":{"allow":["GET"]}}],"collection":[{"href":"https:\/\/www.pzdw.bialystok.pl\/index.php?rest_route=\/wp\/v2\/pages"}],"about":[{"href":"https:\/\/www.pzdw.bialystok.pl\/index.php?rest_route=\/wp\/v2\/types\/page"}],"author":[{"embeddable":true,"href":"https:\/\/www.pzdw.bialystok.pl\/index.php?rest_route=\/wp\/v2\/users\/1"}],"replies":[{"embeddable":true,"href":"https:\/\/www.pzdw.bialystok.pl\/index.php?rest_route=%2Fwp%2Fv2%2Fcomments&post=81"}],"version-history":[{"count":4,"href":"https:\/\/www.pzdw.bialystok.pl\/index.php?rest_route=\/wp\/v2\/pages\/81\/revisions"}],"predecessor-version":[{"id":11678,"href":"https:\/\/www.pzdw.bialystok.pl\/index.php?rest_route=\/wp\/v2\/pages\/81\/revisions\/11678"}],"wp:featuredmedia":[{"embeddable":true,"href":"https:\/\/www.pzdw.bialystok.pl\/index.php?rest_route=\/"}],"wp:attachment":[{"href":"https:\/\/www.pzdw.bialystok.pl\/index.php?rest_route=%2Fwp%2Fv2%2Fmedia&parent=81"}],"curies":[{"name":"wp","href":"https:\/\/api.w.org\/{rel}","templated":true}]}}