{"id":6839,"date":"2022-09-05T13:26:30","date_gmt":"2022-09-05T11:26:30","guid":{"rendered":"https:\/\/www.pzdw.bialystok.pl\/?page_id=6839"},"modified":"2025-06-18T09:35:23","modified_gmt":"2025-06-18T08:35:23","slug":"klauzula-informacyjna-dotyczaca-przetwarzania-danych-osobowych-dla-obserwatorow-uzytkownikow-profilu-facebook-podlaskiego-zarzadu-drog-wojewodzkich-w-bialymstoku-oraz-messenger","status":"publish","type":"page","link":"https:\/\/www.pzdw.bialystok.pl\/?page_id=6839","title":{"rendered":"Klauzula informacyjna dotycz\u0105ca przetwarzania danych osobowych  dla obserwator\u00f3w\/u\u017cytkownik\u00f3w profilu Facebook Podlaskiego Zarz\u0105du Dr\u00f3g Wojew\u00f3dzkich w\u00a0Bia\u0142ymstoku oraz Messenger"},"content":{"rendered":"<div id=\"pl-6839\"  class=\"panel-layout\" ><div id=\"pg-6839-0\"  class=\"panel-grid panel-no-style\" ><div id=\"pgc-6839-0-0\"  class=\"panel-grid-cell\" ><div id=\"panel-6839-0-0-0\" class=\"so-panel widget widget_sow-editor panel-first-child panel-last-child\" data-index=\"0\" ><div\n\t\t\t\n\t\t\tclass=\"so-widget-sow-editor so-widget-sow-editor-base\"\n\t\t\t\n\t\t>\n<div class=\"siteorigin-widget-tinymce textwidget\">\n\t<p>Podlaski Zarz\u0105d Dr\u00f3g Wojew\u00f3dzkich w Bia\u0142ymstoku zgodnie z art. 13 ust. 1 i 2 rozporz\u0105dzenia Parlamentu Europejskiego i Rady (UE) 2016\/679 z dnia 27 kwietnia 2016 r. w sprawie ochrony os\u00f3b fizycznych w zwi\u0105zku z przetwarzaniem danych osobowych i w sprawie swobodnego przep\u0142ywu takich danych oraz uchylenia dyrektywy 95\/46\/WE (og\u00f3lne rozporz\u0105dzenie o ochronie danych) dalej jako RODO informuje:<br \/>\n1. Administratorem danych osobowych jest Podlaski Zarz\u0105d Dr\u00f3g Wojew\u00f3dzkich w Bia\u0142ymstoku, ul. Elewatorska 6, 15-620 Bia\u0142ystok, tel. (85) 67 67 130, e-mail: sekretariat@pzdw.podlaskie.eu reprezentuj\u0105cy Wojew\u00f3dztwo Podlaskie na podstawie art. 21 ust. 1 i 1a ustawy z dnia 21 marca 1985 r. o drogach publicznych oraz na mocy upowa\u017cnienia przyznanego uchwa\u0142\u0105 Nr VI\/18\/99 Sejmiku Wojew\u00f3dztwa Podlaskiego z dnia 25 lutego 1999 r. w sprawie utworzenia jednostki bud\u017cetowej \u2013 Podlaskiego Zarz\u0105du Dr\u00f3g Wojew\u00f3dzkich w Bia\u0142ymstoku.<br \/>\n2. W sprawach zwi\u0105zanych z przetwarzaniem danych osobowych mo\u017cna kontaktowa\u0107 si\u0119 z Inspektorem ochrony danych listownie, wysy\u0142aj\u0105c pismo na ww. adres lub adres e-mail<br \/>\niod@pzdw.podlaskie.eu<br \/>\n3. Przetwarzanie danych osobowych odbywa si\u0119 na podstawie prawnie uzasadnionego interesu Administratora (art. 6 ust. 1 lit f RODO) w celu;<br \/>\n1) administrowania i zarz\u0105dzania stron\u0105 Podlaskiego Zarz\u0105du Dr\u00f3g Wojew\u00f3dzkich w Bia\u0142ymstoku utworzon\u0105 na portalu Facebook, w tym tak\u017ce w celu udzielania odpowiedzi na zamieszczane przez u\u017cytkownik\u00f3w posty, komentarze i recenzje oraz nadzoru nad tre\u015bciami publikowanymi przez u\u017cytkownik\u00f3w;<br \/>\n2) udzielania odpowiedzi na zapytania kierowane do Podlaskiego Zarz\u0105du Dr\u00f3g Wojew\u00f3dzkich w Bia\u0142ymstoku poprzez komunikator Messenger;<br \/>\n3) dochodzenia i obrony roszcze\u0144, zapobieganie oszustwom i przest\u0119pstwom gospodarczym czy zapewnienie bezpiecze\u0144stwa \u015brodowiska teleinformatycznego.<br \/>\nUWAGA: Ponadto informujemy, \u017ce administrator portalu Facebook jako dostawca narz\u0119dzi zwi\u0105zanych z profilem oraz komunikatorem Messenger, jest podmiotem wsp\u00f3\u0142odpowiedzialnym za przetwarzanie danych os\u00f3b korzystaj\u0105cych ze strony lub komunikatora Messenger, kt\u00f3ry mo\u017ce przetwarza\u0107 ich dane we w\u0142asnych celach oparciu o inne podstawy prawne. Informacja o wsp\u00f3\u0142administrowaniu danych z Facebook Ireland Limited poni\u017cej.<br \/>\nW szczeg\u00f3lno\u015bci Facebook w oparciu o w\u0142asne postanowienia i regulaminy mo\u017ce gromadzi\u0107 i przetwarza\u0107 informacje zawarte w plikach cookies os\u00f3b odwiedzaj\u0105cych profil.<br \/>\nFacebook w oparciu o zebrane dane mo\u017ce tworzy\u0107 anonimowe zestawienia i statystyki (np. dotycz\u0105ce liczby odbiorc\u00f3w post\u00f3w profilu lub klikni\u0119\u0107 we wpis), kt\u00f3re mog\u0105 by\u0107 udost\u0119pniane PZDW w Bia\u0142ymstoku, jako prowadz\u0105cemu stron\u0119.<br \/>\n4. Dane osobowe w zakresie profilu na portalu Facebook, w tym informacje o osobach obserwuj\u0105cych stron\u0119, o polubieniach, a tak\u017ce tre\u015bci komentarzy, post\u00f3w i innych informacji dostarczanych przez u\u017cytkownik\u00f3w s\u0105 jawne.<br \/>\nPa\u0144stwa dane mo\u017cemy udost\u0119pnia\u0107 nast\u0119puj\u0105cym kategoriom podmiot\u00f3w:<br \/>\n1) podmiotom, z kt\u00f3rych korzystamy przy przetwarzaniu danych, w tym podmiotom \u015bwiadcz\u0105cym na rzecz Administratora us\u0142ugi, w tym us\u0142ugi techniczne, informatyczne i organizacyjne, us\u0142ugi prawne, bankowe, pocztowe, a tak\u017ce innym podmiotom\/ osobom\/organom w zakresie i na zasadach okre\u015blonych przepisami prawa;<br \/>\n2) w\u0142a\u015bcicielowi portalu spo\u0142eczno\u015bciowego Facebook na niepodlegaj\u0105cych zmianie zasadach dotycz\u0105cych danych okre\u015blonych przez Facebook dost\u0119pnych pod adresem https:\/\/www.facebook.com\/about\/privacy.<br \/>\n5. Dane osobowe:<br \/>\n1) b\u0119d\u0105 przetwarzane przez PZDW w Bia\u0142ymstoku przez okres niezb\u0119dny do realizacji wskazanych wy\u017cej cel\u00f3w przetwarzania, w szczeg\u00f3lno\u015bci przez okres w jakim osoba jest aktywnym u\u017cytkownikiem profilu lub do czasu zg\u0142oszenia przez ni\u0105 sprzeciwu wobec przetwarzania danych; Osoba w ka\u017cdej chwili mo\u017cesz zrezygnowa\u0107 z \u201eobserwowania\u201d lub \u201epolubienia\u201d strony PZDW w Bia\u0142ymstoku, mo\u017cesz tak\u017ce zg\u0142osi\u0107 sw\u00f3j sprzeciw wobec przetwarzania danych w tych celach.<br \/>\n2) zawarte w postach lub komentarzach mog\u0105 by\u0107 przetwarzane do momentu ich usuni\u0119cia. Usuni\u0119cia mo\u017ce dokona\u0107 u\u017cytkownik samodzielnie lub za po\u015brednictwem PZDW w Bia\u0142ymstoku po zg\u0142oszeniu stosownej pro\u015bby.<br \/>\nUWAGA: Niezale\u017cnie od przechowywania danych przez PZDW w Bia\u0142ymstoku, administrator portalu Facebook ma w\u0142asne okresy przechowywania danych.<br \/>\n6. Ka\u017cda osoba, kt\u00f3rej dane dotycz\u0105 posiada prawo dost\u0119pu do tre\u015bci swoich danych osobowych, prawo do ich sprostowania, prawo do wniesienia sprzeciwu wobec przetwarzania jej danych osobowych, a je\u015bli wskazuje na to przepis prawa oraz techniczne mo\u017cliwo\u015bci tak\u017ce prawo do usuni\u0119cia danych, prawo do ograniczenia ich przetwarzania, prawo do przenoszenia danych.<br \/>\nUWAGA: Niezale\u017cnie od kontaktu z PZDW w Bia\u0142ymstoku w sprawie realizacji praw, osoby mog\u0105 kontaktowa\u0107 si\u0119 z administratorem portalu Facebook.<br \/>\n8. Ka\u017cdej osobie, kt\u00f3rej dane dotycz\u0105 przys\u0142uguje prawo wniesienia skargi do Prezesa Urz\u0119du Ochrony Danych Osobowych je\u015bli jej zdaniem, przetwarzanie jej danych osobowych narusza RODO.<br \/>\n9. Podanie danych osobowych jest dobrowolne jednak niepodanie danych b\u0119dzie skutkowa\u0107 brakiem mo\u017cliwo\u015bci pozostawiania komentarzy, recenzji oraz reakcji.<br \/>\n10. Administrator nie b\u0119dzie podejmowa\u0142 wobec u\u017cytkownik\u00f3w decyzji w spos\u00f3b zautomatyzowany i nie b\u0119dzie dochodzi\u0142o do ich profilowania.<br \/>\n11. Dane osobowe nie s\u0105 przekazywane przez PZDW w Bia\u0142ymstoku poza teren Europejskiego Obszaru Gospodarczego, z zastrze\u017ceniem ponadnarodowego charakteru przep\u0142ywu danych w ramach serwisu Facebook. Serwis Facebook mo\u017ce przekazywa\u0107 Pa\u0144stwa dane poza teren Europejskiego Obszaru Gospodarczego. Informacje na ten temat mo\u017cna uzyska\u0107 na https:\/\/www.facebook.com\/policy.php.<\/p>\n<p>Informacja o wsp\u00f3\u0142administrowaniu danych z Facebook Ireland Limited<\/p>\n<p>1. Administrator i Facebook Ireland Limited (4 Grand Canal Square, Grand Canal Harbour, Dublin 2 Irlandia) s\u0105 wsp\u00f3lnymi administratorami Pani\/a danych zgodnie z artyku\u0142em 26 RODO w zakresie przetwarzania danych do cel\u00f3w statystycznych oraz reklamowych.<br \/>\n2. Wsp\u00f3\u0142administrowanie obejmuje zbiorcz\u0105 analiz\u0119 danych w celu wy\u015bwietlania statystyk aktywno\u015bci u\u017cytkownik\u00f3w profilu PZDW w Bia\u0142ymstoku.<br \/>\n3. Zakres odpowiedzialno\u015bci Facebook Ireland za przetwarzanie Pani\/a danych we wskazanych celach:<br \/>\n1) posiadanie podstawy prawnej dla przetwarzania danych na potrzeby statystyk strony;<br \/>\n2) zapewnienie realizacji praw os\u00f3b, kt\u00f3rych dane dotycz\u0105;<br \/>\n3) zg\u0142aszanie narusze\u0144 do organu nadzorczego oraz zawiadamianie, os\u00f3b kt\u00f3rych dotyczy\u0142o naruszenie o zdarzeniu;<br \/>\n4) zapewnienie odpowiednich \u015brodk\u00f3w technicznych i organizacyjnych w celu zapewnienia bezpiecze\u0144stwa Pani\/a danych.<br \/>\n4. Zakres odpowiedzialno\u015bci PZDW w Bia\u0142ymstoku za przetwarzanie Pani\/a danych:<br \/>\n1) posiadanie podstawy prawnej do przetwarzania danych na potrzeby statystyk;<br \/>\n2) zrealizowanie obowi\u0105zk\u00f3w informacyjnych w zakresie realizowanych przez Administratora cel\u00f3w przetwarzania.<br \/>\n5. Facebook Ireland udost\u0119pni zasadnicz\u0105 tre\u015b\u0107 za\u0142\u0105cznika dotycz\u0105cego statystyk strony osobom, kt\u00f3rych dotycz\u0105 dane (art. 26 ust. 2 RODO), za po\u015brednictwem danych zawartych w Informacjach o statystykach strony, do kt\u00f3rych dost\u0119p mo\u017cna uzyska\u0107 ze wszystkich stron.<br \/>\n6. G\u0142\u00f3wnym organem nadzorczym w zakresie wsp\u00f3lnego przetwarzania danych jest irlandzka Komisja ds. ochrony danych (niezale\u017cnie od zapis\u00f3w art. 55 ust. 2 RODO, w stosownych przypadkach).<br \/>\n7. Szczeg\u00f3\u0142owe informacje dotycz\u0105ce wzajemnych uzgodnie\u0144 pomi\u0119dzy administratorami s\u0105 dost\u0119pne na stronie: https:\/\/www.facebook.com\/legal\/terms\/page_controller_addendum<br \/>\nZasady przetwarzania Pani\/a danych osobowych przez Facebook Ireland s\u0105 dost\u0119pne na stronie: https:\/\/www.facebook.com\/privacy\/explanation.<\/p>\n<\/div>\n<\/div><\/div><\/div><\/div><\/div>","protected":false},"excerpt":{"rendered":"<p>&#46;&#46;&#46;<\/p>\n","protected":false},"author":5,"featured_media":0,"parent":0,"menu_order":0,"comment_status":"closed","ping_status":"closed","template":"","meta":{"footnotes":""},"class_list":["post-6839","page","type-page","status-publish","hentry"],"_links":{"self":[{"href":"https:\/\/www.pzdw.bialystok.pl\/index.php?rest_route=\/wp\/v2\/pages\/6839","targetHints":{"allow":["GET"]}}],"collection":[{"href":"https:\/\/www.pzdw.bialystok.pl\/index.php?rest_route=\/wp\/v2\/pages"}],"about":[{"href":"https:\/\/www.pzdw.bialystok.pl\/index.php?rest_route=\/wp\/v2\/types\/page"}],"author":[{"embeddable":true,"href":"https:\/\/www.pzdw.bialystok.pl\/index.php?rest_route=\/wp\/v2\/users\/5"}],"replies":[{"embeddable":true,"href":"https:\/\/www.pzdw.bialystok.pl\/index.php?rest_route=%2Fwp%2Fv2%2Fcomments&post=6839"}],"version-history":[{"count":1,"href":"https:\/\/www.pzdw.bialystok.pl\/index.php?rest_route=\/wp\/v2\/pages\/6839\/revisions"}],"predecessor-version":[{"id":11683,"href":"https:\/\/www.pzdw.bialystok.pl\/index.php?rest_route=\/wp\/v2\/pages\/6839\/revisions\/11683"}],"wp:attachment":[{"href":"https:\/\/www.pzdw.bialystok.pl\/index.php?rest_route=%2Fwp%2Fv2%2Fmedia&parent=6839"}],"curies":[{"name":"wp","href":"https:\/\/api.w.org\/{rel}","templated":true}]}}