{"id":624,"date":"2014-03-19T07:17:12","date_gmt":"2014-03-19T06:17:12","guid":{"rendered":"http:\/\/pzdw-b1-web1?page_id=624"},"modified":"2025-06-18T13:56:50","modified_gmt":"2025-06-18T12:56:50","slug":"pomiar-ruchu","status":"publish","type":"page","link":"https:\/\/www.pzdw.bialystok.pl\/?page_id=624","title":{"rendered":"Pomiary ruchu"},"content":{"rendered":"<h2>GENERALNY POMIAR RUCHU 2025<\/h2>\n<p>Generalny pomiar ruchu w 2025 r. na drogach wojew\u00f3dzkich prowadzony jest przez Podlaski Zarz\u0105d Dr\u00f3g Wojew\u00f3dzkich w Bia\u0142ymstoku z siedzib\u0105 przy ul. Elewatorskiej 6, 15-620 Bia\u0142ystok<br \/>\ntel. 85 67 67 130, sekretariat@pzdw.podlaskie.eu w celu realizacji zada\u0144 okre\u015blonych w art. 20, 20a i 20f ustawy z dnia 21 marca 1985 r. o drogach publicznych na mocy upowa\u017cnienia przyznanego uchwa\u0142\u0105 Nr VI\/18\/99 Sejmiku Wojew\u00f3dztwa Podlaskiego z dnia 25 lutego 1999 r. w sprawie utworzenia jednostki bud\u017cetowej \u2013 Podlaskiego Zarz\u0105du Dr\u00f3g Wojew\u00f3dzkich w Bia\u0142ymstoku.<\/p>\n<h3>Informacja dotycz\u0105ca przetwarzania danych osobowych przez Podlaski Zarz\u0105d Dr\u00f3g Wojew\u00f3dzkich w Bia\u0142ymstoku w zwi\u0105zku z prowadzeniem generalnego pomiaru ruchu na drogach wojew\u00f3dzkich metod\u0105 wideorejestracji<\/h3>\n<p>Podlaski Zarz\u0105du Dr\u00f3g Wojew\u00f3dzkich w Bia\u0142ymstoku dzia\u0142aj\u0105c jako Administrator danych zgodnie z art. 13 ust. 1 i 2 rozporz\u0105dzenia Parlamentu Europejskiego i Rady (UE) 2016\/679 z dnia 27 kwietnia 2016 r. w sprawie ochrony os\u00f3b fizycznych w zwi\u0105zku z przetwarzaniem danych osobowych i w sprawie swobodnego przep\u0142ywu takich danych oraz uchylenia dyrektywy 95\/46\/WE (og\u00f3lne rozporz\u0105dzenie o ochronie danych) dalej jako RODO informuje:<\/p>\n<ol>\n<li>Dane osobowe przetwarzane s\u0105 przez Podlaski Zarz\u0105d Dr\u00f3g Wojew\u00f3dzkich w Bia\u0142ymstoku (dalej jako: PZDW) z siedzib\u0105 przy ul. Elewatorskiej 6, 15-620 Bia\u0142ystok tel. 85 67 67 130, sekretariat@pzdw.podlaskie.eu<\/li>\n<li>W sprawach zwi\u0105zanych z przetwarzaniem danych osobowych mo\u017cna kontaktowa\u0107 si\u0119 z Inspektorem ochrony danych listownie wysy\u0142aj\u0105c pismo na ww. adres lub na adres<br \/>\ne-mail: iod@pzdw.podlaskie.eu.<\/li>\n<li>Przetwarzanie danych osobowych odbywa si\u0119 w zwi\u0105zku z realizacj\u0105 obowi\u0105zku prawnego ci\u0105\u017c\u0105cego na Administratorze (art. 6 ust. 1 lit. c RODO) oraz wykonywaniem przez Administratora zada\u0144 realizowanych w interesie publicznym lub sprawowania w\u0142adzy publicznej powierzonej Administratorowi (art. 6 ust. 1 lit. e RODO) w celu realizacji zada\u0144 okre\u015blonych w art. 20, 20a i 20f ustawy z dnia 21 marca 1985 r. o drogach publicznych na mocy upowa\u017cnienia przyznanego uchwa\u0142\u0105 Nr VI\/18\/99 Sejmiku Wojew\u00f3dztwa Podlaskiego z dnia 25 lutego 1999 r. w sprawie utworzenia jednostki bud\u017cetowej \u2013 Podlaskiego Zarz\u0105du Dr\u00f3g Wojew\u00f3dzkich w Bia\u0142ymstoku, kt\u00f3rego \u00a7 2 stanowi, \u017ce \u201ePodlaski Zarz\u0105d Dr\u00f3g Wojew\u00f3dzkich w Bia\u0142ymstoku jest zarz\u0105dem drogi dla dr\u00f3g wojew\u00f3dzkich, do kt\u00f3rego zada\u0144 nale\u017c\u0105 sprawy dotycz\u0105ce planowania, budowy, modernizacji, utrzymania i ochrony dr\u00f3g wojew\u00f3dzkich z wy\u0142\u0105czeniem dr\u00f3g wojew\u00f3dzkich w granicach miast na prawach powiatu\u201d.<\/li>\n<li>Dane osobowe mog\u0105 by\u0107 ujawnione upowa\u017cnionym przez Administratora pracownikom, podmiotom \u015bwiadcz\u0105cym na rzecz Administratora us\u0142ugi, w tym us\u0142ugi techniczne, informatyczne i organizacyjne, us\u0142ugi prawne, pocztowe oraz podmiotowi uczestnicz\u0105cemu przy pomiarach ruchu, a tak\u017ce innym podmiotom\/ osobom\/organom w zakresie i na zasadach okre\u015blonych przepisami prawa.<\/li>\n<li>Dane osobowe b\u0119d\u0105 usuwane niezw\u0142ocznie po stwierdzeniu, \u017ce na nagraniu mo\u017cna rozpozna\u0107 numery tablic rejestracyjnych pojazd\u00f3w lub wizerunek os\u00f3b.<\/li>\n<li>Ka\u017cda osoba, kt\u00f3rej dane dotycz\u0105 posiada prawo dost\u0119pu do tre\u015bci swoich danych osobowych oraz prawo do ich sprostowania, a je\u015bli wskazuje na to przepis prawa tak\u017ce prawo do usuni\u0119cia danych, prawo do ograniczenia ich przetwarzania, prawo do przenoszenia danych, prawo do wniesienia sprzeciwu wobec przetwarzania jej danych osobowych. Je\u017celi przetwarzanie odbywa si\u0119 na podstawie zgody osoba ma prawo do jej cofni\u0119cia w dowolnym momencie bez wp\u0142ywu na zgodno\u015b\u0107 z prawem przetwarzania, kt\u00f3rego dokonano na podstawie zgody przed jej cofni\u0119ciem.<\/li>\n<li>Ka\u017cdej osobie, kt\u00f3rej dane dotycz\u0105 przys\u0142uguje prawo wniesienia skargi do Prezesa Urz\u0119du Ochrony Danych Osobowych, je\u015bli jej zdaniem, przetwarzanie jej danych osobowych narusza RODO.<\/li>\n<li>Podanie danych osobowych jest obowi\u0105zkowe gdy jest wymogiem ustawowym\/ umownym\/warunkiem zawarcia umowy. Brak podania danych osobowych b\u0119dzie skutkowa\u0142 brakiem mo\u017cliwo\u015bci za\u0142atwienia sprawy. W sytuacji innej ni\u017c w zdaniu pierwszym podanie danych osobowych jest dobrowolne.<\/li>\n<li>Dane osobowe nie b\u0119d\u0105 przetwarzane w spos\u00f3b zautomatyzowany i nie b\u0119d\u0105 profilowane.<\/li>\n<\/ol>\n<p><a href=\"https:\/\/www.pzdw.bialystok.pl\/?p=11299\">Pomiar ruchu 2020\/2021<\/a><\/p>\n<p><a href=\"https:\/\/www.pzdw.bialystok.pl\/?p=11297\">Pomiar ruchu 2021<\/a><\/p>\n<p><a href=\"https:\/\/www.pzdw.bialystok.pl\/?p=11295\">Pomiar ruchu 2015<\/a><\/p>\n<p><a href=\"http:\/\/www.pzdw.bialystok.pl\/wp-content\/uploads\/2014\/02\/Pomiar ruchu2010.pdf\" target=\"_blank\" rel=\"noopener\">Pomiar ruchu 2010<\/a><\/p>\n","protected":false},"excerpt":{"rendered":"<p>&#46;&#46;&#46;<\/p>\n","protected":false},"author":1,"featured_media":4069,"parent":0,"menu_order":12,"comment_status":"closed","ping_status":"closed","template":"","meta":{"footnotes":""},"class_list":["post-624","page","type-page","status-publish","has-post-thumbnail","hentry"],"_links":{"self":[{"href":"https:\/\/www.pzdw.bialystok.pl\/index.php?rest_route=\/wp\/v2\/pages\/624","targetHints":{"allow":["GET"]}}],"collection":[{"href":"https:\/\/www.pzdw.bialystok.pl\/index.php?rest_route=\/wp\/v2\/pages"}],"about":[{"href":"https:\/\/www.pzdw.bialystok.pl\/index.php?rest_route=\/wp\/v2\/types\/page"}],"author":[{"embeddable":true,"href":"https:\/\/www.pzdw.bialystok.pl\/index.php?rest_route=\/wp\/v2\/users\/1"}],"replies":[{"embeddable":true,"href":"https:\/\/www.pzdw.bialystok.pl\/index.php?rest_route=%2Fwp%2Fv2%2Fcomments&post=624"}],"version-history":[{"count":6,"href":"https:\/\/www.pzdw.bialystok.pl\/index.php?rest_route=\/wp\/v2\/pages\/624\/revisions"}],"predecessor-version":[{"id":11705,"href":"https:\/\/www.pzdw.bialystok.pl\/index.php?rest_route=\/wp\/v2\/pages\/624\/revisions\/11705"}],"wp:featuredmedia":[{"embeddable":true,"href":"https:\/\/www.pzdw.bialystok.pl\/index.php?rest_route=\/"}],"wp:attachment":[{"href":"https:\/\/www.pzdw.bialystok.pl\/index.php?rest_route=%2Fwp%2Fv2%2Fmedia&parent=624"}],"curies":[{"name":"wp","href":"https:\/\/api.w.org\/{rel}","templated":true}]}}