{"id":6228,"date":"2021-05-20T08:13:57","date_gmt":"2021-05-20T06:13:57","guid":{"rendered":"http:\/\/www.pzdw.bialystok.pl\/?page_id=6228"},"modified":"2025-06-18T09:33:44","modified_gmt":"2025-06-18T08:33:44","slug":"informacja-dotyczaca-przetwarzania-danych-osobowych-przez-podlaski-zarzad-drog-wojewodzkich-w-bialymstoku","status":"publish","type":"page","link":"https:\/\/www.pzdw.bialystok.pl\/?page_id=6228","title":{"rendered":"Informacja dotycz\u0105ca przetwarzania danych osobowych przez Podlaski Zarz\u0105d Dr\u00f3g Wojew\u00f3dzkich w Bia\u0142ymstoku"},"content":{"rendered":"<div id=\"pl-6228\"  class=\"panel-layout\" ><div id=\"pg-6228-0\"  class=\"panel-grid panel-no-style\" ><div id=\"pgc-6228-0-0\"  class=\"panel-grid-cell\" ><div id=\"panel-6228-0-0-0\" class=\"so-panel widget widget_sow-editor panel-first-child panel-last-child\" data-index=\"0\" ><div\n\t\t\t\n\t\t\tclass=\"so-widget-sow-editor so-widget-sow-editor-base\"\n\t\t\t\n\t\t>\n<div class=\"siteorigin-widget-tinymce textwidget\">\n\t<p>Podlaski Zarz\u0105du Dr\u00f3g Wojew\u00f3dzkich w Bia\u0142ymstoku dzia\u0142aj\u0105c jako Administrator danych zgodnie z\u00a0art.\u00a013 ust. 1 i 2 rozporz\u0105dzenia Parlamentu Europejskiego i Rady (UE) 2016\/679 z\u00a0dnia 27 kwietnia 2016 r. w sprawie ochrony os\u00f3b fizycznych w zwi\u0105zku z przetwarzaniem danych osobowych i w sprawie swobodnego przep\u0142ywu takich danych oraz uchylenia dyrektywy 95\/46\/WE (og\u00f3lne rozporz\u0105dzenie o\u00a0ochronie danych) dalej jako RODO informuje:<\/p>\n<ol>\n<li>Dane osobowe przetwarzane s\u0105 przez Podlaski Zarz\u0105d Dr\u00f3g Wojew\u00f3dzkich w Bia\u0142ymstoku (dalej jako: PZDW) z siedzib\u0105 przy ul. Elewatorskiej 6, 15-620 Bia\u0142ystok tel. 85 67 67 130, e-mail: <a href=\"mailto:sekretariat@pzdw.podlaskie.eu\">sekretariat@pzdw.podlaskie.eu<\/a><\/li>\n<li>W sprawach zwi\u0105zanych z przetwarzaniem danych osobowych mo\u017cna kontaktowa\u0107 si\u0119 z\u00a0Inspektorem ochrony danych listownie wysy\u0142aj\u0105c pismo na ww. adres lub na adres<br \/>\ne-mail: <a href=\"mailto:iod@pzdw.podlaskie.eu\">iod@pzdw.podlaskie.eu<\/a><\/li>\n<li>Przetwarzanie danych osobowych odbywa si\u0119 w\u00a0zwi\u0105zku z\u00a0realizacj\u0105 obowi\u0105zku prawnego ci\u0105\u017c\u0105cego na Administratorze (art. 6 ust. 1 lit. c RODO) oraz wykonywaniem przez Administratora zada\u0144 realizowanych w\u00a0interesie publicznym\u00a0 lub sprawowania w\u0142adzy publicznej powierzonej Administratorowi (art. 6 ust. 1 lit. e RODO) w celu realizacji zada\u0144 okre\u015blonych w art. 20, 20a, 20aa i\u00a020f ustawy z dnia 21 marca 1985 r. o drogach publicznych na mocy upowa\u017cnienia przyznanego uchwa\u0142\u0105 Nr\u00a0VI\/18\/99 Sejmiku Wojew\u00f3dztwa Podlaskiego z dnia 25 lutego 1999 r. w sprawie utworzenia jednostki bud\u017cetowej \u2013 Podlaskiego Zarz\u0105du Dr\u00f3g Wojew\u00f3dzkich w\u00a0Bia\u0142ymstoku, kt\u00f3rego \u00a7 2 stanowi, \u017ce <em>\u201ePodlaski Zarz\u0105d Dr\u00f3g Wojew\u00f3dzkich w Bia\u0142ymstoku jest zarz\u0105dem drogi dla dr\u00f3g wojew\u00f3dzkich, do kt\u00f3rego zada\u0144 nale\u017c\u0105 sprawy dotycz\u0105ce planowania, budowy, modernizacji, utrzymania i ochrony dr\u00f3g wojew\u00f3dzkich z wy\u0142\u0105czeniem dr\u00f3g wojew\u00f3dzkich w\u00a0granicach miast na prawach powiatu\u201d<\/em>.<\/li>\n<li>Dane osobowe mog\u0105 by\u0107 ujawnione upowa\u017cnionym przez Administratora pracownikom, podmiotom \u015bwiadcz\u0105cym na rzecz Administratora us\u0142ugi, w tym us\u0142ugi techniczne, informatyczne i\u00a0organizacyjne, us\u0142ugi prawne, bankowe, pocztowe oraz kontrahentom i\u00a0podmiotom uczestnicz\u0105cym przy realizacji inwestycji, a tak\u017ce innym podmiotom\/ osobom\/organom w zakresie i na zasadach okre\u015blonych przepisami prawa.<\/li>\n<li>Dane osobowe b\u0119d\u0105 przechowywane przez okres wskazany w Jednolitym Rzeczowym Wykazie Akt.<\/li>\n<li>Ka\u017cda osoba, kt\u00f3rej dane dotycz\u0105 posiada prawo dost\u0119pu do tre\u015bci swoich danych osobowych oraz prawo do ich sprostowania, a je\u015bli wskazuje na to przepis prawa tak\u017ce prawo do usuni\u0119cia danych, prawo do ograniczenia ich przetwarzania, prawo do przenoszenia danych, prawo do wniesienia sprzeciwu wobec przetwarzania jej danych osobowych. Je\u017celi przetwarzanie odbywa si\u0119 na podstawie zgody osoba ma prawo do jej cofni\u0119cia w\u00a0dowolnym momencie bez wp\u0142ywu na zgodno\u015b\u0107 z prawem przetwarzania, kt\u00f3rego dokonano na podstawie zgody przed jej cofni\u0119ciem.<\/li>\n<li>Ka\u017cdej osobie, kt\u00f3rej dane dotycz\u0105 przys\u0142uguje prawo wniesienia skargi do Prezesa Urz\u0119du Ochrony Danych Osobowych je\u015bli jej zdaniem, przetwarzanie jej danych osobowych narusza RODO.<\/li>\n<li>Podanie danych osobowych jest obowi\u0105zkowe gdy jest wymogiem ustawowym\/ umownym\/warunkiem zawarcia umowy. Brak podania danych osobowych b\u0119dzie skutkowa\u0142 brakiem mo\u017cliwo\u015bci za\u0142atwienia sprawy. W sytuacji innej ni\u017c w zdaniu pierwszym podanie danych osobowych jest dobrowolne.<\/li>\n<li>Dane osobowe nie b\u0119d\u0105 przetwarzane w spos\u00f3b zautomatyzowany i nie b\u0119d\u0105 profilowane.<\/li>\n<\/ol>\n<p>&nbsp;<\/p>\n<\/div>\n<\/div><\/div><\/div><\/div><\/div>","protected":false},"excerpt":{"rendered":"<p>&#46;&#46;&#46;<\/p>\n","protected":false},"author":5,"featured_media":0,"parent":0,"menu_order":0,"comment_status":"closed","ping_status":"closed","template":"","meta":{"footnotes":""},"class_list":["post-6228","page","type-page","status-publish","hentry"],"_links":{"self":[{"href":"https:\/\/www.pzdw.bialystok.pl\/index.php?rest_route=\/wp\/v2\/pages\/6228","targetHints":{"allow":["GET"]}}],"collection":[{"href":"https:\/\/www.pzdw.bialystok.pl\/index.php?rest_route=\/wp\/v2\/pages"}],"about":[{"href":"https:\/\/www.pzdw.bialystok.pl\/index.php?rest_route=\/wp\/v2\/types\/page"}],"author":[{"embeddable":true,"href":"https:\/\/www.pzdw.bialystok.pl\/index.php?rest_route=\/wp\/v2\/users\/5"}],"replies":[{"embeddable":true,"href":"https:\/\/www.pzdw.bialystok.pl\/index.php?rest_route=%2Fwp%2Fv2%2Fcomments&post=6228"}],"version-history":[{"count":1,"href":"https:\/\/www.pzdw.bialystok.pl\/index.php?rest_route=\/wp\/v2\/pages\/6228\/revisions"}],"predecessor-version":[{"id":11681,"href":"https:\/\/www.pzdw.bialystok.pl\/index.php?rest_route=\/wp\/v2\/pages\/6228\/revisions\/11681"}],"wp:attachment":[{"href":"https:\/\/www.pzdw.bialystok.pl\/index.php?rest_route=%2Fwp%2Fv2%2Fmedia&parent=6228"}],"curies":[{"name":"wp","href":"https:\/\/api.w.org\/{rel}","templated":true}]}}