{"id":61,"date":"2014-02-11T09:18:07","date_gmt":"2014-02-11T08:18:07","guid":{"rendered":"http:\/\/pzdw-b1-web1?page_id=61"},"modified":"2025-06-18T09:31:10","modified_gmt":"2025-06-18T08:31:10","slug":"informacje-o-obsludze-osob-niepelnosprawnych","status":"publish","type":"page","link":"https:\/\/www.pzdw.bialystok.pl\/?page_id=61","title":{"rendered":"Obs\u0142uga os\u00f3b niepe\u0142nosprawnych"},"content":{"rendered":"<p>Dyrektor Podlaskiego Zarz\u0105du Dr\u00f3g Wojew\u00f3dzkich w Bia\u0142ymstoku zgodnie z art. 9 ustawy z dnia 19 sierpnia 2011 r. o j\u0119zyku migowym i innych \u015brodkach komunikowania si\u0119 informuje osoby uprawnione, tj. osoby do\u015bwiadczaj\u0105ce trwale lub okresowo trudno\u015bci w komunikowaniu si\u0119 o mo\u017cliwo\u015bci za\u0142atwienia sprawy w Podlaskim Zarz\u0105dzie Dr\u00f3g Wojew\u00f3dzkich w Bia\u0142ymstoku (dalej: PZDW w Bia\u0142ymstoku) w nast\u0119puj\u0105cy spos\u00f3b:<\/p>\n<ul style=\"list-style-type: square;\">\n<li>przy pomocy osoby przybranej,\u00a0 Osob\u0105 przybran\u0105 zgodnie z ww. ustaw\u0105 jest osoba, kt\u00f3ra uko\u0144czy\u0142a 16 lat i zosta\u0142a wybrana przez osob\u0119 uprawnion\u0105 w celu u\u0142atwienia porozumienia z osoba uprawnion\u0105 i udzielenia jej pomocy w za\u0142atwieniu sprawy w organach administracji publicznej, jednostkach systemu, podmiotach leczniczych, jednostkach Policji, Pa\u0144stwowej Stra\u017cy Po\u017carnej i stra\u017cy gminnych oraz jednostkach ochotniczych dzia\u0142aj\u0105cych w tych obszarach. Od osoby przybranej nie mo\u017cna wymaga\u0107 przedstawienia dokument\u00f3w potwierdzaj\u0105cych znajomo\u015b\u0107 PJM, SJM lub SKOGN.<\/li>\n<li>przy pomocy \u015brodk\u00f3w wspieraj\u0105cych komunikowanie si\u0119 takich jak:<\/li>\n<\/ul>\n<blockquote>\n<ul style=\"list-style-type: square;\">\n<li style=\"text-align: left;\">poczta elektroniczna sekretariat@pzdw.podlaskie.eu,<\/li>\n<li style=\"text-align: left;\">telefon (za po\u015brednictwem osoby przybranej) <em>(85) 67 67 130<\/em><\/li>\n<li style=\"text-align: left;\">poczta tradycyjna: <em>Podlaski Zarz\u0105d Dr\u00f3g Wojew\u00f3dzkich w Bia\u0142ymstoku\u00a0 ul. Elewatorska 6\u00a0 15-620 Bia\u0142ystok<\/em><\/li>\n<\/ul>\n<\/blockquote>\n<ul style=\"list-style-type: square;\">\n<li>przy pomocy t\u0142umacza j\u0119zyka migowego (PJM, SJM, SKOGN)<\/li>\n<\/ul>\n<p>W celu uzyskania pomocy t\u0142umacza osoba uprawniona jest zobowi\u0105zana zg\u0142osi\u0107 ch\u0119\u0107 skorzystania ze \u015bwiadczenia ze wskazaniem wybranej metody komunikowania si\u0119, co najmniej na 3 dni robocze przed tym zdarzeniem, z wy\u0142\u0105czeniem sytuacji nag\u0142ych.<\/p>\n<p>Zg\u0142oszenie mo\u017cna przekaza\u0107 do PZDW w Bia\u0142ymstoku w dowolnej formie np. pisemnie, za pomoc\u0105 maila, telefonicznie za po\u015brednictwem osoby przybranej itp.<\/p>\n<p>\u015awiadczenie jest bezp\u0142atne dla osoby uprawnionej, b\u0119d\u0105cej osob\u0105 niepe\u0142nosprawn\u0105 w rozumieniu ustawy z dnia 27 sierpnia 1997 r. o rehabilitacji zawodowej i spo\u0142ecznej oraz zatrudnianiu os\u00f3b niepe\u0142nosprawnych.<\/p>\n","protected":false},"excerpt":{"rendered":"<p>&#46;&#46;&#46;<\/p>\n","protected":false},"author":1,"featured_media":0,"parent":0,"menu_order":19,"comment_status":"closed","ping_status":"closed","template":"","meta":{"footnotes":""},"class_list":["post-61","page","type-page","status-publish","hentry"],"_links":{"self":[{"href":"https:\/\/www.pzdw.bialystok.pl\/index.php?rest_route=\/wp\/v2\/pages\/61","targetHints":{"allow":["GET"]}}],"collection":[{"href":"https:\/\/www.pzdw.bialystok.pl\/index.php?rest_route=\/wp\/v2\/pages"}],"about":[{"href":"https:\/\/www.pzdw.bialystok.pl\/index.php?rest_route=\/wp\/v2\/types\/page"}],"author":[{"embeddable":true,"href":"https:\/\/www.pzdw.bialystok.pl\/index.php?rest_route=\/wp\/v2\/users\/1"}],"replies":[{"embeddable":true,"href":"https:\/\/www.pzdw.bialystok.pl\/index.php?rest_route=%2Fwp%2Fv2%2Fcomments&post=61"}],"version-history":[{"count":2,"href":"https:\/\/www.pzdw.bialystok.pl\/index.php?rest_route=\/wp\/v2\/pages\/61\/revisions"}],"predecessor-version":[{"id":11679,"href":"https:\/\/www.pzdw.bialystok.pl\/index.php?rest_route=\/wp\/v2\/pages\/61\/revisions\/11679"}],"wp:attachment":[{"href":"https:\/\/www.pzdw.bialystok.pl\/index.php?rest_route=%2Fwp%2Fv2%2Fmedia&parent=61"}],"curies":[{"name":"wp","href":"https:\/\/api.w.org\/{rel}","templated":true}]}}