{"id":5944,"date":"2020-11-06T12:43:45","date_gmt":"2020-11-06T11:43:45","guid":{"rendered":"http:\/\/www.pzdw.bialystok.pl\/?page_id=5944"},"modified":"2023-02-03T14:06:16","modified_gmt":"2023-02-03T13:06:16","slug":"opiniowanie-projektow-organizacji-ruchu-w-zakresie-drog-wojewodzkich-bedacych-w-zarzadzie-pzdw-w-bialymstoku","status":"publish","type":"page","link":"https:\/\/www.pzdw.bialystok.pl\/?page_id=5944","title":{"rendered":"Opiniowanie projekt\u00f3w organizacji ruchu w zakresie dr\u00f3g wojew\u00f3dzkich b\u0119d\u0105cych w zarz\u0105dzie PZDW w Bia\u0142ymstoku"},"content":{"rendered":"<p>W celu uzyskania opinii nale\u017cy z\u0142o\u017cy\u0107 wymagane dokumenty w oparciu o przepisy Rozporz\u0105dzenia Ministra Infrastruktury z dnia 23 wrze\u015bnia 2003 r. w sprawie szczeg\u00f3\u0142owych warunk\u00f3w zarz\u0105dzania ruchem na drogach oraz wykonywania nadzoru nad tym zarz\u0105dzaniem. (t.j. Dz. U. z 2017 r., poz. 784).<\/p>\n<h3>1. Wymagane dokumenty<\/h3>\n<ol>\n<li>Wniosek o zaopiniowanie projektu organizacji ruchu (<a href=\"https:\/\/www.pzdw.bialystok.pl\/wp-content\/uploads\/2020\/11\/Wniosek-o-zaopiniowanie-projektu-organizacji-ruchu-1.docx\">za\u0142\u0105cznik nr 1<\/a>)<\/li>\n<li>Projekt organizacji ruchu<\/li>\n<\/ol>\n<h4>Projekt sta\u0142ej\/czasowej organizacji ruchu powinien zawiera\u0107:<\/h4>\n<ul>\n<li>plan orientacyjny w skali od 1:10\u00a0000 do 1:25\u00a0000 z zaznaczeniem drogi lub dr\u00f3g, kt\u00f3rych projekt dotyczy;<\/li>\n<li>plan sytuacyjny w skali 1:500 lub 1:1\u00a0000 (w uzasadnionych przypadkach organ zarz\u0105dzaj\u0105cy ruchem mo\u017ce dopu\u015bci\u0107 skal\u0119 1:2\u00a0000 lub szkic bez skali) zawieraj\u0105cy:<\/li>\n<li>lokalizacj\u0119 istniej\u0105cych, projektowanych oraz usuwanych znak\u00f3w drogowych, urz\u0105dze\u0144 sygnalizacyjnych i\u00a0urz\u0105dze\u0144 bezpiecze\u0144stwa ruchu; dla projekt\u00f3w zmian sta\u0142ej organizacji ruchu dopuszcza si\u0119 zaznaczenie lokalizacji tylko znak\u00f3w i urz\u0105dze\u0144 dla nowej organizacji ruchu;<\/li>\n<li>parametry geometrii drogi;<\/li>\n<li>program sygnalizacji i obliczenia przepustowo\u015bci drogi &#8211; w przypadku projektu zawieraj\u0105cego sygnalizacj\u0119 \u015bwietln\u0105;<\/li>\n<li>zasady dokonywania zmian oraz spos\u00f3b ich rejestracji &#8211; w przypadku projektu zawieraj\u0105cego znaki \u015bwietlne lub znaki o zmiennej tre\u015bci oraz w przypadku projektu dotycz\u0105cego zmiennej organizacji ruchu lub zawieraj\u0105cego inne zmienne element\u00f3w maj\u0105ce wp\u0142yw na ruch drogowy;<\/li>\n<li>opis techniczny zawieraj\u0105cy charakterystyk\u0119 drogi i ruchu na drodze, a w przypadku organizacji ruchu zwi\u0105zanej z robotami prowadzonymi w pasie drogowym &#8211; opis wyst\u0119puj\u0105cych zagro\u017ce\u0144 lub utrudnie\u0144; przy robotach prowadzonych w dw\u00f3ch lub wi\u0119cej etapach opis powinien zawiera\u0107 zakres planowanych rob\u00f3t dla ka\u017cdego etapu i stan pasa drogowego po zrealizowaniu etapu rob\u00f3t;<\/li>\n<li>przewidywany termin wprowadzenia czasowej organizacji ruchu oraz termin wprowadzenia nowej sta\u0142ej organizacji ruchu lub przywr\u00f3cenia poprzedniej sta\u0142ej organizacji ruchu \u2013\u00a0w\u00a0przypadku projektu dotycz\u0105cego wykonywania rob\u00f3t na drodze;<\/li>\n<li>nazwisko i podpis projektanta.<\/li>\n<\/ul>\n<h4>Projekt uproszczony powinien zawiera\u0107:<\/h4>\n<ul>\n<li>opis techniczny zawieraj\u0105cy charakterystyk\u0119 rob\u00f3t;<\/li>\n<li>powtarzalny schemat umieszczenia na drodze znak\u00f3w drogowych i urz\u0105dze\u0144 bezpiecze\u0144stwa ruchu drogowego;<\/li>\n<li>spos\u00f3b rozmieszczenia i oznakowania pojazd\u00f3w zabezpieczaj\u0105cych lub wykonuj\u0105cych roboty lub czynno\u015bci wykonywane na drodze; w szczeg\u00f3lno\u015bci dotyczy to rob\u00f3t lub czynno\u015bci przesuwaj\u0105cych si\u0119 wzd\u0142u\u017c drogi.<\/li>\n<\/ul>\n<h3>2. Spos\u00f3b i miejsce sk\u0142adania dokument\u00f3w<\/h3>\n<p>Projekty organizacji ruchu nale\u017cy sk\u0142ada\u0107 w Podlaskim Zarz\u0105dzie Dr\u00f3g Wojew\u00f3dzkich ul. Elewatorska 6, 15-620 Bia\u0142ystok.<\/p>\n<h3>3. Termin rozpatrzenia wniosku<\/h3>\n<p>Termin zale\u017cny jest od ilo\u015bci wniosk\u00f3w oczekuj\u0105cych w danym momencie na rozpatrzenie przez PZDW w\u00a0Bia\u0142ymstoku.<\/p>\n<h3>4. Uwagi<\/h3>\n<p>W celu zatwierdzenia projektu sta\u0142ej organizacji ruchu do organu zarz\u0105dzaj\u0105cego ruchem nale\u017cy z\u0142o\u017cy\u0107 niezb\u0119dn\u0105 ilo\u015b\u0107 egzemplarzy projektu z uwzgl\u0119dnieniem dodatkowego egzemplarza, kt\u00f3ry zostanie przekazy przez organ zarz\u0105dzaj\u0105cy ruchem zarz\u0105dowi drogi do cel\u00f3w utrzymaniowych.<\/p>\n","protected":false},"excerpt":{"rendered":"<p>&#46;&#46;&#46;<\/p>\n","protected":false},"author":2,"featured_media":0,"parent":0,"menu_order":0,"comment_status":"closed","ping_status":"closed","template":"","meta":{"footnotes":""},"class_list":["post-5944","page","type-page","status-publish","hentry"],"_links":{"self":[{"href":"https:\/\/www.pzdw.bialystok.pl\/index.php?rest_route=\/wp\/v2\/pages\/5944","targetHints":{"allow":["GET"]}}],"collection":[{"href":"https:\/\/www.pzdw.bialystok.pl\/index.php?rest_route=\/wp\/v2\/pages"}],"about":[{"href":"https:\/\/www.pzdw.bialystok.pl\/index.php?rest_route=\/wp\/v2\/types\/page"}],"author":[{"embeddable":true,"href":"https:\/\/www.pzdw.bialystok.pl\/index.php?rest_route=\/wp\/v2\/users\/2"}],"replies":[{"embeddable":true,"href":"https:\/\/www.pzdw.bialystok.pl\/index.php?rest_route=%2Fwp%2Fv2%2Fcomments&post=5944"}],"version-history":[{"count":0,"href":"https:\/\/www.pzdw.bialystok.pl\/index.php?rest_route=\/wp\/v2\/pages\/5944\/revisions"}],"wp:attachment":[{"href":"https:\/\/www.pzdw.bialystok.pl\/index.php?rest_route=%2Fwp%2Fv2%2Fmedia&parent=5944"}],"curies":[{"name":"wp","href":"https:\/\/api.w.org\/{rel}","templated":true}]}}