{"id":5158,"date":"2019-03-15T13:51:15","date_gmt":"2019-03-15T12:51:15","guid":{"rendered":"http:\/\/10.1.68.91\/?page_id=5158"},"modified":"2026-03-10T14:23:51","modified_gmt":"2026-03-10T13:23:51","slug":"wnioski-do-pobrania-dokumenty","status":"publish","type":"page","link":"https:\/\/www.pzdw.bialystok.pl\/?page_id=5158","title":{"rendered":"Wnioski"},"content":{"rendered":"<div id=\"pl-5158\"  class=\"panel-layout\" ><div id=\"pg-5158-0\"  class=\"panel-grid panel-no-style\" ><div id=\"pgc-5158-0-0\"  class=\"panel-grid-cell\" ><div id=\"panel-5158-0-0-0\" class=\"so-panel widget widget_text panel-first-child panel-last-child\" data-index=\"0\" >\t\t\t<div class=\"textwidget\"><p style=\"color: red;\">Podlaski Zarz\u0105d Dr\u00f3g Wojew\u00f3dzkich w Bia\u0142ymstoku informuje, i\u017c  z dniem 11 marca 2026r. wznawia proces wydawania decyzji na prowadzenie rob\u00f3t w pasie drogowym dr\u00f3g wojew\u00f3dzkich.<\/p>\n<p><strong>Wnioski w Podlaskim Zarz\u0105dzie Dr\u00f3g Wojew\u00f3dzkich mo\u017cna z\u0142o\u017cy\u0107 za po\u015brednictwem <a href=\"https:\/\/euslugi.pzdw.bialystok.pl\/home\" target=\"_blank\" rel=\"noopener\">eUs\u0142ug<\/a>.<\/strong><\/p>\n<\/div>\n\t\t<\/div><\/div><\/div><div id=\"pg-5158-1\"  class=\"panel-grid panel-no-style\" ><div id=\"pgc-5158-1-0\"  class=\"panel-grid-cell\" ><div id=\"panel-5158-1-0-0\" class=\"so-panel widget widget_text panel-first-child panel-last-child\" data-index=\"1\" >\t\t\t<div class=\"textwidget\"><p style=\"font-size: 20px; text-align: center; font-weight: 900; color:#00000;\">Wype\u0142niam wniosek:<\/p>\n<\/div>\n\t\t<\/div><\/div><\/div><div id=\"pg-5158-2\"  class=\"panel-grid panel-no-style\" ><div id=\"pgc-5158-2-0\"  class=\"panel-grid-cell\" ><div id=\"panel-5158-2-0-0\" class=\"so-panel widget widget_sow-image panel-first-child panel-last-child\" data-index=\"2\" ><div class=\"panel-widget-style panel-widget-style-for-5158-2-0-0\" ><div\n\t\t\t\n\t\t\tclass=\"so-widget-sow-image so-widget-sow-image-default-c67d20f9f743-5158\"\n\t\t\t\n\t\t>\n<div class=\"sow-image-container\">\n\t\t\t<a href=\"https:\/\/euslugi.pzdw.bialystok.pl\/home\/uslugi\/Obywatel\"\n\t\t\ttarget=\"_blank\" rel=\"noopener noreferrer\" \t\t>\n\t\t\t<img \n\tsrc=\"https:\/\/www.pzdw.bialystok.pl\/wp-content\/uploads\/2023\/02\/ikonka1.jpg\" width=\"178\" height=\"159\" sizes=\"(max-width: 178px) 100vw, 178px\" alt=\"\" \t\tclass=\"so-widget-image\"\/>\n\t\t\t<\/a><\/div>\n\n<\/div><\/div><\/div><\/div><div id=\"pgc-5158-2-1\"  class=\"panel-grid-cell\" ><div id=\"panel-5158-2-1-0\" class=\"so-panel widget widget_sow-image panel-first-child panel-last-child\" data-index=\"3\" ><div\n\t\t\t\n\t\t\tclass=\"so-widget-sow-image so-widget-sow-image-default-c67d20f9f743-5158\"\n\t\t\t\n\t\t>\n<div class=\"sow-image-container\">\n\t\t\t<a href=\"https:\/\/euslugi.pzdw.bialystok.pl\/home\/uslugi\/Biznes\"\n\t\t\ttarget=\"_blank\" rel=\"noopener noreferrer\" \t\t>\n\t\t\t<img \n\tsrc=\"https:\/\/www.pzdw.bialystok.pl\/wp-content\/uploads\/2023\/02\/ikonka2.jpg\" width=\"178\" height=\"159\" sizes=\"(max-width: 178px) 100vw, 178px\" alt=\"\" \t\tclass=\"so-widget-image\"\/>\n\t\t\t<\/a><\/div>\n\n<\/div><\/div><\/div><div id=\"pgc-5158-2-2\"  class=\"panel-grid-cell\" ><div id=\"panel-5158-2-2-0\" class=\"so-panel widget widget_sow-image panel-first-child panel-last-child\" data-index=\"4\" ><div\n\t\t\t\n\t\t\tclass=\"so-widget-sow-image so-widget-sow-image-default-c67d20f9f743-5158\"\n\t\t\t\n\t\t>\n<div class=\"sow-image-container\">\n\t\t\t<a href=\"https:\/\/euslugi.pzdw.bialystok.pl\/home\/uslugi\/Administracja\"\n\t\t\ttarget=\"_blank\" rel=\"noopener noreferrer\" \t\t>\n\t\t\t<img \n\tsrc=\"https:\/\/www.pzdw.bialystok.pl\/wp-content\/uploads\/2023\/02\/ikonka3.jpg\" width=\"178\" height=\"159\" sizes=\"(max-width: 178px) 100vw, 178px\" alt=\"\" \t\tclass=\"so-widget-image\"\/>\n\t\t\t<\/a><\/div>\n\n<\/div><\/div><\/div><\/div><div id=\"pg-5158-3\"  class=\"panel-grid panel-no-style\" ><div id=\"pgc-5158-3-0\"  class=\"panel-grid-cell\" ><div id=\"panel-5158-3-0-0\" class=\"so-panel widget widget_text panel-first-child panel-last-child\" data-index=\"5\" >\t\t\t<div class=\"textwidget\"><p style=\"text-align:justify;\">W ramach Projektu: &#8222;Elektroniczne us\u0142ugi publiczne Podlaskiego Zarz\u0105du Dr\u00f3g Wojew\u00f3dzkich w Bia\u0142ymstoku&#8221; zbudowana zosta\u0142a elektroniczna platforma wraz z katalogiem e-us\u0142ug u\u0142atwiaj\u0105cych i usprawniaj\u0105cych komunikacj\u0119 elektroniczn\u0105 Podlaskiego Zarz\u0105du Dr\u00f3g Wojew\u00f3dzkich z podmiotami zewn\u0119trznymi &#8211; obywatelami, przedsi\u0119biorcami oraz innymi jednostkami administracji publicznej.<\/p>\n<p>G\u0142\u00f3wny cel realizacji przedmiotowego projektu to zwi\u0119kszenie poziomu korzystania przez obywateli, biznes i administracj\u0119 z us\u0142ug publicznych \u015bwiadczonych drog\u0105 elektroniczn\u0105, poprzez utworzenie platformy e-us\u0142ug publicznych w Podlaskim Zarz\u0105dzie Dr\u00f3g Wojew\u00f3dzkich w Bia\u0142ymstoku.<\/p>\n<\/div>\n\t\t<\/div><\/div><\/div><div id=\"pg-5158-4\"  class=\"panel-grid panel-has-style\" ><div id=\"rozwijanie\" class=\"panel-row-style panel-row-style-for-5158-4\" ><div id=\"pgc-5158-4-0\"  class=\"panel-grid-cell\" ><div id=\"panel-5158-4-0-0\" class=\"so-panel widget widget_sow-editor panel-first-child panel-last-child\" data-index=\"6\" ><div\n\t\t\t\n\t\t\tclass=\"so-widget-sow-editor so-widget-sow-editor-base\"\n\t\t\t\n\t\t>\n<div class=\"siteorigin-widget-tinymce textwidget\">\n\t<style type=\"text\/css\"><\/style><section id='' \n                class='helpie-faq accordions groupSettings-22__enabled' \n                data-collection='' \n                data-pagination='0' \n                data-search='0' \n                data-pagination-enabled='0'\n                role='region'\n                aria-label='FAQ Section'\n                aria-live='polite'><article class=\"accordion \"><div class='helpie-faq-row'><div class='helpie-faq-col helpie-faq-col-12' ><ul><li class=\"accordion__item \"><div class=\"accordion__header \" \r\n                id=\"accordion-header-post-9807\"\r\n                role=\"button\"\r\n                aria-expanded=\"false\"\r\n                aria-controls=\"accordion-content-post-9807\"\r\n                data-id=\"post-9807\" \r\n                data-item=\"\" \r\n                style=\"background:transparent;\" \r\n                data-tags=\"\"\r\n                tabindex=\"0\"><div class=\"accordion__title\">Linki do wzor\u00f3w dokument\u00f3w:<\/div><\/div><div id=\"accordion-content-post-9807\" \r\n                class=\"accordion__body\" \r\n                role=\"region\"\r\n                aria-labelledby=\"accordion-header-post-9807\"\r\n                style=\"background:transparent;\"><p><img decoding=\"async\" class=\"alignnone wp-image-5069\" src=\"https:\/\/www.pzdw.bialystok.pl\/wp-content\/uploads\/2019\/03\/Dokument_ikonka_PZDW.png\" alt=\"\" width=\"24\" height=\"24\" \/><a href=\"https:\/\/www.pzdw.bialystok.pl\/wp-content\/uploads\/2025\/06\/wniosek-zjazd.pdf\"> Wz\u00f3r wniosku na lokalizacj\u0119 \/ przebudow\u0119 zjazdu (.pdf, 270 KB)<\/a><\/p>\n<p><a href=\"https:\/\/www.pzdw.bialystok.pl\/wp-content\/uploads\/2025\/06\/wniosek-lokalizacja-urzadzen-obcych.pdf\"><img decoding=\"async\" class=\"alignnone wp-image-5069\" src=\"https:\/\/www.pzdw.bialystok.pl\/wp-content\/uploads\/2019\/03\/Dokument_ikonka_PZDW.png\" alt=\"\" width=\"24\" height=\"24\" \/> Wz\u00f3r wniosku na lokalizacj\u0119 urz\u0105dze\u0144 obcych (.pdf, 664 KB)<\/a><\/p>\n<p><img decoding=\"async\" class=\"alignnone wp-image-5069\" src=\"https:\/\/www.pzdw.bialystok.pl\/wp-content\/uploads\/2019\/03\/Dokument_ikonka_PZDW.png\" alt=\"\" width=\"24\" height=\"24\" \/> <a href=\"https:\/\/www.pzdw.bialystok.pl\/wp-content\/uploads\/2025\/06\/wniosek-roboty.pdf\">Wz\u00f3r wniosku na prowadzenie rob\u00f3t i umieszczenie urz\u0105dze\u0144 (na zaj\u0119cie pasa drogowego) (.pdf, 286 KB)<\/a><\/p>\n<p><img decoding=\"async\" class=\"alignnone wp-image-5069\" src=\"https:\/\/www.pzdw.bialystok.pl\/wp-content\/uploads\/2019\/03\/Dokument_ikonka_PZDW.png\" alt=\"\" width=\"24\" height=\"24\" \/> <a href=\"https:\/\/www.pzdw.bialystok.pl\/wp-content\/uploads\/2025\/06\/wniosek-reklama.pdf\">Wz\u00f3r wniosku o wydanie decyzji administracyjnej zezwalaj\u0105cej na lokalizacj\u0119 reklamy lub umieszczenie reklamy w pasie drogowym (.pdf, 245 KB)<\/a><\/p>\n<p><img decoding=\"async\" class=\"alignnone wp-image-5069\" src=\"https:\/\/www.pzdw.bialystok.pl\/wp-content\/uploads\/2019\/03\/Dokument_ikonka_PZDW.png\" alt=\"\" width=\"24\" height=\"24\" \/><a href=\"https:\/\/www.pzdw.bialystok.pl\/wp-content\/uploads\/2025\/06\/wniosek-obiekt-hand.pdf\"> Wz\u00f3r wniosku o wydane decyzji administracyjnej zezwalaj\u0105cej na umieszczenie obiektu handlowo-us\u0142ugowego w pasie drogowym (.pdf, 285 KB)<\/a><\/p>\n<p><img decoding=\"async\" class=\"alignnone wp-image-5069\" src=\"https:\/\/www.pzdw.bialystok.pl\/wp-content\/uploads\/2019\/03\/Dokument_ikonka_PZDW.png\" alt=\"\" width=\"24\" height=\"24\" \/> <a href=\"https:\/\/www.pzdw.bialystok.pl\/wp-content\/uploads\/2025\/06\/wniosk-o-udostepnienie-kanalu-technologicznego.pdf\">Wz\u00f3r wniosku o udost\u0119pnienie kana\u0142u technologicznego (.pdf, 414 KB)<\/a><\/p>\n<p><img decoding=\"async\" class=\"alignnone wp-image-5069\" src=\"https:\/\/www.pzdw.bialystok.pl\/wp-content\/uploads\/2019\/03\/Dokument_ikonka_PZDW.png\" alt=\"\" width=\"24\" height=\"24\" \/> <a href=\"https:\/\/www.pzdw.bialystok.pl\/wp-content\/uploads\/2019\/03\/Oswiadczenie.pdf\">O\u015bwiadczenie o ilo\u015bci zatrudnianych os\u00f3b (.pdf, 526 KB)<\/a><\/p>\n<p>Nale\u017cy pami\u0119ta\u0107, \u017ce ka\u017cdy wniosek wys\u0142any do Podlaskiego Zarz\u0105du Dr\u00f3g Wojew\u00f3dzkich powinien by\u0107 podpisany odr\u0119cznie lub elektronicznie.<\/p>\n<\/div><\/li><\/ul><\/div><\/div><\/article><\/section>\n<\/div>\n<\/div><\/div><\/div><\/div><\/div><\/div>","protected":false},"excerpt":{"rendered":"<p>&#46;&#46;&#46;<\/p>\n","protected":false},"author":5,"featured_media":0,"parent":0,"menu_order":0,"comment_status":"closed","ping_status":"closed","template":"","meta":{"footnotes":""},"class_list":["post-5158","page","type-page","status-publish","hentry"],"_links":{"self":[{"href":"https:\/\/www.pzdw.bialystok.pl\/index.php?rest_route=\/wp\/v2\/pages\/5158","targetHints":{"allow":["GET"]}}],"collection":[{"href":"https:\/\/www.pzdw.bialystok.pl\/index.php?rest_route=\/wp\/v2\/pages"}],"about":[{"href":"https:\/\/www.pzdw.bialystok.pl\/index.php?rest_route=\/wp\/v2\/types\/page"}],"author":[{"embeddable":true,"href":"https:\/\/www.pzdw.bialystok.pl\/index.php?rest_route=\/wp\/v2\/users\/5"}],"replies":[{"embeddable":true,"href":"https:\/\/www.pzdw.bialystok.pl\/index.php?rest_route=%2Fwp%2Fv2%2Fcomments&post=5158"}],"version-history":[{"count":6,"href":"https:\/\/www.pzdw.bialystok.pl\/index.php?rest_route=\/wp\/v2\/pages\/5158\/revisions"}],"predecessor-version":[{"id":12173,"href":"https:\/\/www.pzdw.bialystok.pl\/index.php?rest_route=\/wp\/v2\/pages\/5158\/revisions\/12173"}],"wp:attachment":[{"href":"https:\/\/www.pzdw.bialystok.pl\/index.php?rest_route=%2Fwp%2Fv2%2Fmedia&parent=5158"}],"curies":[{"name":"wp","href":"https:\/\/api.w.org\/{rel}","templated":true}]}}