{"id":5088,"date":"2019-03-15T11:28:27","date_gmt":"2019-03-15T10:28:27","guid":{"rendered":"http:\/\/10.1.68.91\/?page_id=5088"},"modified":"2026-04-14T08:36:58","modified_gmt":"2026-04-14T07:36:58","slug":"wnioski-procedury","status":"publish","type":"page","link":"https:\/\/www.pzdw.bialystok.pl\/?page_id=5088","title":{"rendered":"WNIOSKI"},"content":{"rendered":"<div id=\"pl-5088\"  class=\"panel-layout\" >\n<div id=\"pg-5088-0\"  class=\"panel-grid panel-no-style\"  data-style=\"{&quot;background_image_attachment&quot;:false,&quot;background_display&quot;:&quot;tile&quot;,&quot;full_height&quot;:&quot;&quot;,&quot;cell_alignment&quot;:&quot;flex-start&quot;}\" >\n<div id=\"pgc-5088-0-0\"  class=\"panel-grid-cell\"  data-weight=\"1\" >\n<div id=\"panel-5088-0-0-0\" class=\"so-panel widget widget_sow-editor panel-first-child panel-last-child\" data-index=\"0\" data-style=\"{&quot;background_image_attachment&quot;:false,&quot;background_display&quot;:&quot;tile&quot;,&quot;background_image_size&quot;:&quot;full&quot;,&quot;background_image_opacity&quot;:&quot;100&quot;,&quot;border_thickness&quot;:&quot;1px&quot;}\" >\n<div\n\t\t\t\n\t\t\tclass=\"so-widget-sow-editor so-widget-sow-editor-base\"\n\t\t\t\n\t\t><\/p>\n<div class=\"siteorigin-widget-tinymce textwidget\">\n<div class=\"hgrid main-content-grid\">\n<div id=\"content-wrap\" class=\" content-wrap theiaStickySidebar\">\n<article id=\"post-5088\" class=\"entry author-mjakubowski post-5088 page type-page status-publish\">\n<div class=\"entry-content\">\n<div class=\"entry-the-content\">\n<div id=\"pl-gb5088-5d7f8aed72237\" class=\"panel-layout\">\n<div id=\"pg-gb5088-5d7f8aed72237-0\" class=\"panel-grid panel-no-style\">\n<div id=\"pgc-gb5088-5d7f8aed72237-0-0\" class=\"panel-grid-cell\">\n<div id=\"panel-gb5088-5d7f8aed72237-0-0-0\" class=\"so-panel widget widget_sow-editor panel-first-child panel-last-child\" data-index=\"0\">\n<div class=\"so-widget-sow-editor so-widget-sow-editor-base\">\n<div class=\"siteorigin-widget-tinymce textwidget\">\n<p style=\"color: red;\">Podlaski Zarz\u0105d Dr\u00f3g Wojew\u00f3dzkich w Bia\u0142ymstoku informuje, i\u017c  z dniem 11 marca 2026r. wznawia proces wydawania decyzji na prowadzenie rob\u00f3t w pasie drogowym dr\u00f3g wojew\u00f3dzkich.<\/p>\n<p>Zmiana w wysoko\u015bci op\u0142at za zaj\u0119cie pasa drogowego <a href=\"https:\/\/www.pzdw.bialystok.pl\/?page_id=6891\">LINK&gt;&gt;&gt;<\/a><\/p>\n<p><strong>Wnioski mo\u017cna r\u00f3wnie\u017c z\u0142o\u017cy\u0107 za po\u015brednictwem <a href=\"https:\/\/euslugi.pzdw.bialystok.pl\/home\" target=\"_blank\" rel=\"noopener\"><strong>eUs\u0142ug<\/strong><\/a>.<\/strong><\/p>\n<p><em>Nale\u017cy pami\u0119ta\u0107, \u017ce ka\u017cdy wniosek wys\u0142any do Podlaskiego Zarz\u0105du Dr\u00f3g Wojew\u00f3dzkich powinien by\u0107 podpisany odr\u0119cznie lub elektronicznie. <\/em><\/p>\n<p data-wp-editing=\"1\"><img decoding=\"async\" class=\"alignnone wp-image-5171\" src=\"https:\/\/www.pzdw.bialystok.pl\/wp-content\/uploads\/2019\/03\/Procedury_Ikonka.png\" alt=\"\" width=\"24\" height=\"24\" \/>\u00a0 <a href=\"https:\/\/www.pzdw.bialystok.pl\/?page_id=9839\">D<span class=\"ng-tns-c73-17\">ecyzja na lokalizacj\u0119 urz\u0105dzenia w pasie drogowym niezwi\u0105zanego z funkcjonowaniem drogi<\/span> (Procedura)<\/a><\/p>\n<hr \/>\n<p><img decoding=\"async\" class=\"alignnone wp-image-5171\" src=\"https:\/\/www.pzdw.bialystok.pl\/wp-content\/uploads\/2019\/03\/Procedury_Ikonka.png\" alt=\"\" width=\"24\" height=\"24\" \/>\u00a0 <a href=\"https:\/\/www.pzdw.bialystok.pl\/?page_id=2547\">Umieszczanie urz\u0105dze\u0144 infrastruktury technicznej (Procedura)<\/a><\/p>\n<hr \/>\n<p><img decoding=\"async\" class=\"alignnone wp-image-5171\" src=\"https:\/\/www.pzdw.bialystok.pl\/wp-content\/uploads\/2019\/03\/Procedury_Ikonka.png\" alt=\"\" width=\"24\" height=\"24\" \/> <a href=\"https:\/\/www.pzdw.bialystok.pl\/?page_id=104\">Budowa lub przebudowa zjazdu (Procedura)<\/a><\/p>\n<hr \/>\n<p><img decoding=\"async\" class=\"alignnone wp-image-5171\" src=\"https:\/\/www.pzdw.bialystok.pl\/wp-content\/uploads\/2019\/03\/Procedury_Ikonka.png\" alt=\"\" width=\"24\" height=\"24\" \/> <a href=\"https:\/\/www.pzdw.bialystok.pl\/?page_id=2534\">Umieszczenie obiektu handlowo us\u0142ugowego (Procedura)<\/a><\/p>\n<hr \/>\n<p><img decoding=\"async\" class=\"alignnone wp-image-5171\" src=\"https:\/\/www.pzdw.bialystok.pl\/wp-content\/uploads\/2019\/03\/Procedury_Ikonka.png\" alt=\"\" width=\"24\" height=\"24\" \/> <a href=\"https:\/\/www.pzdw.bialystok.pl\/?page_id=2551\">Umieszczenie reklamy (Procedura)<\/a><\/p>\n<hr \/>\n<p><img decoding=\"async\" class=\"alignnone wp-image-5171\" src=\"https:\/\/www.pzdw.bialystok.pl\/wp-content\/uploads\/2019\/03\/Procedury_Ikonka.png\" alt=\"\" width=\"24\" height=\"24\" \/> <a href=\"https:\/\/www.pzdw.bialystok.pl\/?page_id=5944\">Opiniowanie projekt\u00f3w organizacji ruchu w zakresie dr\u00f3g wojew\u00f3dzkich b\u0119d\u0105cych w zarz\u0105dzie PZDW w Bia\u0142ymstoku<\/a><\/p>\n<hr \/>\n<p data-wp-editing=\"1\"><img decoding=\"async\" class=\"alignnone wp-image-5171\" src=\"https:\/\/www.pzdw.bialystok.pl\/wp-content\/uploads\/2019\/03\/Procedury_Ikonka.png\" alt=\"\" width=\"24\" height=\"24\" \/> <a href=\"https:\/\/bip-pzdw.wrotapodlasia.pl\/inf_nie_w_b.html\">Wniosek o udost\u0119pnienie informacji publicznej<\/a><\/p>\n<hr \/>\n<p><a href=\"https:\/\/bip-pzdw.wrotapodlasia.pl\/ponowne-wykorzystywanie-1.html\"><img decoding=\"async\" class=\"alignnone wp-image-5171\" src=\"https:\/\/www.pzdw.bialystok.pl\/wp-content\/uploads\/2019\/03\/Procedury_Ikonka.png\" alt=\"\" width=\"24\" height=\"24\" \/> Wniosek o ponowne wykorzystanie informacji<\/a><\/p>\n<hr \/>\n<p><img decoding=\"async\" class=\"alignnone wp-image-5171\" src=\"https:\/\/www.pzdw.bialystok.pl\/wp-content\/uploads\/2019\/03\/Procedury_Ikonka.png\" alt=\"\" width=\"24\" height=\"24\" \/> <a href=\"https:\/\/www.pzdw.bialystok.pl\/?page_id=5064\">Informacje dotycz\u0105ce lokalizacji sieci \u015bwiat\u0142owodowej<\/a><\/p>\n<hr \/>\n<p><img decoding=\"async\" class=\"alignnone wp-image-5171\" src=\"https:\/\/www.pzdw.bialystok.pl\/wp-content\/uploads\/2019\/03\/Procedury_Ikonka.png\" alt=\"\" width=\"24\" height=\"24\" \/>\u00a0<a href=\"https:\/\/www.pzdw.bialystok.pl\/?page_id=5158\">Wnioski do pobrania (dokumenty)<\/a><\/p>\n<hr \/>\n<p><img decoding=\"async\" class=\"alignnone wp-image-5171\" src=\"https:\/\/www.pzdw.bialystok.pl\/wp-content\/uploads\/2019\/03\/Procedury_Ikonka.png\" alt=\"\" width=\"24\" height=\"24\" \/> <a href=\"https:\/\/www.pzdw.bialystok.pl\/wp-content\/uploads\/2025\/10\/Zarzadzenie-Nr-59.pdf\">Zmienione zarz\u0105dzenie w sprawie potwierdzania ostateczno\u015bci decyzji oraz po\u015bwiadczania za zgodno\u015b\u0107 z orygina\u0142em dokument\u00f3w w ramach post\u0119powa\u0144 administracyjnych prowadzonych przez PZDW<\/a><\/p>\n<hr \/>\n<p><img decoding=\"async\" class=\"alignnone wp-image-5171\" src=\"https:\/\/www.pzdw.bialystok.pl\/wp-content\/uploads\/2019\/03\/Procedury_Ikonka.png\" alt=\"\" width=\"24\" height=\"24\" \/><a href=\"https:\/\/www.pzdw.bialystok.pl\/wp-content\/uploads\/2022\/09\/Wyciag-z-Regulaminu.pdf\"> Wyci\u0105g z Zarz\u0105dzenia Nr 76\/2022 Dyrektora Podlaskiego Zarz\u0105du Dr\u00f3g Wojew\u00f3dzkich w Bia\u0142ymstoku z dnia 22 wrze\u015bnia 2022 r. w sprawie wydawania za\u015bwiadcze\u0144 o ostateczno\u015bci decyzji administracyjnych oraz po\u015bwiadczania za zgodno\u015b\u0107 z orygina\u0142em dokument\u00f3w w ramach post\u0119powa\u0144 administracyjnych prowadzonego przez Podlaski Zarz\u0105d Dr\u00f3g Wojew\u00f3dzkich w Bia\u0142ymstoku<br \/>\n<\/a><\/p>\n<hr \/>\n<p><img decoding=\"async\" class=\"alignnone wp-image-5171\" src=\"https:\/\/www.pzdw.bialystok.pl\/wp-content\/uploads\/2019\/03\/Procedury_Ikonka.png\" alt=\"\" width=\"24\" height=\"24\" \/> <a href=\"https:\/\/www.pzdw.bialystok.pl\/wp-content\/uploads\/2026\/04\/oswiadczenie-127a-kpa.docx\"<\/a>O\u015bwiadczenie o zrzeczeniu si\u0119 prawa wniesienia odwo\u0142ania<\/p>\n<hr \/>\n<p><\/a><\/div>\n<\/div>\n<\/div>\n<\/div>\n<\/div>\n<\/div>\n<\/div>\n<\/div>\n<\/article>\n<\/div>\n<\/div>\n<\/div>\n<\/div>\n<\/div>\n<\/div>\n<\/div>\n<\/div>\n","protected":false},"excerpt":{"rendered":"<p>&#46;&#46;&#46;<\/p>\n","protected":false},"author":5,"featured_media":0,"parent":0,"menu_order":0,"comment_status":"closed","ping_status":"closed","template":"","meta":{"footnotes":""},"class_list":["post-5088","page","type-page","status-publish","hentry"],"_links":{"self":[{"href":"https:\/\/www.pzdw.bialystok.pl\/index.php?rest_route=\/wp\/v2\/pages\/5088","targetHints":{"allow":["GET"]}}],"collection":[{"href":"https:\/\/www.pzdw.bialystok.pl\/index.php?rest_route=\/wp\/v2\/pages"}],"about":[{"href":"https:\/\/www.pzdw.bialystok.pl\/index.php?rest_route=\/wp\/v2\/types\/page"}],"author":[{"embeddable":true,"href":"https:\/\/www.pzdw.bialystok.pl\/index.php?rest_route=\/wp\/v2\/users\/5"}],"replies":[{"embeddable":true,"href":"https:\/\/www.pzdw.bialystok.pl\/index.php?rest_route=%2Fwp%2Fv2%2Fcomments&post=5088"}],"version-history":[{"count":7,"href":"https:\/\/www.pzdw.bialystok.pl\/index.php?rest_route=\/wp\/v2\/pages\/5088\/revisions"}],"predecessor-version":[{"id":12242,"href":"https:\/\/www.pzdw.bialystok.pl\/index.php?rest_route=\/wp\/v2\/pages\/5088\/revisions\/12242"}],"wp:attachment":[{"href":"https:\/\/www.pzdw.bialystok.pl\/index.php?rest_route=%2Fwp%2Fv2%2Fmedia&parent=5088"}],"curies":[{"name":"wp","href":"https:\/\/api.w.org\/{rel}","templated":true}]}}