{"id":5064,"date":"2019-03-14T09:03:04","date_gmt":"2019-03-14T08:03:04","guid":{"rendered":"http:\/\/10.1.68.91\/?page_id=5064"},"modified":"2019-03-14T09:03:04","modified_gmt":"2019-03-14T08:03:04","slug":"informacje-dotyczace-lokalizacji-sieci-swiatlowodowej","status":"publish","type":"page","link":"https:\/\/www.pzdw.bialystok.pl\/?page_id=5064","title":{"rendered":"Informacje dotycz\u0105ce lokalizacji sieci \u015bwiat\u0142owodowej SSPW WP"},"content":{"rendered":"\n<p>Wojew\u00f3dztwo Podlaskie, Urz\u0105d Marsza\u0142kowski Wojew\u00f3dztwa Podlaskiego w Bia\u0142ymstoku \u00a0zgodnie z wpisem do Rejestru jednostek Samorz\u0105du terytorialnego UKE informuje, i\u017c prowadzi dzia\u0142alno\u015b\u0107 w dziedzinie telekomunikacji \u015bwiadcz\u0105c telekomunikacyjne us\u0142ugi hurtowe.<\/p>\n<p>Przebiegi i informacje o us\u0142ugach SSPW WP dost\u0119pne s\u0105 na stronie:<\/p>\n<p><a href=\"http:\/\/www.sspw.wrotapodlasia.pl\/\">http:\/\/www.sspw.wrotapodlasia.pl\/<\/a><\/p>\n<p>a dok\u0142adny przebieg prezentowany na GIS WROTAPODLASIA jest dost\u0119pny po klikni\u0119ciu na mapk\u0119 z wojew\u00f3dztwem<\/p>\n<p>lub link &lt;zobacz map\u0119 sieci&gt;<\/p>\n<p>Wojew\u00f3dztwo Podlaskie, Urz\u0105d Marsza\u0142kowski Wojew\u00f3dztwa Podlaskiego w Bia\u0142ymstoku \u00a0zgodnie z wpisem do Rejestru jednostek Samorz\u0105du terytorialnego UKE prowadzi dzia\u0142alno\u015b\u0107 w dziedzinie telekomunikacji \u015bwiadcz\u0105c telekomunikacyjne us\u0142ugi hurtowe.<\/p>\n<hr \/>\n<p>Identyfikator: <strong>133<\/strong><\/p>\n<p>Numer lokalu: <strong>&#8211;<\/strong><\/p>\n<p>Numer w\u0142a\u015bciwego rejestru: <strong>050658404<\/strong><\/p>\n<p>Obszar na kt\u00f3rym b\u0119dzie wykonywana dzia\u0142alno\u015b\u0107 w zakresie telekomunikacji: <strong>Wojew\u00f3dztwo Podlaskie<\/strong><\/p>\n<p>Przewidywana data rozpocz\u0119cia dzia\u0142alno\u015bci: <strong>04-kwi-12<\/strong><\/p>\n<p>Data wpisu do rejestru: <strong>07-maj-12<\/strong><\/p>\n<p>Nazwa wnioskodawcy: <strong>Wojew\u00f3dztwo Podlaskie<\/strong><\/p>\n<p>Kod pocztowy: <strong>15-888<\/strong><\/p>\n<p>Poczta: <strong>Bia\u0142ystok<\/strong><\/p>\n<p>Miejscowo\u015b\u0107: <strong>Bia\u0142ystok<\/strong><\/p>\n<p>Gmina: <strong>Bia\u0142ystok<\/strong><\/p>\n<p>Powiat: <strong>Bia\u0142ystok<\/strong><\/p>\n<p>Wojew\u00f3dztwo: <strong>Podlaskie<\/strong><\/p>\n<p>Ulica: <strong>Kardyna\u0142a Stefana Wyszy\u0144skiego<\/strong><\/p>\n<p>Numer domu: <strong>1<\/strong><\/p>\n<hr \/>\n<p>Dysponuje, zarz\u0105dza i udost\u0119pnia przedsi\u0119biorcom telekomunikacyjnym na terenie wojew\u00f3dztwa podlaskiego regionaln\u0105 sie\u0107 szerokopasmow\u0105 wybudowan\u0105 w ramach \u00a0projektu \u201eSie\u0107 Szerokopasmowa Polski Wschodniej \u2013 wojew\u00f3dztwo podlaskie\u201d.<\/p>\n<p>Zasoby fizyczne sieci SSPW WP:<\/p>\n<p>1885 km doziemnej sieci \u015bwiat\u0142owodowej; 4 x HDPE, kabel \u015bwiat\u0142owodowe w z w\u0142\u00f3knami G.652D,<\/p>\n<p>8 w\u0119z\u0142\u00f3w szkieletowych; DWDM, IP, kable 48J,<\/p>\n<p>181 w\u0119z\u0142\u00f3w dystrybucyjnych; IP, kable 12J do ka\u017cdego w\u0119z\u0142a dystrybucyjnego.<\/p>\n<p>&nbsp;<\/p>\n<p>\u015awiadczone s\u0105 nast\u0119puj\u0105ce telekomunikacyjne us\u0142ugi hurtowe:<\/p>\n<ol>\n<li>Dzier\u017cawa ciemnych w\u0142\u00f3kien,<\/li>\n<li>Dzier\u017cawa ruroci\u0105gu kablowego\/kanalizacji kablowej,<\/li>\n<li>Kolokacja urz\u0105dze\u0144 w w\u0119z\u0142ach szkieletowych i dystrybucyjnych,<\/li>\n<li>Transmisja danych Ethernet,<\/li>\n<li>Transmisja danych Lambda,<\/li>\n<li>Dost\u0119p do sieci Internet,<\/li>\n<li>VPN IP MPLS STANDARD i VPN IP MPLS MULTICAST.<\/li>\n<\/ol>\n<p>Wi\u0119cej informacji o SSPW WP, a w tym mapy przebiegu oraz dok\u0142adne dane o w\u0119z\u0142ach i sieci kablowej, dost\u0119pne s\u0105 na stronie:<\/p>\n<p><a href=\"http:\/\/www.sspw.wrotapodlasia.pl\/\">http:\/\/www.sspw.wrotapodlasia.pl\/<\/a><\/p>\n<p>Z pogl\u0105dowej mapki pier\u015bcienia wojew\u00f3dzkiego mamy dost\u0119p i przechodzimy \u00a0do mapy SSPW WP;\u00a0 &lt;zobacz map\u0119 sieci&gt;.<\/p>\n<p>Po lewej stronie jest legenda u\u017cytej symboliki.<\/p>\n<p>Po wybraniu na pasku u g\u00f3ry \u201ei\u201d oraz klikni\u0119ciu na element uzyskujemy dost\u0119p do danych szczeg\u00f3\u0142owych wybranego elementu.<\/p>\n<p>Dost\u0119pne po lewej stronie warstwy mo\u017cna rozwija\u0107 oraz w\u0142\u0105cza\u0107 i wy\u0142\u0105cza\u0107 zgodnie z potrzebami.<\/p>\n<p>&nbsp;<\/p>\n<p>Infrastruktura SSPW WP, ze wzgl\u0119du na r\u00f3\u017cne trasy, przebiegi i punkty zako\u0144cze\u0144 mo\u017ce by\u0107 wykorzystana przez OPL zar\u00f3wno w warstwie \u00a0transportowej jak i dost\u0119pu.<\/p>\n<p>Do wszystkich w\u0119z\u0142\u00f3w szkieletowych linie kablowe s\u0105 doprowadzone z r\u00f3\u017cnych kierunk\u00f3w rozdzielonymi fizycznie trasami.<\/p>\n<p>Na uwag\u0119 powinny mi\u0119dzy innymi zas\u0142ugiwa\u0107 po\u0142\u0105czenia 2 niezale\u017cnymi drogami do Suwa\u0142k, a tak\u017ce po\u0142\u0105czenia z sieciami w wojew\u00f3dztwach lubelskim i warmi\u0144sko \u2013 mazurskim.<\/p>\n<p>&nbsp;<\/p>\n<p>W za\u0142\u0105czeniu dodatkowo mapka pogl\u0105dowa SSPW WP w formacie .pdf. oraz cennik us\u0142ug podstawowych oraz w ofercie d\u0142ugoterminowej.<\/p>\n<p>Na uwag\u0119 zas\u0142uguj\u0105 r\u00f3wnie\u017c promocje, a w tym dzier\u017cawa rury w ruroci\u0105gu SSPW WP 40 mm przy udost\u0119pnieniu min 5 km na kt\u00f3re sk\u0142ada\u0107 si\u0119 mo\u017ce kilka odcink\u00f3w.<\/p>\n<p>&nbsp;<\/p>\n<p>Zapraszamy do kontaktu w celu om\u00f3wienia szczeg\u00f3\u0142\u00f3w i bli\u017cszego przedstawienia infrastruktury SSPWP WP.<\/p>\n","protected":false},"excerpt":{"rendered":"","protected":false},"author":5,"featured_media":0,"parent":0,"menu_order":0,"comment_status":"closed","ping_status":"closed","template":"","meta":{"footnotes":""},"class_list":["post-5064","page","type-page","status-publish","hentry"],"_links":{"self":[{"href":"https:\/\/www.pzdw.bialystok.pl\/index.php?rest_route=\/wp\/v2\/pages\/5064","targetHints":{"allow":["GET"]}}],"collection":[{"href":"https:\/\/www.pzdw.bialystok.pl\/index.php?rest_route=\/wp\/v2\/pages"}],"about":[{"href":"https:\/\/www.pzdw.bialystok.pl\/index.php?rest_route=\/wp\/v2\/types\/page"}],"author":[{"embeddable":true,"href":"https:\/\/www.pzdw.bialystok.pl\/index.php?rest_route=\/wp\/v2\/users\/5"}],"replies":[{"embeddable":true,"href":"https:\/\/www.pzdw.bialystok.pl\/index.php?rest_route=%2Fwp%2Fv2%2Fcomments&post=5064"}],"version-history":[{"count":0,"href":"https:\/\/www.pzdw.bialystok.pl\/index.php?rest_route=\/wp\/v2\/pages\/5064\/revisions"}],"wp:attachment":[{"href":"https:\/\/www.pzdw.bialystok.pl\/index.php?rest_route=%2Fwp%2Fv2%2Fmedia&parent=5064"}],"curies":[{"name":"wp","href":"https:\/\/api.w.org\/{rel}","templated":true}]}}