{"id":38,"date":"2014-02-11T09:10:52","date_gmt":"2014-02-11T08:10:52","guid":{"rendered":"http:\/\/pzdw-b1-web1?page_id=38"},"modified":"2024-10-09T08:39:46","modified_gmt":"2024-10-09T07:39:46","slug":"ograniczenia-w-tonazu","status":"publish","type":"page","link":"https:\/\/www.pzdw.bialystok.pl\/?page_id=38","title":{"rendered":"Ograniczenia w tona\u017cu"},"content":{"rendered":"<p><img decoding=\"async\" class=\"alignnone wp-image-10981 size-full\" src=\"https:\/\/www.pzdw.bialystok.pl\/wp-content\/uploads\/2024\/10\/Mapa_Drogi_Ograniczenia_w_tonazu-scaled.jpg\" alt=\"\" width=\"1756\" height=\"2560\" srcset=\"https:\/\/www.pzdw.bialystok.pl\/wp-content\/uploads\/2024\/10\/Mapa_Drogi_Ograniczenia_w_tonazu-scaled.jpg 1756w, https:\/\/www.pzdw.bialystok.pl\/wp-content\/uploads\/2024\/10\/Mapa_Drogi_Ograniczenia_w_tonazu-206x300.jpg 206w, https:\/\/www.pzdw.bialystok.pl\/wp-content\/uploads\/2024\/10\/Mapa_Drogi_Ograniczenia_w_tonazu-702x1024.jpg 702w, https:\/\/www.pzdw.bialystok.pl\/wp-content\/uploads\/2024\/10\/Mapa_Drogi_Ograniczenia_w_tonazu-768x1120.jpg 768w, https:\/\/www.pzdw.bialystok.pl\/wp-content\/uploads\/2024\/10\/Mapa_Drogi_Ograniczenia_w_tonazu-1054x1536.jpg 1054w, https:\/\/www.pzdw.bialystok.pl\/wp-content\/uploads\/2024\/10\/Mapa_Drogi_Ograniczenia_w_tonazu-1405x2048.jpg 1405w\" sizes=\"(max-width: 1756px) 100vw, 1756px\" \/>\n<table id=\"tablepress-2\" class=\"tablepress tablepress-id-2\">\n<thead>\n<tr class=\"row-1\">\n\t<th class=\"column-1\"><strong>Lp.<\/strong><\/th><th class=\"column-2\"><strong>Nr drogi<\/strong><\/th><th class=\"column-3\"><strong>Nazwa drogi<\/strong><\/th><th class=\"column-4\"><strong>Odcinek drogi na kt\u00f3rym wprowadzono ograniczenie<\/strong><\/th><th class=\"column-5\"><strong>Opis utrudnienia<\/strong><\/th><th class=\"column-6\"><strong>Pow\u00f3d wprowadzenia ograniczenia tona\u017cu<\/strong><\/th>\n<\/tr>\n<\/thead>\n<tbody class=\"row-striping row-hover\">\n<tr class=\"row-2\">\n\t<td class=\"column-1\">1<\/td><td class=\"column-2\">648<\/td><td class=\"column-3\">Miastkowo \u2013 Nowogr\u00f3d \u2013Morgowniki \u2013 Korzeniste \u2013 Stawiski \u2013 Przytu\u0142y<\/td><td class=\"column-4\">m. Przytu\u0142y<\/td><td class=\"column-5\">Ograniczenie tona\u017cu do 15t Most w km 47+268 \u2013 15t<\/td><td class=\"column-6\">Z\u0142y stan techniczny obiektu<br \/>\nZ\u0142y stan nawierzchni drogi<\/td>\n<\/tr>\n<tr class=\"row-3\">\n\t<td class=\"column-1\"><\/td><td class=\"column-2\"><\/td><td class=\"column-3\"><\/td><td class=\"column-4\">Miastkowo \u2013 DK63 (Korzeniste)<\/td><td class=\"column-5\">Ograniczenie tona\u017cu do 10t<\/td><td class=\"column-6\"><\/td>\n<\/tr>\n<tr class=\"row-4\">\n\t<td class=\"column-1\">3<\/td><td class=\"column-2\">651<\/td><td class=\"column-3\"> Go\u0142dap \u2013 \u017bytkiejmy \u2013 Szypliszki \u2013 Sejny<\/td><td class=\"column-4\">Rutka Tartak \u2013 Szypliszki<\/td><td class=\"column-5\"> Ograniczenie tona\u017cu do 10t \u201eNie dotyczy pojazd\u00f3w zaopatrzenia, komunikacji miejskiej oraz s\u0142u\u017cb miejskich\u201d<\/td><td class=\"column-6\">Z\u0142y stan nawierzchni drogi<\/td>\n<\/tr>\n<tr class=\"row-5\">\n\t<td class=\"column-1\">4<\/td><td class=\"column-2\">653<\/td><td class=\"column-3\">Sedranki \u2013 Baka\u0142arzewo \u2013 Suwa\u0142ki \u2013 Sejny \u2013 Po\u0107kuny<\/td><td class=\"column-4\">Sejny \u2013 Po\u0107kuny<\/td><td class=\"column-5\"> Ograniczenie tona\u017cu do 7,5t<br \/>\n\u201eNie dotyczy pojazd\u00f3w zaopatrzenia, komunikacji zbiorowej i s\u0142u\u017cb mieskich\u201d<\/td><td class=\"column-6\">Z\u0142y stan nawierzchni drogi<\/td>\n<\/tr>\n<tr class=\"row-6\">\n\t<td class=\"column-1\">5<\/td><td class=\"column-2\">655<\/td><td class=\"column-3\">Raczki \u2013 Suwa\u0142ki<\/td><td class=\"column-4\">Raczki \u2013 Suwa\u0142ki<\/td><td class=\"column-5\">Zakaz wjazdu samochod\u00f3w ci\u0119\u017carowych o dopuszczalnej masie ca\u0142kowitej przekraczaj\u0105cej 10t<br \/>\n\u201eNie dotyczy zaopatrzenia, s\u0142u\u017cb komunalnych oraz mieszka\u0144c\u00f3w\u201d<\/td><td class=\"column-6\">Z\u0142y stan nawierzchni drogi<\/td>\n<\/tr>\n<tr class=\"row-7\">\n\t<td class=\"column-1\">6<\/td><td class=\"column-2\">658<\/td><td class=\"column-3\">Droga 640 \u2013 Kudelicze \u2013 Paw\u0142owicze \u2013 Grabarka \u2013 Kajanka<\/td><td class=\"column-4\">ca\u0142a droga<\/td><td class=\"column-5\">Zakaz wjazdu samochod\u00f3w ci\u0119\u017carowych \u201eNie dotyczy mieszka\u0144c\u00f3w\u201d<\/td><td class=\"column-6\">Z\u0142y stan nawierzchni drogi<\/td>\n<\/tr>\n<tr class=\"row-8\">\n\t<td class=\"column-1\">7<\/td><td class=\"column-2\">659<\/td><td class=\"column-3\">Bielsk Podlaski<\/td><td class=\"column-4\">ul. 11 Listopada m. Bielsk Podlaski<br \/>\nOdcinek od skrzy\u017cowania DW684 do skrzy\u017cowania z DK19<\/td><td class=\"column-5\">Ograniczenie tona\u017cu do 10t \"Nie dotyczy pojazd\u00f3w komunalnych i zaopatrzenia<\/td><td class=\"column-6\"><\/td>\n<\/tr>\n<tr class=\"row-9\">\n\t<td class=\"column-1\">8<\/td><td class=\"column-2\">662<\/td><td class=\"column-3\">August\u00f3w \/Droga 16\/- Suwa\u0142ki \u2013 Budzisko<\/td><td class=\"column-4\">August\u00f3w \u2013 Suwa\u0142ki<\/td><td class=\"column-5\">Ograniczenie tona\u017cu do 7,5t<br \/>\n\u201eNie dotyczy s\u0142u\u017cb komunalnych <br \/>\ni zaopatrzenia obiekt\u00f3w przy drodze<br \/>\nwojew\u00f3dzkiej Nr 662\u201d<br \/>\n<\/td><td class=\"column-6\"><\/td>\n<\/tr>\n<tr class=\"row-10\">\n\t<td class=\"column-1\"><\/td><td class=\"column-2\">662<\/td><td class=\"column-3\">August\u00f3w \/Droga 16\/- Suwa\u0142ki \u2013 Budzisko<\/td><td class=\"column-4\">Szypliszki - Budzisko<\/td><td class=\"column-5\">Ograniczenie tona\u017cu do 7,5t<\/td><td class=\"column-6\"><\/td>\n<\/tr>\n<tr class=\"row-11\">\n\t<td class=\"column-1\">9<\/td><td class=\"column-2\">664<\/td><td class=\"column-3\">August\u00f3w \u2013 Lipsk \u2013 granica pa\u0144stwa<\/td><td class=\"column-4\">August\u00f3w \u2013 Lipsk<\/td><td class=\"column-5\">Ograniczenie tona\u017cu do 14t, Nie dotyczy gospodarki le\u015bnej<\/td><td class=\"column-6\">Z\u0142y stan nawierzchni drogi<\/td>\n<\/tr>\n<tr class=\"row-12\">\n\t<td class=\"column-1\">10<\/td><td class=\"column-2\">665<\/td><td class=\"column-3\"><\/td><td class=\"column-4\">Grajewo - August\u00f3w<\/td><td class=\"column-5\">na odcinku drogi DW 665 od skrzy\u017cowania z DK65 w m. Grajewo do skrzy\u017cowania z DK 8 w m. August\u00f3w w dniu 10.08.2023r zostanie wprowadzone ograniczenie tona\u017cowe znakami B-5 \u201e12t\u201d wraz z tabliczka o tre\u015bci \u201eDotyczy tranzytu\u201d.<\/td><td class=\"column-6\"><\/td>\n<\/tr>\n<tr class=\"row-13\">\n\t<td class=\"column-1\">11<\/td><td class=\"column-2\">668<\/td><td class=\"column-3\">Pi\u0105tnica Poduchowna-Przytu\u0142y-Osowiec<\/td><td class=\"column-4\">m. Karwowo<\/td><td class=\"column-5\">Ograniczenie tona\u017cu do 15t<\/td><td class=\"column-6\">Z\u0142y stan techniczny mostu<\/td>\n<\/tr>\n<tr class=\"row-14\">\n\t<td class=\"column-1\">12<\/td><td class=\"column-2\">670<\/td><td class=\"column-3\">Osowiec \u2013 D\u0105browa Bia\u0142ostocka \u2013 Nowy Dw\u00f3r \u2013 granica pa\u0144stwa<\/td><td class=\"column-4\">Osowiec \u2013 Suchowola<\/td><td class=\"column-5\">Ograniczenie tona\u017cu do 8t<\/td><td class=\"column-6\">Z\u0142y stan nawierzchni drogi<\/td>\n<\/tr>\n<tr class=\"row-15\">\n\t<td class=\"column-1\">13<\/td><td class=\"column-2\"><\/td><td class=\"column-3\"><\/td><td class=\"column-4\">Suchowola \u2013 D\u0105browa Bia\u0142ostocka<\/td><td class=\"column-5\">Ograniczenie tona\u017cu do 10t<\/td><td class=\"column-6\"> Z\u0142y stan nawierzchni drogi. Ograniczenie wprowadzane okresowo, uzale\u017cnione od warunk\u00f3w gruntowo-wodnych.<\/td>\n<\/tr>\n<tr class=\"row-16\">\n\t<td class=\"column-1\">14<\/td><td class=\"column-2\">671<\/td><td class=\"column-3\">Sokolany \u2013 Korycin \u2013 Knyszyn \u2013 Stare Je\u017cewo \u2013 Soko\u0142y<\/td><td class=\"column-4\">Jasion\u00f3wka - Tykocin<\/td><td class=\"column-5\">Ograniczenie tona\u017cu do 12t.<br \/>\n\"Nie dotyczy pojazd\u00f3w zaopatrzenia i s\u0142u\u017cb miejskich na DW671 Jasion\u00f3wka - Knyszyn\"<\/td><td class=\"column-6\">Z\u0142y stan nawierzchni drogi<\/td>\n<\/tr>\n<tr class=\"row-17\">\n\t<td class=\"column-1\"><\/td><td class=\"column-2\"><\/td><td class=\"column-3\"><\/td><td class=\"column-4\">Tykocin - Soko\u0142y<\/td><td class=\"column-5\">Ograniczenie tona\u017cu do 10t<\/td><td class=\"column-6\">Z\u0142y stan nawierzchni drogi<\/td>\n<\/tr>\n<tr class=\"row-18\">\n\t<td class=\"column-1\">15<\/td><td class=\"column-2\">672<\/td><td class=\"column-3\">Przewi\u0119\u017a - Rudawka<\/td><td class=\"column-4\">Przewi\u0119\u017a - Rudawka<\/td><td class=\"column-5\">Ograniczenie tona\u017cu do 10t<br \/>\n\u201eNie dotyczy zaopatrzenia, s\u0142u\u017cb komunalnych <br \/>\noraz mieszka\u0144c\u00f3w\u201d<\/td><td class=\"column-6\">Z\u0142y stan nawierzchni drogi<\/td>\n<\/tr>\n<tr class=\"row-19\">\n\t<td class=\"column-1\">16<\/td><td class=\"column-2\">679<\/td><td class=\"column-3\">\u0141om\u017ca - Podg\u00f3rze - Ga\u0107 - M\u0119\u017cenin<\/td><td class=\"column-4\">od skrzy\u017cowania z DK 63 do skrzy\u017cowania z DK S8 w m. M\u0119\u017cenin<\/td><td class=\"column-5\">Zakaz wjazdu samochod\u00f3w ci\u0119\u017carowych o dopuszczalnej masie ca\u0142kowitej przekraczaj\u0105cej 10t<br \/>\n\u201eNie dotyczy mieszka\u0144c\u00f3w, zaopatrzenia i s\u0142u\u017cb komunalnych\u201d<\/td><td class=\"column-6\">Z\u0142y stan nawierzchni drogi<\/td>\n<\/tr>\n<tr class=\"row-20\">\n\t<td class=\"column-1\">17<\/td><td class=\"column-2\">684<\/td><td class=\"column-3\">Bielsk Podlaski<\/td><td class=\"column-4\">ul. Mickiewicza m. Bielsk Podlaski, odcinek od skrzy\u017cowania z DK19 do skrzy\u017cowania z ul. Ekologiczn\u0105<\/td><td class=\"column-5\">Ograniczenie tona\u017cu do 10t \"Nie dotyczy pojazd\u00f3w komunalnych i zaopatrzenia<\/td><td class=\"column-6\"><\/td>\n<\/tr>\n<tr class=\"row-21\">\n\t<td class=\"column-1\">18<\/td><td class=\"column-2\">692<\/td><td class=\"column-3\">Drohiczyn - Dziadkowice<\/td><td class=\"column-4\">Drohiczyn - Dziadkowice<\/td><td class=\"column-5\">Ograniczenie tona\u017cu do 25t<\/td><td class=\"column-6\">Z\u0142y stan nawierzchni drogi<\/td>\n<\/tr>\n<\/tbody>\n<\/table>\n<!-- #tablepress-2 from cache --><\/p>\n","protected":false},"excerpt":{"rendered":"","protected":false},"author":1,"featured_media":3915,"parent":0,"menu_order":21,"comment_status":"closed","ping_status":"closed","template":"","meta":{"footnotes":""},"class_list":["post-38","page","type-page","status-publish","has-post-thumbnail","hentry"],"_links":{"self":[{"href":"https:\/\/www.pzdw.bialystok.pl\/index.php?rest_route=\/wp\/v2\/pages\/38","targetHints":{"allow":["GET"]}}],"collection":[{"href":"https:\/\/www.pzdw.bialystok.pl\/index.php?rest_route=\/wp\/v2\/pages"}],"about":[{"href":"https:\/\/www.pzdw.bialystok.pl\/index.php?rest_route=\/wp\/v2\/types\/page"}],"author":[{"embeddable":true,"href":"https:\/\/www.pzdw.bialystok.pl\/index.php?rest_route=\/wp\/v2\/users\/1"}],"replies":[{"embeddable":true,"href":"https:\/\/www.pzdw.bialystok.pl\/index.php?rest_route=%2Fwp%2Fv2%2Fcomments&post=38"}],"version-history":[{"count":1,"href":"https:\/\/www.pzdw.bialystok.pl\/index.php?rest_route=\/wp\/v2\/pages\/38\/revisions"}],"predecessor-version":[{"id":10982,"href":"https:\/\/www.pzdw.bialystok.pl\/index.php?rest_route=\/wp\/v2\/pages\/38\/revisions\/10982"}],"wp:featuredmedia":[{"embeddable":true,"href":"https:\/\/www.pzdw.bialystok.pl\/index.php?rest_route=\/"}],"wp:attachment":[{"href":"https:\/\/www.pzdw.bialystok.pl\/index.php?rest_route=%2Fwp%2Fv2%2Fmedia&parent=38"}],"curies":[{"name":"wp","href":"https:\/\/api.w.org\/{rel}","templated":true}]}}