{"id":36,"date":"2014-02-11T09:10:39","date_gmt":"2014-02-11T08:10:39","guid":{"rendered":"http:\/\/pzdw-b1-web1?page_id=36"},"modified":"2026-04-07T08:00:21","modified_gmt":"2026-04-07T07:00:21","slug":"lista-utrudnien-w-ruchu","status":"publish","type":"page","link":"https:\/\/www.pzdw.bialystok.pl\/?page_id=36","title":{"rendered":"Lista utrudnie\u0144 w ruchu"},"content":{"rendered":"<style>\n       .errordiv { padding:10px; margin:10px; border: 1px solid #555555;color: #000000;background-color: #f8f8f8; width:500px; }#example_id {visibility:visible;opacity:1;vertical-align:top;}.ai-info-bottom-iframe { position: fixed; z-index: 10000; bottom:0; left: 0; margin: 0px; text-align: center; width: 100%; background-color: #ff9999; padding-left: 5px;padding-bottom: 5px; border-top: 1px solid #aaa } a.ai-bold {font-weight: bold;}#ai-layer-div-example_id p {height:100%;margin:0;padding:0}<\/style><script type=\"text\/javascript\">var ai_iframe_width_example_id = 0;var ai_iframe_height_example_id = 0;var aiOnloadScrollTop=\"true\";var aiShowDebug=false;\n\t\tif (typeof aiReadyCallbacks === 'undefined') {\n\t\t\tvar aiReadyCallbacks = [];\n\t\t} else if (!(aiReadyCallbacks instanceof Array)) {\n\t\t\tvar aiReadyCallbacks = [];\n\t\t}    function aiShowIframeId(id_iframe) { jQuery(\"#\"+id_iframe).css(\"visibility\", \"visible\");    }    function aiResizeIframeHeight(height) { aiResizeIframeHeight(height,example_id); }    function aiResizeIframeHeightId(height,width,id) {aiResizeIframeHeightById(id,height);}<\/script><iframe id=\"example_id\"  name=\"example_id\"  src=\"https:\/\/geoportal.pzdw.bialystok.pl\/\"  width=\"750\"  height=\"750\"  frameborder=\"0\"  border=\"0\"  allowtransparency=\"true\"  loading=\"lazy\"  style=\";border-width: 0px;;border: none;;width:750px;;height:750px;\" ><\/iframe><script type=\"text\/javascript\">var ifrm_example_id = document.getElementById(\"example_id\");var hiddenTabsDoneexample_id = false;\nfunction resizeCallbackexample_id() {}<\/script><script type=\"text\/javascript\"><\/script>\n\n\n\n<hr class=\"wp-block-separator has-alpha-channel-opacity\" \/>\n\n\n\n<p><strong>DW 664<\/strong> m. August\u00f3w od km 0+836 do ok. km 1+015 str. L<br><strong>Opis<\/strong>: Ograniczenie pr\u0119dko\u015bci do 30 km\/h., wprowadzenie zw\u0119\u017cenia jezdni do jednego pasa ruchu oraz wprowadzenie ruchu wahad\u0142owego przy pomocy sygnalizacji \u015bwietlnej. Ruch pieszy chodnikiem po prawej stronie DW664.<br><strong>Pow\u00f3d:<\/strong> Rozbudowa drogi wojew\u00f3dzkiej Nr 664 w zakresie budowy mostu dla pieszych i rower\u00f3w w Augustowie na odcinku od ul. Wybickiego do ul. Limanowskiego<br><strong>Przewidywana data likwidacji utrudnienia<\/strong>: 30.04.2026 r<\/p>\n\n\n\n<p><strong>DW 672<\/strong> od km 12+327 do km 14+318<br><strong>Opis<\/strong>: Ograniczenie pr\u0119dko\u015bci. roboty na drodze, zw\u0119\u017cenie jezdni <br><strong>Pow\u00f3d:<\/strong> Przebudowa drogi wojew\u00f3dzkiej <br><strong>Przewidywana data likwidacji utrudnienia<\/strong>: 28.07.2026 r<\/p>\n\n\n\n<p><strong>DW 676 <\/strong> od km 23+593 do km 29+018<br><strong>Opis:<\/strong> Ograniczenie pr\u0119dko\u015bci do 50km\/h na odcinku prowadzenia rob\u00f3t. Po 30.04.2026r. realizacja rob\u00f3t w koronie drogi  ograniczenie pr\u0119dko\u015bci do 50 km\/h oraz lokalne zaw\u0119\u017cenie prawego pasa ruchu<br><strong>Pow\u00f3d:<\/strong> Rozbudowa drogi wojew\u00f3dzkiej Nr 676 w zakresie budowy drogi dla rower\u00f3w na odcinku Supra\u015bl \u2013 Krynki<br><strong>Przewidywana data likwidacji utrudnienia:<\/strong> 02.12.2026 r.<\/p>\n\n\n\n<p><strong>DW 678 <\/strong> od km 31+750 do km 50+165<br><strong>Opis:<\/strong> Roboty budowlane, ograniczenie pr\u0119dko\u015bci do 50km\/h, i miejscowe zakazy wyprzedzania, wraz z informacj\u0105 o miejscach wyjazd\u00f3w z budowy.<br><strong>Pow\u00f3d:<\/strong> budowa i rozbudowa dr\u00f3g wojew\u00f3dzkich Nr 681, Nr 682 i Nr 678 wraz z drogowymi obiektami in\u017cynierskimi i niezb\u0119dn\u0105 infrastruktur\u0105 techniczn\u0105 oraz budow\u0105 4 obwodnic<br><strong>Przewidywana data likwidacji utrudnienia:<\/strong> 06.07.2026 r.<\/p>\n\n\n\n<p><strong>DW 678 <\/strong> od km 35+000 do km 35+500 oraz w km 41+634,5<br><strong>Opis:<\/strong> Informacja o robotach drogowych, ograniczenie pr\u0119dko\u015bci do 30km\/h, zw\u0119\u017cenie jezdni, ruch wahad\u0142owy, sygnalizacja \u015bwietlna, r\u0119czne kierowanie ruchem, przej\u015bcie drug\u0105 stron\u0105 ulicy <br><strong>Pow\u00f3d:<\/strong> budowa i rozbudowa dr\u00f3g wojew\u00f3dzkich Nr 681, Nr 682 i Nr 678 wraz z drogowymi obiektami in\u017cynierskimi i niezb\u0119dn\u0105 infrastruktur\u0105 techniczn\u0105 oraz budow\u0105 4 obwodnic<br><strong>Przewidywana data likwidacji utrudnienia:<\/strong> 06.07.2026 r.<\/p>\n\n\n\n<p><strong>DW 679 <\/strong>skrzy\u017cowanie DW Nr 679 z DW Nr 645 od km 5+796 do km do 32+717<br><strong>Opis:<\/strong> Wygrodzenia miejsca zw\u0119\u017cenia jezdni od strony najazdu poprzez zastosowanie bariery kieruj\u0105cej U3d w lewo ze \u015bwiat\u0142ami pulsacyjnymi koloru \u017c\u00f3\u0142tego. Wzd\u0142u\u017c odcinka rob\u00f3t zostan\u0105 ustawione ograniczniki skrajni U21a\/b, a na ko\u0144cu odcinka zapora drogowa U20b. Dojazd do miejsca rob\u00f3t b\u0119dzie oznakowany poprzez znaki ostrzegawcze A-14 roboty drogowe wraz ze znakiem A12b\/c zw\u0119\u017cenie prawo\/lewostronne w zale\u017cno\u015bci od kierunku najazdu. Na odcinkach prowadzonych rob\u00f3t drogowych zostan\u0105 wprowadzone ograniczenia pr\u0119dko\u015bci. <br><strong>Pow\u00f3d:<\/strong>Budowa i rozbudowa drogi wojew\u00f3dzkiej Nr 679 wraz z drogowymi obiektami in\u017cynierskimi i niezb\u0119dn\u0105 infrastruktur\u0105 techniczn\u0105 na odcinku \u0141om\u017ca &#8211; M\u0119\u017cenin<br><strong>Przewidywana data likwidacji utrudnienia:<\/strong> 30.07.2026 r.<\/p>\n\n\n\n<p><strong>DW 681<\/strong>  od km 1+600 do km 1+800, od km 2+800 do km 3+200,<br><strong>Opis<\/strong>: Roboty na drodze, ograniczenie pr\u0119dko\u015bci do 30km\/h, zw\u0119\u017cenie jezdni, zakaz wyprzedzania<br><strong>Pow\u00f3d:<\/strong> Budowa i rozbudowa dr\u00f3g wojew\u00f3dzkich Nr 681, Nr 682 i Nr 678<br><strong>Przewidywana data likwidacji utrudnienia<\/strong>: 30.05.2026 r<\/p>\n\n\n\n<p><strong>DW 681<\/strong> odcinek  Roszki Wod\u017aki &#8211; P\u0142onka Ko\u015bcielna<br><strong>Opis<\/strong>: Roboty na drodze, ograniczenie pr\u0119dko\u015bci do 50km\/h, zw\u0119\u017cenie jezdni,ruch wahad\u0142owy, r\u0119czne kierowanie ruchem, wyjazd z budowy<br><strong>Pow\u00f3d:<\/strong> Budowa i rozbudowa dr\u00f3g wojew\u00f3dzkich Nr 681, Nr 682 i Nr 678<br><strong>Przewidywana data likwidacji utrudnienia<\/strong>: 30.05.2026 r<\/p>\n\n\n\n<p><strong>DW 681<\/strong> od km 6+090 do km 6+280, <br><strong>Opis<\/strong>: Roboty na drodze, ograniczenie pr\u0119dko\u015bci do 30km\/h, r\u0119czne kierowanie ruchem <br><strong>Pow\u00f3d:<\/strong> Budowa i rozbudowa dr\u00f3g wojew\u00f3dzkich Nr 681, Nr 682 i Nr 678<br><strong>Przewidywana data likwidacji utrudnienia<\/strong>: 30.05.2026 r<\/p>\n\n\n\n<p><strong>DW 681<\/strong> (nowy przebieg) skrzy\u017cowania z drogami powiatowymi o nr: 2060B,  15030B, 2060B.<br><strong>Opis<\/strong>: Roboty na drodze, ograniczenie pr\u0119dko\u015bci do 30km\/h, r\u0119czne kierowanie ruchem, sygnalizacja \u015bwietlna, przej\u015bcie drug\u0105 stron\u0105 ulicy<br><strong>Pow\u00f3d:<\/strong> Budowa i rozbudowa dr\u00f3g wojew\u00f3dzkich Nr 681, Nr 682 i Nr 678<br><strong>Przewidywana data likwidacji utrudnienia<\/strong>: 30.05.2026 r<\/p>\n\n\n\n<p><strong>DW 681<\/strong> m. Bra\u0144sk ul. Sienkiewicza od km 37+698 do km&nbsp; 37+977<br><strong>Opis<\/strong>: Roboty na drodze, objazd zgodny ze schematem <a href=\"https:\/\/www.pzdw.bialystok.pl\/wp-content\/uploads\/2025\/08\/objazd-ul-Sienkiewicza-w-Bransku.pdf\" data-type=\"link\" data-id=\"https:\/\/www.pzdw.bialystok.pl\/wp-content\/uploads\/2025\/08\/objazd-ul-Sienkiewicza-w-Bransku.pdf\">objazd ul Sienkiewicza w Bra\u0144sku<\/a> <br><strong>Pow\u00f3d:<\/strong> Przebudowa odcinka ul. Sienkiewicza w Bra\u0144sku w ci\u0105gu drogi wojew\u00f3dzkiej Nr 681 <br><strong>Przewidywana data likwidacji utrudnienia<\/strong>: 30.04.2026 r<\/p>\n\n\n\n<p><strong>DW 681<\/strong> skrzy\u017cowanie (w km ok 60+315) z nowym przebiegiem DW Nr 690 (utrudnienia od <strong>10.03.2026<\/strong>r,) <br><strong>Opis<\/strong>: Ograniczenie pr\u0119dko\u015bci do 40 km\/h, wprowadzenie zakazu wyprzedzania i zw\u0119\u017cenia jezdni do jednego pasa ruchu oraz wprowadzenie ruchu wahad\u0142owego przy pomocy sygnalizacji \u015bwietlnej <br><strong>Pow\u00f3d:<\/strong> Budowa obwodnicy Ciechanowca w ci\u0105gu drogi wojew\u00f3dzkiej Nr 690<br><strong>Przewidywana data likwidacji utrudnienia<\/strong>: 03.06.2026 r<\/p>\n\n\n\n<p><strong>DW 686<\/strong> w km od 36+100 do km 37+500 <br><strong>Opis<\/strong>: Roboty na drodze, ograniczenie pr\u0119dko\u015bci do 40 km\/h, wprowadzenie zakazu wyprzedzania i zw\u0119\u017cenia jezdni do jednego pasa ruchu.  <br><strong>Pow\u00f3d:<\/strong> Remont nawierzchni drogi wojew\u00f3dzkiej nr 686 Zajma &#8211; Micha\u0142owo &#8211; Ja\u0142\u00f3wka <br><strong>Przewidywana data likwidacji utrudnienia<\/strong>: 29.06.2026 r<\/p>\n\n\n\n<p><strong>DW 687 <\/strong> m. Lewkowo Nowe, km 13+173<br><strong>Opis<\/strong>: Wahad\u0142o \u2013 sygnalizacja \u015bwietlna, objazd i most tymczasowy<br><strong>Pow\u00f3d:<\/strong> Przebudowa mostu<br><strong>Przewidywana data likwidacji utrudnienia<\/strong>: 18.04.2026 r.<\/p>\n\n\n\n<p><strong>DW 687<\/strong> <br><strong>Opis:<\/strong> Wahad\u0142o \u2013 sygnalizacja \u015bwietlna.<br>1. Km 8+600 \u2013 8+700 str. L (do dnia 18.04.2026 r.)<strong><em><br><\/em><\/strong>2. Km 9+610 \u2013 9+640 str. L (do dnia 18.04.2026 r.)<strong><em><br><\/em><\/strong>3. Km 12+300 &#8211; 12+933 str. L (do dnia 18.04.2026 r.)<strong><em><br><\/em><\/strong>4. Km 14+050 \u2013 14+500 str. L (do dnia 18.04.2026 r.)<strong><em><br><\/em><\/strong>5. Km 16+640 \u2013 15+000 str. P (do dnia 09.06.2026 r.)<strong><em><br><\/em><\/strong>6. Km 17+450 \u2013 17+560 str. P (do dnia 18.04.2026 r.)<strong><em><br><\/em><\/strong>7. Km 20+800 \u2013 21+300 str. L (do dnia 18.06.2026 r.)<strong><em><br><\/em><\/strong>8. Km 26+250 \u2013 26+740 str. L (do dnia 18.06.2026 r.)<strong><em><br><\/em><\/strong>9. Km 27+430 \u2013 27+700 str. P (do dnia 18.06.2026 r.)<strong><em><br><\/em><\/strong>10. Km 2+060 P-3 (do dnia 18.04.2026 r.)<strong><em><br><\/em><\/strong>11. Km 8+957 P-9 (do dnia 18.04.2026 r.)<strong><em><br><\/em><\/strong>12. Km 16+750 P-18 (do dnia 18.04.2026 r.)<strong><em><br><\/em>Pow\u00f3d<\/strong>: Przebudowa DW 687<br><strong>Przewidywana data likwidacji utrudnienia<\/strong>: jak wy\u017cej<\/p>\n\n\n\n<p><strong>DW 688<\/strong> Tarnopol \u2013 Siemian\u00f3wka<br><strong>Opis:<\/strong> Wahad\u0142o \u2013 sygnalizacja \u015bwietlna.<br>1. Km 1+525 \u2013 1+565 str. P (do dnia 18.04.2026 r.)<br>2. Km 3+220 \u2013 3+495 str. P (do dnia 09.06.2026 r.)<br>3. Km 3+780 \u2013 3+810 str. L (do dnia 18.04.2026 r.)<br><strong>Pow\u00f3d<\/strong>: Przebudowa DW 688<br><strong>Przewidywana data likwidacji utrudnienia<\/strong>: jak wy\u017cej<br><\/p>\n\n\n\n<p><strong>DW 688 <\/strong>od km 4+910 do km 5+791<br><strong>Opis:<\/strong> Ca\u0142kowite zamkni\u0119cie (od dnia 13.03.2025r.) Skierowanie ruchu z DW688 na objazd ul.\u0141\u0105kow\u0105, Jesionow\u0105 i Lipow\u0105 do DW688<br><strong>Pow\u00f3d:<\/strong> Przebudowa drogi wojew\u00f3dzkiej 688<br><strong>Przewidywana data likwidacji utrudnienia:<\/strong> 18.04.2026 r.<\/p>\n\n\n\n<p><strong>DW 6<strong>88<\/strong><\/strong> w km 4+910 w rejonie skrzy\u017cowania z \u2013 DP1651B str. P <strong><br>Opis:<\/strong> Wahad\u0142o \u2013 sygnalizacja \u015bwietlna, <br><strong>Pow\u00f3d: <\/strong>Przebudowa drogi wojew\u00f3dzkiej 688<br><strong>Przewidywana data likwidacji utrudnienia:<\/strong> 18.04.2026 r.<\/p>\n\n\n\n<p><strong>DW 690 <\/strong> skrzy\u017cowanie DW Nr 690 (w km ok 23+840) z nowym przebiegiem DW Nr 690<br><strong>Opis:<\/strong> Roboty budowlane, polegaj\u0105ce na wykonaniu skrzy\u017cowania typu rondo. Ograniczenie pr\u0119dko\u015bci do 40 km\/h i wprowadzenie zw\u0119\u017cenia jezdni.<br><strong>Pow\u00f3d:<\/strong> Budowa obwodnicy Ciechanowca w ci\u0105gu drogi wojew\u00f3dzkiej Nr 690<br><strong>Przewidywana data likwidacji utrudnienia:<\/strong> 03.06.2026 r.<\/p>\n\n\n\n<p><strong>DW 690 <\/strong> skrzy\u017cowanie DW Nr 690 (w km ok 19+002) z DW Nr 694 (budowa ronda) (utrudnienia od <strong>05.03.2026<\/strong>r)<br><strong>Opis:<\/strong> Ograniczenie pr\u0119dko\u015bci do 40 km\/h, wprowadzenie zakazu wyprzedzania i zw\u0119\u017cenia jezdni do jednego pasa ruchu oraz wprowadzenie ruchu wahad\u0142owego przy pomocy sygnalizacji \u015bwietlnej. Zamkni\u0119cie wlotu z DW694.Dla pojazd\u00f3w do 3,5t objazd drog\u0105 gminn\u0105 10883B przez miejscowo\u015b\u0107 Nowodwory. Dla pojazd\u00f3w powy\u017cej 3,5t objazd w stron\u0119 m. Brok drog\u0105 DW690, potem DK 63 przez miejscowo\u015bci: Nowodwory, Boguty-Pie\u0144ki, Drewnowo Go\u0142y\u0144, Czy\u017cew, Brulino-Piwki, Godlewo Wielkie, Strekowo, Nur.  objazd zgodny ze schematem <a href=\"https:\/\/www.pzdw.bialystok.pl\/wp-content\/uploads\/2026\/03\/Budowa-Ronda-DW-690-i-DW-694-Trasy-objazdu.pdf\">Trasa objazdu<\/a><a href=\"https:\/\/www.pzdw.bialystok.pl\/wp-content\/uploads\/2026\/03\/Budowa-Ronda-DW-690-i-DW-694-tablice.pdf\" data-type=\"link\" data-id=\"https:\/\/www.pzdw.bialystok.pl\/wp-content\/uploads\/2026\/03\/Budowa-Ronda-DW-690-i-DW-694-tablice.pdf\">  Tablice<\/a><br><strong>Pow\u00f3d:<\/strong> Budowa obwodnicy Ciechanowca w ci\u0105gu drogi wojew\u00f3dzkiej Nr 690<br><strong>Przewidywana data likwidacji utrudnienia:<\/strong> 03.06.2026 r.<\/p>\n\n\n\n<p><strong>DW 690 <\/strong> od km 55+100 do km 57+810<br><strong>Opis:<\/strong> Ca\u0142kowite zamkni\u0119cie (od dnia 10.10.2024r.) <a href=\"https:\/\/www.pzdw.bialystok.pl\/wp-content\/uploads\/2024\/10\/200630-3.1-11-v2-pogladowy-objazd-Trasa-objazdu.pdf\">Pogl\u0105dowy-objazd-Trasa-objazdu<\/a> <a href=\"https:\/\/www.pzdw.bialystok.pl\/wp-content\/uploads\/2024\/10\/Objazd-do-Ciechanowca-i-Siemiatycz.pdf\" data-type=\"link\" data-id=\"https:\/\/www.pzdw.bialystok.pl\/wp-content\/uploads\/2024\/10\/Objazd-do-Ciechanowca-i-Siemiatycz.pdf\">Objazd do Ciechanowca i Siemiatycz<\/a><br><strong>Pow\u00f3d:<\/strong> Przebudowa drogi krajowej Nr 19 (obwodnica Siemiatycz) <br><strong>Przewidywana data likwidacji utrudnienia:<\/strong> 31.03.2026 r.<\/p>\n\n\n\n<hr class=\"wp-block-separator has-alpha-channel-opacity\" \/>\n\n\n\n<p><\/p>\n","protected":false},"excerpt":{"rendered":"<p>&#46;&#46;&#46;<\/p>\n","protected":false},"author":1,"featured_media":0,"parent":0,"menu_order":22,"comment_status":"closed","ping_status":"closed","template":"","meta":{"footnotes":""},"class_list":["post-36","page","type-page","status-publish","hentry"],"_links":{"self":[{"href":"https:\/\/www.pzdw.bialystok.pl\/index.php?rest_route=\/wp\/v2\/pages\/36","targetHints":{"allow":["GET"]}}],"collection":[{"href":"https:\/\/www.pzdw.bialystok.pl\/index.php?rest_route=\/wp\/v2\/pages"}],"about":[{"href":"https:\/\/www.pzdw.bialystok.pl\/index.php?rest_route=\/wp\/v2\/types\/page"}],"author":[{"embeddable":true,"href":"https:\/\/www.pzdw.bialystok.pl\/index.php?rest_route=\/wp\/v2\/users\/1"}],"replies":[{"embeddable":true,"href":"https:\/\/www.pzdw.bialystok.pl\/index.php?rest_route=%2Fwp%2Fv2%2Fcomments&post=36"}],"version-history":[{"count":341,"href":"https:\/\/www.pzdw.bialystok.pl\/index.php?rest_route=\/wp\/v2\/pages\/36\/revisions"}],"predecessor-version":[{"id":12204,"href":"https:\/\/www.pzdw.bialystok.pl\/index.php?rest_route=\/wp\/v2\/pages\/36\/revisions\/12204"}],"wp:attachment":[{"href":"https:\/\/www.pzdw.bialystok.pl\/index.php?rest_route=%2Fwp%2Fv2%2Fmedia&parent=36"}],"curies":[{"name":"wp","href":"https:\/\/api.w.org\/{rel}","templated":true}]}}