{"id":3561,"date":"2018-08-24T14:59:41","date_gmt":"2018-08-24T12:59:41","guid":{"rendered":"http:\/\/www.pzdw.bialystok.pl\/?page_id=3561"},"modified":"2025-08-07T12:32:48","modified_gmt":"2025-08-07T11:32:48","slug":"iod","status":"publish","type":"page","link":"https:\/\/www.pzdw.bialystok.pl\/?page_id=3561","title":{"rendered":"Inspektor Ochrony Danych"},"content":{"rendered":"<p>Agnieszka Antonowicz \u2013 Inspektor ochrony danych<\/p>\n<p>Podlaski Zarz\u0105d Dr\u00f3g Wojew\u00f3dzkich w Bia\u0142ymstoku<\/p>\n<p>ul.\u00a0Elewatorska 6, 15-620 Bia\u0142ystok<\/p>\n<p>tel. 85 67 67 156<\/p>\n<p>e-mail:<a href=\"mailto:iod@pzdw.podlaskie.eu\"> iod@pzdw.podlaskie.eu<\/a><\/p>\n","protected":false},"excerpt":{"rendered":"<p>&#46;&#46;&#46;<\/p>\n","protected":false},"author":5,"featured_media":0,"parent":81,"menu_order":0,"comment_status":"closed","ping_status":"closed","template":"","meta":{"footnotes":""},"class_list":["post-3561","page","type-page","status-publish","hentry"],"_links":{"self":[{"href":"https:\/\/www.pzdw.bialystok.pl\/index.php?rest_route=\/wp\/v2\/pages\/3561","targetHints":{"allow":["GET"]}}],"collection":[{"href":"https:\/\/www.pzdw.bialystok.pl\/index.php?rest_route=\/wp\/v2\/pages"}],"about":[{"href":"https:\/\/www.pzdw.bialystok.pl\/index.php?rest_route=\/wp\/v2\/types\/page"}],"author":[{"embeddable":true,"href":"https:\/\/www.pzdw.bialystok.pl\/index.php?rest_route=\/wp\/v2\/users\/5"}],"replies":[{"embeddable":true,"href":"https:\/\/www.pzdw.bialystok.pl\/index.php?rest_route=%2Fwp%2Fv2%2Fcomments&post=3561"}],"version-history":[{"count":2,"href":"https:\/\/www.pzdw.bialystok.pl\/index.php?rest_route=\/wp\/v2\/pages\/3561\/revisions"}],"predecessor-version":[{"id":11802,"href":"https:\/\/www.pzdw.bialystok.pl\/index.php?rest_route=\/wp\/v2\/pages\/3561\/revisions\/11802"}],"up":[{"embeddable":true,"href":"https:\/\/www.pzdw.bialystok.pl\/index.php?rest_route=\/wp\/v2\/pages\/81"}],"wp:attachment":[{"href":"https:\/\/www.pzdw.bialystok.pl\/index.php?rest_route=%2Fwp%2Fv2%2Fmedia&parent=3561"}],"curies":[{"name":"wp","href":"https:\/\/api.w.org\/{rel}","templated":true}]}}