{"id":340,"date":"2014-02-17T13:26:42","date_gmt":"2014-02-17T12:26:42","guid":{"rendered":"http:\/\/pzdw-b1-web1?page_id=340"},"modified":"2023-01-27T11:22:14","modified_gmt":"2023-01-27T10:22:14","slug":"informacje-ogolne-3","status":"publish","type":"page","link":"https:\/\/www.pzdw.bialystok.pl\/?page_id=340","title":{"rendered":"Og\u00f3lne"},"content":{"rendered":"<p><span style=\"font-size: 12pt; font-family: arial, helvetica, sans-serif;\"><strong>Jednostka organizacyjna nie maj\u0105ca osobowo\u015bci prawnej.<\/strong><\/span><br \/>\n<span style=\"font-size: 12pt; font-family: arial, helvetica, sans-serif;\"><strong>Z siedzib\u0105 w miejscowo\u015bci: Bia\u0142ystok<\/strong><\/span><br \/>\n<span style=\"font-size: 12pt; font-family: arial, helvetica, sans-serif;\">Regon: <strong>050667863<\/strong><\/span><br \/>\n<span style=\"font-size: 12pt; font-family: arial, helvetica, sans-serif;\">Szczeg\u00f3lna forma prawna: 31 <strong>WOJEW\u00d3DZKIE SAMORZ\u0104DOWE JEDNOSTKI ORGANIZACYJNE<\/strong><\/span><br \/>\n<span style=\"font-size: 12pt; font-family: arial, helvetica, sans-serif;\">W\u0142asno\u015b\u0107: 113 <strong>W\u0141ASNO\u015a\u0106 SAMORZ\u0104DOWA<\/strong><\/span><br \/>\n<span style=\"font-size: 12pt; font-family: arial, helvetica, sans-serif;\">Rodzaj przewa\u017caj\u0105cej dzia\u0142alno\u015bci:<\/span><br \/>\n<span style=\"font-size: 12pt; font-family: arial, helvetica, sans-serif;\">(wg Polskiej Klasyfikacji Dzia\u0142alno\u015bci PKD): <strong>5221Z PODSTAWOWA DZIA\u0141ALNO\u015a\u0106 WSPOMAGAJ\u0104CA TRANSPORT L\u0104DOWY<\/strong><\/span><br \/>\n<span style=\"font-size: 12pt; font-family: arial, helvetica, sans-serif;\">(wg Europejskiej Klasyfikacji Dzia\u0142alno\u015bci EKD): <strong>5221Z POZOSTA\u0141A DZIA\u0141ALNO\u015a\u0106 WSPIERAJ\u0104CA DLA TRANSPORTU L\u0104DOWEGO<\/strong><\/span><br \/>\n<span style=\"font-size: 12pt; font-family: arial, helvetica, sans-serif;\">Dane pochodz\u0105 z Za\u015bwiadczenia o numerze identyfikacyjnym REGON wydanym przez Krajowy Rejestr Urz\u0119dowy Podmiot\u00f3w Gospodarki Narodowej G\u0142\u00f3wnego Urz\u0119du Statystycznego w Bia\u0142ymstoku, ul. Krakowska 13, 15-959 Bia\u0142ystok z dnia 11.12.2008 roku<\/span><\/p>\n","protected":false},"excerpt":{"rendered":"<p>&#46;&#46;&#46;<\/p>\n","protected":false},"author":1,"featured_media":3983,"parent":0,"menu_order":8,"comment_status":"closed","ping_status":"closed","template":"","meta":{"footnotes":""},"class_list":["post-340","page","type-page","status-publish","has-post-thumbnail","hentry"],"_links":{"self":[{"href":"https:\/\/www.pzdw.bialystok.pl\/index.php?rest_route=\/wp\/v2\/pages\/340","targetHints":{"allow":["GET"]}}],"collection":[{"href":"https:\/\/www.pzdw.bialystok.pl\/index.php?rest_route=\/wp\/v2\/pages"}],"about":[{"href":"https:\/\/www.pzdw.bialystok.pl\/index.php?rest_route=\/wp\/v2\/types\/page"}],"author":[{"embeddable":true,"href":"https:\/\/www.pzdw.bialystok.pl\/index.php?rest_route=\/wp\/v2\/users\/1"}],"replies":[{"embeddable":true,"href":"https:\/\/www.pzdw.bialystok.pl\/index.php?rest_route=%2Fwp%2Fv2%2Fcomments&post=340"}],"version-history":[{"count":0,"href":"https:\/\/www.pzdw.bialystok.pl\/index.php?rest_route=\/wp\/v2\/pages\/340\/revisions"}],"wp:featuredmedia":[{"embeddable":true,"href":"https:\/\/www.pzdw.bialystok.pl\/index.php?rest_route=\/"}],"wp:attachment":[{"href":"https:\/\/www.pzdw.bialystok.pl\/index.php?rest_route=%2Fwp%2Fv2%2Fmedia&parent=340"}],"curies":[{"name":"wp","href":"https:\/\/api.w.org\/{rel}","templated":true}]}}