{"id":34,"date":"2014-02-11T09:09:50","date_gmt":"2014-02-11T08:09:50","guid":{"rendered":"http:\/\/pzdw-b1-web1?page_id=34"},"modified":"2024-05-21T11:10:42","modified_gmt":"2024-05-21T10:10:42","slug":"wykaz-drog","status":"publish","type":"page","link":"https:\/\/www.pzdw.bialystok.pl\/?page_id=34","title":{"rendered":"Wykaz dr\u00f3g"},"content":{"rendered":"<p>Mapa dr\u00f3g wojew\u00f3dzkich<\/p>\n<p style=\"text-align: center;\"><img decoding=\"async\" class=\"alignnone wp-image-10685 size-full\" src=\"https:\/\/www.pzdw.bialystok.pl\/wp-content\/uploads\/2024\/05\/Mapa_Drogi_2024-scaled.jpg\" alt=\"\" width=\"1756\" height=\"2560\" srcset=\"https:\/\/www.pzdw.bialystok.pl\/wp-content\/uploads\/2024\/05\/Mapa_Drogi_2024-scaled.jpg 1756w, https:\/\/www.pzdw.bialystok.pl\/wp-content\/uploads\/2024\/05\/Mapa_Drogi_2024-206x300.jpg 206w\" sizes=\"(max-width: 1756px) 100vw, 1756px\" \/><\/p>\n<p style=\"text-align: center;\">WYKAZ DR\u00d3G WOJEW\u00d3DZKICH ZARZ\u0104DZANYCH PRZEZ PZDW W BIA\u0141YMSTOKU Z PODZIA\u0141EM NA KLASY<\/p>\n<table>\n<tbody>\n<tr>\n<td width=\"34\">LP.<\/td>\n<td width=\"70\">NR DROGI<\/td>\n<td width=\"522\">NAZWA DROGI<\/td>\n<td width=\"64\">KLASA<\/td>\n<\/tr>\n<tr>\n<td width=\"34\">1<\/td>\n<td width=\"70\">640<\/td>\n<td width=\"522\">DROGA NR 19\/ANUSIN\/-RADZIWI\u0141\u0141\u00d3WKA-GR. PA\u0143STWA<\/td>\n<td width=\"64\">G<\/td>\n<\/tr>\n<tr>\n<td width=\"34\">2<\/td>\n<td width=\"70\">645<\/td>\n<td width=\"522\">MYSZYNIEC-D\u0118BY-NOWOGR\u00d3D-\u0141OM\u017bA-DROGA 63 \/STARE MODZELE\/<\/td>\n<td width=\"64\">G<\/td>\n<\/tr>\n<tr>\n<td width=\"34\">3<\/td>\n<td width=\"70\">647<\/td>\n<td width=\"522\">D\u0118BY-KOLNO-GROMADZYN-WYKNO-STAWISKI<\/td>\n<td width=\"64\">Z<\/td>\n<\/tr>\n<tr>\n<td width=\"34\">4<\/td>\n<td width=\"70\">648<\/td>\n<td width=\"522\">MIASTKOWO-NOWOGR\u00d3D-MORGOWNIKI-KORZENISTE-STAWISKI- PRZYTU\u0141Y<\/td>\n<td width=\"64\">Z<\/td>\n<\/tr>\n<tr>\n<td width=\"34\">5<\/td>\n<td width=\"70\">651<\/td>\n<td width=\"522\">GO\u0141DAP-\u017bYTKIEJMY-SZYPLISZKI-SEJNY<\/td>\n<td width=\"64\">Z<\/td>\n<\/tr>\n<tr>\n<td width=\"34\">6<\/td>\n<td width=\"70\">652<\/td>\n<td width=\"522\">KOWALE OLECKIE-SUWA\u0141KI<\/td>\n<td width=\"64\">Z<\/td>\n<\/tr>\n<tr>\n<td width=\"34\">7<\/td>\n<td width=\"70\">653<\/td>\n<td width=\"522\">SEDRANKI \/DROGA 65\/ BAKA\u0141ARZEWO-SUWA\u0141KI-SEJNY-PO\u0106KUNY<\/td>\n<td width=\"64\">G<\/td>\n<\/tr>\n<tr>\n<td width=\"34\">8<\/td>\n<td width=\"70\">655<\/td>\n<td width=\"522\">K\u0104P-WYDMINY-OLECKI-RACZKI-SUWA\u0141KI-RUTKA TARTAK<\/td>\n<td width=\"64\">Z<\/td>\n<\/tr>\n<tr>\n<td width=\"34\">9<\/td>\n<td width=\"70\">658<\/td>\n<td width=\"522\">DROGA 640-KUDELICZE-PAW\u0141OWICZE-GRABARKA-KAJANKA<\/td>\n<td width=\"64\">Z<\/td>\n<\/tr>\n<tr>\n<td width=\"34\">10<\/td>\n<td width=\"70\">659<\/td>\n<td width=\"522\">BIELSK PODLASKI &#8211; WYSZKI -TOPCZEWO-HODYSZEWO-NOWE PIEKUTY- DROGA 66<\/td>\n<td width=\"64\">Z<\/td>\n<\/tr>\n<tr>\n<td width=\"34\">11<\/td>\n<td width=\"70\">662<\/td>\n<td width=\"522\">AUGUST\u00d3W \/DROGA 16\/-SUWA\u0141KI &#8211; BUDZISKO<\/td>\n<td width=\"64\">GP<\/td>\n<\/tr>\n<tr>\n<td width=\"34\">12<\/td>\n<td width=\"70\">663<\/td>\n<td width=\"522\">POMORZE-SEJNY<\/td>\n<td width=\"64\">Z<\/td>\n<\/tr>\n<tr>\n<td width=\"34\">13<\/td>\n<td width=\"70\">664<\/td>\n<td width=\"522\">AUGUST\u00d3W-LIPSK\/LIPSK-GR. PA\u0143STWA<\/td>\n<td width=\"64\">G<\/td>\n<\/tr>\n<tr>\n<td width=\"34\">14<\/td>\n<td width=\"70\">665<\/td>\n<td width=\"522\">DROGA 61\/W\u0118ZE\u0141 GUTY\/- GRAJEWO &#8211; RAJGR\u00d3D &#8211; DROGA 8\/AUGUST\u00d3W\/<\/td>\n<td width=\"64\">GP<\/td>\n<\/tr>\n<tr>\n<td width=\"34\">15<\/td>\n<td width=\"70\">668<\/td>\n<td width=\"522\">PI\u0104TNICA PODUCHOWNA-PRZYTU\u0141Y-OSOWIEC<\/td>\n<td width=\"64\">Z<\/td>\n<\/tr>\n<tr>\n<td width=\"34\">16<\/td>\n<td width=\"70\">670<\/td>\n<td width=\"522\">OSOWIEC-SUCHOWOLA\/SUCHOWOLA-D\u0104BROWA BIA\u0141OSTOCKA-NOWY DW\u00d3R- GR. PA\u0143STWA<\/td>\n<td width=\"64\">Z\/G<\/td>\n<\/tr>\n<tr>\n<td width=\"34\">17<\/td>\n<td width=\"70\">671<\/td>\n<td width=\"522\">SOKOLANY-KORYCIN\/KORYCIN-KNYSZYN-STARE JE\u017bEWO\/STARE JE\u017bEWO-SOKO\u0141Y<\/td>\n<td width=\"64\">Z\/G\/Z<\/td>\n<\/tr>\n<tr>\n<td width=\"34\">18<\/td>\n<td width=\"70\">672<\/td>\n<td width=\"522\">PRZEWI\u0118\u0179 &#8211; SUCHA RZECZKA &#8211; P\u0141ASKA &#8211; MIKASZ\u00d3WKA &#8211; GRUSZKI &#8211; RUDAWKA<\/td>\n<td width=\"64\">Z<\/td>\n<\/tr>\n<tr>\n<td width=\"34\">19<\/td>\n<td width=\"70\">673<\/td>\n<td width=\"522\">LIPSK-D\u0104BROWA BIA\u0141OSTOCKA\/D\u0104BROWA BIA\u0141OSTOCKA-SOK\u00d3\u0141KA<\/td>\n<td width=\"64\">G<\/td>\n<\/tr>\n<tr>\n<td width=\"34\">20<\/td>\n<td width=\"70\">674<\/td>\n<td width=\"522\">SOK\u00d3\u0141KA-KRYNKI<\/td>\n<td width=\"64\">Z<\/td>\n<\/tr>\n<tr>\n<td width=\"34\">21<\/td>\n<td width=\"70\">676<\/td>\n<td width=\"522\">BIA\u0141YSTOK-SUPRA\u015aL\/SUPRA\u015aL-KRYNKI-GR.PA\u0143STWA<\/td>\n<td width=\"64\">G\/Z<\/td>\n<\/tr>\n<tr>\n<td width=\"34\">22<\/td>\n<td width=\"70\">677<\/td>\n<td width=\"522\">\u0141OM\u017bA\/DROGA 63\/-\u015aNIADOWO-OSTR\u00d3W MAZOWIECKA<\/td>\n<td width=\"64\">G<\/td>\n<\/tr>\n<tr>\n<td width=\"34\">23<\/td>\n<td width=\"70\">678<\/td>\n<td width=\"522\">BIA\u0141YSTOK-SOKO\u0141Y-WYSOKIE MAZOWIECKIE<\/td>\n<td width=\"64\">G<\/td>\n<\/tr>\n<tr>\n<td width=\"34\">24<\/td>\n<td width=\"70\">679<\/td>\n<td width=\"522\">\u0141OM\u017bA-PODG\u00d3RZE-GA\u0106-M\u0118\u017bENIN<\/td>\n<td width=\"64\">Z<\/td>\n<\/tr>\n<tr>\n<td width=\"34\">25<\/td>\n<td width=\"70\">681<\/td>\n<td width=\"522\">ROSZKI WOD\u017bKI-\u0141APY-PO\u015aWI\u0118TNE-BRA\u0143SK-CIECHANOWIEC<\/td>\n<td width=\"64\">G<\/td>\n<\/tr>\n<tr>\n<td width=\"34\">26<\/td>\n<td width=\"70\">682<\/td>\n<td width=\"522\">\u0141APY-TURO\u015a\u0143 DOLNA-MARKOWSZCZYZNA<\/td>\n<td width=\"64\">G<\/td>\n<\/tr>\n<tr>\n<td width=\"34\">27<\/td>\n<td width=\"70\">684<\/td>\n<td width=\"522\">BIELSK PODLASKI &#8211; NAREW<\/td>\n<td width=\"64\">G<\/td>\n<\/tr>\n<tr>\n<td width=\"34\">28<\/td>\n<td width=\"70\">685<\/td>\n<td width=\"522\">ZAB\u0141UD\u00d3W-NAREW-NOWOSADY-HAJN\u00d3WKA\/HAJN\u00d3WKA-KLESZCZELE<\/td>\n<td width=\"64\">G\/Z<\/td>\n<\/tr>\n<tr>\n<td width=\"34\">29<\/td>\n<td width=\"70\">686<\/td>\n<td width=\"522\">ZAJMA-MICHA\u0141OWO-JA\u0141\u00d3WKA<\/td>\n<td width=\"64\">Z<\/td>\n<\/tr>\n<tr>\n<td width=\"34\">30<\/td>\n<td width=\"70\">687<\/td>\n<td width=\"522\">JUSZKOWYGR\u00d3D-BONDARY-NAREWKA-NOWOSADY<\/td>\n<td width=\"64\">Z<\/td>\n<\/tr>\n<tr>\n<td width=\"34\">31<\/td>\n<td width=\"70\">688<\/td>\n<td width=\"522\">TARNOPOL &#8211; SIEMIAN\u00d3WKA<\/td>\n<td width=\"64\">G<\/td>\n<\/tr>\n<tr>\n<td width=\"34\">32<\/td>\n<td width=\"70\">689<\/td>\n<td width=\"522\">BIELSK PODLASKI-HAJN\u00d3WKA\/HAJN\u00d3WKA-BIA\u0141OWIE\u017bA-GR. PA\u0143STWA<\/td>\n<td width=\"64\">G\/Z<\/td>\n<\/tr>\n<tr>\n<td width=\"34\">33<\/td>\n<td width=\"70\">690<\/td>\n<td width=\"522\">CZY\u017bEW-CIECHANOWIEC-SIEMIATYCZE<\/td>\n<td width=\"64\">G<\/td>\n<\/tr>\n<tr>\n<td width=\"34\">34<\/td>\n<td width=\"70\">692<\/td>\n<td width=\"522\">DROHICZYN &#8211; DZIADKOWICE<\/td>\n<td width=\"64\">Z<\/td>\n<\/tr>\n<tr>\n<td width=\"34\">35<\/td>\n<td width=\"70\">693<\/td>\n<td width=\"522\">KLESZCZELE-SIEMIATYCZE<\/td>\n<td width=\"64\">Z<\/td>\n<\/tr>\n<tr>\n<td width=\"34\">36<\/td>\n<td width=\"70\">694<\/td>\n<td width=\"522\">PRZYJMY-BROK-CIECHANOWIEC<\/td>\n<td width=\"64\">G<\/td>\n<\/tr>\n<tr>\n<td width=\"34\">37<\/td>\n<td width=\"70\">760<\/td>\n<td width=\"522\">GR. WOJEW\u00d3DZTWA-W\u0118ZE\u0141 &#8222;\u0141OM\u017bA ZACH\u00d3D&#8221;<\/td>\n<td width=\"64\">GP<\/td>\n<\/tr>\n<\/tbody>\n<\/table>\n<h5 id=\"firstHeading\" class=\"firstHeading\" lang=\"pl\"><span dir=\"auto\">Klasy i kategorie dr\u00f3g<\/span><\/h5>\n<ul style=\"list-style-type: square;\">\n<li>Droga g\u0142\u00f3wna ruchu przyspieszonego &#8211; GP<\/li>\n<li>Droga g\u0142\u00f3wna &#8211; G<\/li>\n<li>Droga zbiorcza &#8211; Z<\/li>\n<\/ul>\n<p><img decoding=\"async\" class=\"alignnone wp-image-10687 size-full\" src=\"https:\/\/www.pzdw.bialystok.pl\/wp-content\/uploads\/2024\/05\/Mapa_Klasy_Drog_Kwiecien_2023-scaled.jpg\" alt=\"\" width=\"1807\" height=\"2560\" srcset=\"https:\/\/www.pzdw.bialystok.pl\/wp-content\/uploads\/2024\/05\/Mapa_Klasy_Drog_Kwiecien_2023-scaled.jpg 1807w, https:\/\/www.pzdw.bialystok.pl\/wp-content\/uploads\/2024\/05\/Mapa_Klasy_Drog_Kwiecien_2023-212x300.jpg 212w, https:\/\/www.pzdw.bialystok.pl\/wp-content\/uploads\/2024\/05\/Mapa_Klasy_Drog_Kwiecien_2023-723x1024.jpg 723w, https:\/\/www.pzdw.bialystok.pl\/wp-content\/uploads\/2024\/05\/Mapa_Klasy_Drog_Kwiecien_2023-768x1088.jpg 768w, https:\/\/www.pzdw.bialystok.pl\/wp-content\/uploads\/2024\/05\/Mapa_Klasy_Drog_Kwiecien_2023-1084x1536.jpg 1084w, https:\/\/www.pzdw.bialystok.pl\/wp-content\/uploads\/2024\/05\/Mapa_Klasy_Drog_Kwiecien_2023-1446x2048.jpg 1446w\" sizes=\"(max-width: 1807px) 100vw, 1807px\" \/><\/p>\n","protected":false},"excerpt":{"rendered":"<p>&#46;&#46;&#46;<\/p>\n","protected":false},"author":1,"featured_media":3915,"parent":0,"menu_order":23,"comment_status":"closed","ping_status":"closed","template":"","meta":{"footnotes":""},"class_list":["post-34","page","type-page","status-publish","has-post-thumbnail","hentry"],"_links":{"self":[{"href":"https:\/\/www.pzdw.bialystok.pl\/index.php?rest_route=\/wp\/v2\/pages\/34","targetHints":{"allow":["GET"]}}],"collection":[{"href":"https:\/\/www.pzdw.bialystok.pl\/index.php?rest_route=\/wp\/v2\/pages"}],"about":[{"href":"https:\/\/www.pzdw.bialystok.pl\/index.php?rest_route=\/wp\/v2\/types\/page"}],"author":[{"embeddable":true,"href":"https:\/\/www.pzdw.bialystok.pl\/index.php?rest_route=\/wp\/v2\/users\/1"}],"replies":[{"embeddable":true,"href":"https:\/\/www.pzdw.bialystok.pl\/index.php?rest_route=%2Fwp%2Fv2%2Fcomments&post=34"}],"version-history":[{"count":1,"href":"https:\/\/www.pzdw.bialystok.pl\/index.php?rest_route=\/wp\/v2\/pages\/34\/revisions"}],"predecessor-version":[{"id":11143,"href":"https:\/\/www.pzdw.bialystok.pl\/index.php?rest_route=\/wp\/v2\/pages\/34\/revisions\/11143"}],"wp:featuredmedia":[{"embeddable":true,"href":"https:\/\/www.pzdw.bialystok.pl\/index.php?rest_route=\/"}],"wp:attachment":[{"href":"https:\/\/www.pzdw.bialystok.pl\/index.php?rest_route=%2Fwp%2Fv2%2Fmedia&parent=34"}],"curies":[{"name":"wp","href":"https:\/\/api.w.org\/{rel}","templated":true}]}}