{"id":2551,"date":"2017-02-15T12:29:16","date_gmt":"2017-02-15T11:29:16","guid":{"rendered":"http:\/\/www.pzdw.bialystok.pl\/?page_id=2551"},"modified":"2023-02-21T09:12:28","modified_gmt":"2023-02-21T08:12:28","slug":"umieszczanie-reklamy","status":"publish","type":"page","link":"https:\/\/www.pzdw.bialystok.pl\/?page_id=2551","title":{"rendered":"Umieszczanie reklamy"},"content":{"rendered":"<p>Wnioski o<\/p>\n<div class=\"usluga-panel-header ng-tns-c73-13\" tabindex=\"0\" role=\"button\" aria-pressed=\"false\" aria-expanded=\"true\"><span class=\"ng-tns-c73-13\">Wniosek o wydanie decyzji na lokalizacj\u0119 w celu umieszczenia reklam w pasie drogowym<\/span><\/div>\n<div class=\"usluga-panel-content ng-tns-c73-13 ng-trigger ng-trigger-animationShowHide\" aria-hidden=\"false\">\n<div class=\"ng-tns-c73-13\">\n<p><i>Nazwa<br \/>\n<\/i><\/p>\n<p><strong>Wniosek o wydanie decyzji zezwalaj\u0105cej na lokalizacj\u0119 dla reklam w pasie drogowym<\/strong><\/p>\n<p><i>Opis<br \/>\n<\/i><\/p>\n<p>Z\u0142o\u017cenie wniosku do Zarz\u0105du Dr\u00f3g Wojew\u00f3dzkich o wydanie zezwolenia na lokalizacj\u0119 reklamy. Zezwolenie wydawane jest w drodze decyzji administracyjnej.<\/p>\n<p><i>Wymagane dokumenty<\/i><\/p>\n<ol>\n<li>Wype\u0142niony formularz wniosku o wydanie decyzji na lokalizacj\u0119 w pasie drogowym reklamy<\/li>\n<li>Rysunek graficzny i konstrukcyjny reklamy, z tre\u015bci\u0105 i kolorystyk\u0105, sposobem mocowania reklamy w terenie<\/li>\n<li>Mapa zasadnicza w skali 1:500 lub 1:1000 z naniesion\u0105 lokalizacj\u0105 reklamy<\/li>\n<li>Dokument stwierdzaj\u0105cy udzielenie pe\u0142nomocnictwa (albo jego urz\u0119dowo po\u015bwiadczony odpis) wraz z dowodem uiszczenia op\u0142aty skarbowej za z\u0142o\u017cenie dokumentu stwierdzaj\u0105cego udzielenie pe\u0142nomocnictwa &#8211; w przypadku sk\u0142adania wniosku przez pe\u0142nomocnika<\/li>\n<li>O\u015bwiadczenie RODO &#8211; w przypadku podmiot\u00f3w lub os\u00f3b fizycznych prowadz\u0105cych dzia\u0142alno\u015b\u0107 gospodarcz\u0105<\/li>\n<\/ol>\n<p><i>Odbiorca<br \/>\n<\/i><\/p>\n<p>Obywatel, Przedsi\u0119biorca<\/p>\n<p><i>Termin za\u0142atwienia sprawy<\/i><\/p>\n<p>Sprawa za\u0142atwiana jest w terminie przewidzianym w KPA, najcz\u0119\u015bciej w ci\u0105gu miesi\u0105ca od dnia z\u0142o\u017cenia kompletnego wniosku, a w przypadku spraw szczeg\u00f3lnie skomplikowanych termin mo\u017ce zosta\u0107 wyd\u0142u\u017cony do 2 miesi\u0119cy.<\/p>\n<p><i>Op\u0142aty<\/i><\/p>\n<ul>\n<li>Nie wymaga op\u0142aty wydanie decyzji<\/li>\n<li>Zezwolenie niniejsze nie podlega op\u0142acie skarbowej na podstawie art. 3 ustawy z dnia 16 listopada 2006 r. o op\u0142acie skarbowej<\/li>\n<li>Op\u0142ata skarbowa za z\u0142o\u017cenie dokumentu stwierdzaj\u0105cego udzielenie pe\u0142nomocnictwa w przypadku jego z\u0142o\u017cenia &#8211; op\u0142at\u0119 dokonuje si\u0119 w kasie lub na rachunek organu podatkowego w\u0142a\u015bciwego miejscowo w sprawach op\u0142at skarbowych \u2013 Urz\u0105d Miejski w Bia\u0142ymstoku Departament Finans\u00f3w Miasta, Bank PEKAO S.A. 26 1240 5211 1111 0010 3553 3132)<\/li>\n<\/ul>\n<p><i>Tryb odwo\u0142awczy<\/i><br \/>\nInwestor oraz strony post\u0119powania mog\u0105 odwo\u0142a\u0107 si\u0119 za po\u015brednictwem zarz\u0105dcy drogi, kt\u00f3ry wyda\u0142 decyzj\u0119, do Samorz\u0105dowego Kolegium Odwo\u0142awczego w terminie 14 dni od dnia otrzymania decyzji.<br \/>\nStrona mo\u017ce zrzec si\u0119 prawa wniesienia odwo\u0142ania zgodnie z \u00a0art. 127 \u00a7 1 i 2 Kodeksu post\u0119powania administracyjnego.<\/p>\n<p><i>Podstawa prawna<\/i><\/p>\n<ol>\n<li>Ustawa z dnia 21 marca 1985 r. o drogach publicznych<\/li>\n<li>Rozporz\u0105dzenie Rady Ministr\u00f3w z dnia 1 czerwca 2004 r. w sprawie okre\u015blenia warunk\u00f3w udzielania zezwole\u0144 na zaj\u0119cie pasa drogowego<\/li>\n<li>Ustawa z dnia 14 czerwca 1960 r. Kodeks post\u0119powania administracyjnego<\/li>\n<li>Ustawa z dnia 16 listopada 2006 r. o op\u0142acie skarbowej<\/li>\n<li>Uchwa\u0142a nr XXXIX\/507\/2022 Sejmiku Wojew\u00f3dztwa Podlaskiego z dnia 28.02.2022 r. w sprawie ustalenia dla dr\u00f3g wojew\u00f3dzkich, kt\u00f3rych zarz\u0105dc\u0105 jest Zarz\u0105d Wojew\u00f3dztwa Podlaskiego, wysoko\u015bci stawek op\u0142aty za zaj\u0119cie 1 m2 pasa drogowego<\/li>\n<\/ol>\n<p><i>Uwagi<\/i><\/p>\n<ol>\n<li>Wnioski na zaj\u0119cie pasa drogowego nale\u017cy sk\u0142ada\u0107 najp\u00f3\u017aniej 2 tygodnie przed terminem planowanego zaj\u0119cia.<\/li>\n<li>Przy projektowaniu lokalizacji reklamy nale\u017cy pami\u0119ta\u0107 o:<\/li>\n<\/ol>\n<ul>\n<li>zachowaniu odleg\u0142o\u015bci od istniej\u0105cych znak\u00f3w drogowych (min. 20m),<\/li>\n<li>odleg\u0142o\u015bci od skrzy\u017cowa\u0144 min 50m,<\/li>\n<li>kolorystyka tablic nie mo\u017ce by\u0107 odzwierciedleniem kolorystyki u\u017cywanej dla znak\u00f3w drogowych.<\/li>\n<\/ul>\n<ol>\n<li>Zarz\u0105dca drogi odmawia wydania zezwolenia na umieszczenie w pasie drogowym reklam, je\u017celi ich umieszczenie mog\u0142oby powodowa\u0107 niszczenie lub uszkodzenie drogi i jej urz\u0105dze\u0144, lub zmniejszenie jej trwa\u0142o\u015bci, lub zagra\u017ca\u0107 bezpiecze\u0144stwu ruchu drogowego oraz w przypadkach, gdy reklamy nie spe\u0142niaj\u0105 warunk\u00f3w, o kt\u00f3rych mowa w art. 42a ustawy z 21 marca 1985 r. o drogach publicznych. Podstawa &#8211; art. 39 ust. 3 pkt 2 w\/w ustawy.<\/li>\n<li>Zgodnie z art. 42a w\/w ustawy, widoczna z jezdni przez kieruj\u0105cego pojazdem reklama emituj\u0105ca \u015bwiat\u0142o, umieszczona w pasie drogowym drogi gminnej lub w odleg\u0142o\u015bci od zewn\u0119trznej kraw\u0119dzi jezdni drogi gminnej: do 6 m w terenie zabudowy i do 15 m poza terenem zabudowy, musi spe\u0142nia\u0107 wymagania okre\u015blone w rozporz\u0105dzeniu ministra w\u0142a\u015bciwego do spraw transportu (pod wzgl\u0119dem maksymalnej luminancji powierzchni informacji wizualnej umieszczonej na reklamie emituj\u0105cej \u015bwiat\u0142o, w ci\u0105gu dnia i w ci\u0105gu nocy, w terenie zabudowy i poza terenem zabudowy), a tak\u017ce poni\u017csze wymagania:<br \/>\n&#8211; w przypadku reklam umo\u017cliwiaj\u0105cych bie\u017c\u0105c\u0105 zmian\u0119 informacji wizualnej:<\/li>\n<\/ol>\n<ul>\n<li>niedopuszczalne jest wy\u015bwietlanie ruchomych obraz\u00f3w,<\/li>\n<li>niedopuszczalne jest stosowanie efekt\u00f3w wizualnych i przerw pomi\u0119dzy kolejno wy\u015bwietlanymi informacjami,<\/li>\n<li>minimalny czas prezentacji informacji wizualnej musi by\u0107 d\u0142u\u017cszy ni\u017c 10 sekund.<\/li>\n<\/ul>\n<\/div>\n<\/div>\n<p>wydanie zezwolenia na\u00a0umieszczenie w pasie drogowym reklam nale\u017cy sk\u0142ada\u0107 w siedzibie PZDW w Bia\u0142ymstoku, ul. Elewatorska 6. Do wniosku nale\u017cy za\u0142\u0105czy\u0107:<\/p>\n<ul type=\"disc\">\n<li>map\u0119 w skali 1:500 lub 1:1000 z naniesion\u0105 lokalizacj\u0105 reklamy;<\/li>\n<li>rysunek z projektem graficznym reklamy, tre\u015bci\u0105 i kolorystyk\u0105;<\/li>\n<li>rysunek konstrukcyjny reklamy, spos\u00f3b mocowania reklamy w terenie;<\/li>\n<li>o\u015bwiadczenie (dotyczy podmiot\u00f3w lub os\u00f3b fizycznych prowadz\u0105cych dzia\u0142alno\u015b\u0107 gospodarcz\u0105).<\/li>\n<\/ul>\n<p>Przy projektowaniu lokalizacji reklamy nale\u017cy pami\u0119ta\u0107 o:<\/p>\n<ul>\n<li>zachowaniu odleg\u0142o\u015bci od istniej\u0105cych znak\u00f3w drogowych (min. 20m);<\/li>\n<li>odleg\u0142o\u015bci od skrzy\u017cowa\u0144 min 50m;<\/li>\n<li>kolorystyka tablic nie mo\u017ce by\u0107 odzwierciedleniem kolorystyki u\u017cywanej dla znak\u00f3w drogowych.<\/li>\n<\/ul>\n<p>Od decyzji Podlaskiego Zarz\u0105du Dr\u00f3g Wojew\u00f3dzkich w Bia\u0142ymstoku s\u0142u\u017cy stronie odwo\u0142anie do Samorz\u0105dowego Kolegium Odwo\u0142awczego w Bia\u0142ymstoku, ul. Mickiewicza 3, za po\u015brednictwem Podlaskiego Zarz\u0105du Dr\u00f3g Wojew\u00f3dzkich w Bia\u0142ymstoku w terminie 14 dni od dnia jej dor\u0119czenia.<\/p>\n<p><em>Za umieszczenie reklamy w\u00a0 pasie drogowym dr\u00f3g wojew\u00f3dzkich pobiera si\u0119 op\u0142aty na podstawie art. 40 ustawy z dnia 21 marca 1985 r. o drogach publicznych i uchwa\u0142y nr XVI\/158\/04 Sejmiku Wojew\u00f3dztwa Podlaskiego z dnia 22.03.2004 r. w sprawie ustalenia dla dr\u00f3g wojew\u00f3dzkich, kt\u00f3rych zarz\u0105dc\u0105 jest Zarz\u0105d Wojew\u00f3dztwa Podlaskiego, wysoko\u015bci stawek op\u0142aty za zaj\u0119cie 1 m<sup>2<\/sup> pasa drogowego<\/em><em>.<\/em><\/p>\n<p><em>\u00a0<\/em><\/p>\n<p><em>Stawka op\u0142aty za ka\u017cdy dzie\u0144 zaj\u0119cia pasa drogowego poprzez umieszczenie 1 m<sup>2<\/sup> reklamy wynosi 3,00 z\u0142.<\/em><\/p>\n","protected":false},"excerpt":{"rendered":"<p>&#46;&#46;&#46;<\/p>\n","protected":false},"author":2,"featured_media":0,"parent":0,"menu_order":0,"comment_status":"closed","ping_status":"closed","template":"","meta":{"footnotes":""},"class_list":["post-2551","page","type-page","status-publish","hentry"],"_links":{"self":[{"href":"https:\/\/www.pzdw.bialystok.pl\/index.php?rest_route=\/wp\/v2\/pages\/2551","targetHints":{"allow":["GET"]}}],"collection":[{"href":"https:\/\/www.pzdw.bialystok.pl\/index.php?rest_route=\/wp\/v2\/pages"}],"about":[{"href":"https:\/\/www.pzdw.bialystok.pl\/index.php?rest_route=\/wp\/v2\/types\/page"}],"author":[{"embeddable":true,"href":"https:\/\/www.pzdw.bialystok.pl\/index.php?rest_route=\/wp\/v2\/users\/2"}],"replies":[{"embeddable":true,"href":"https:\/\/www.pzdw.bialystok.pl\/index.php?rest_route=%2Fwp%2Fv2%2Fcomments&post=2551"}],"version-history":[{"count":0,"href":"https:\/\/www.pzdw.bialystok.pl\/index.php?rest_route=\/wp\/v2\/pages\/2551\/revisions"}],"wp:attachment":[{"href":"https:\/\/www.pzdw.bialystok.pl\/index.php?rest_route=%2Fwp%2Fv2%2Fmedia&parent=2551"}],"curies":[{"name":"wp","href":"https:\/\/api.w.org\/{rel}","templated":true}]}}