{"id":2534,"date":"2017-02-14T15:23:31","date_gmt":"2017-02-14T14:23:31","guid":{"rendered":"http:\/\/www.pzdw.bialystok.pl\/?page_id=2534"},"modified":"2023-02-21T09:10:24","modified_gmt":"2023-02-21T08:10:24","slug":"umieszczanie-obiektu-handlowo-uslugowego","status":"publish","type":"page","link":"https:\/\/www.pzdw.bialystok.pl\/?page_id=2534","title":{"rendered":"Umieszczanie obiektu handlowo-us\u0142ugowego"},"content":{"rendered":"<div class=\"usluga-panel-content ng-tns-c73-12 ng-trigger ng-trigger-animationShowHide\" aria-hidden=\"false\"><br class=\"ng-tns-c73-12\" \/><\/p>\n<div class=\"ng-tns-c73-12\">\n<p><i>Nazwa<br \/>\n<\/i><\/p>\n<p><strong>Wniosek na zaj\u0119cie pasa drogowego w celu umieszczenia obiekt\u00f3w budowlanych<\/strong><\/p>\n<p><i>Opis<br \/>\n<\/i><\/p>\n<p>Z\u0142o\u017cenie wniosku do Zarz\u0105du Dr\u00f3g Wojew\u00f3dzkich o wydanie zezwolenia na umieszczenie obiektu handlowo-us\u0142ugowego w pasie drogowym drogi wojew\u00f3dzkiej. Zezwolenie wydawane jest w drodze decyzji administracyjnej.<\/p>\n<p><i>Wymagane dokumenty<\/i><\/p>\n<ol>\n<li>Wype\u0142niony formularz wniosku o wydanie decyzji na zaj\u0119cie pasa drogowego w celu umieszczenia obiektu handlowo-us\u0142ugowego<\/li>\n<li>O\u015bwiadczenie o liczbie zatrudnionych \u2013 dotyczy os\u00f3b fizycznych prowadz\u0105cych dzia\u0142alno\u015b\u0107 gospodarcz\u0105.<\/li>\n<li>Wype\u0142niony formularz o\u015bwiadczenia o posiadaniu wa\u017cnego pozwolenia na budow\u0119 obiektu budowlanego lub o zg\u0142oszeniu budowy lub prowadzonych rob\u00f3t w\u0142a\u015bciwemu organowi administracji architektoniczno \u2013 budowlanej<\/li>\n<li>Projekt obiektu budowlanego wraz z wymiarami lub rysunek konstrukcyjny obiektu (plus ewent. zdj\u0119cie)<\/li>\n<li>W przypadku sk\u0142adania wniosku przez pe\u0142nomocnika, dokument stwierdzaj\u0105cy udzielenie pe\u0142nomocnictwa (albo jego urz\u0119dowo po\u015bwiadczony odpis) wraz z dowodem uiszczenia op\u0142aty skarbowej za z\u0142o\u017cenie dokumentu stwierdzaj\u0105cego udzielenie pe\u0142nomocnictwa<\/li>\n<li>W przypadku podmiot\u00f3w lub os\u00f3b fizycznych prowadz\u0105cych dzia\u0142alno\u015b\u0107 gospodarcz\u0105 wymagane jest za\u0142\u0105czenie o\u015bwiadczenia RODO<\/li>\n<\/ol>\n<p><i>Odbiorca us\u0142ugi<\/i><\/p>\n<p>Obywatel, Przedsi\u0119biorca<\/p>\n<p><i>Termin za\u0142atwienia sprawy<\/i><\/p>\n<p>Sprawa za\u0142atwiana jest w terminie przewidzianym w KPA, najcz\u0119\u015bciej w ci\u0105gu miesi\u0105ca od dnia z\u0142o\u017cenia kompletnego wniosku, a w przypadku spraw szczeg\u00f3lnie skomplikowanych termin mo\u017ce zosta\u0107 wyd\u0142u\u017cony do 2 miesi\u0119cy.<\/p>\n<p><i>Op\u0142aty<\/i><\/p>\n<ul>\n<li>Op\u0142ata wynikaj\u0105ca z decyzji za zaj\u0119cie pasa drogi winna by\u0107 wniesiona w ci\u0105gu 14 dni od daty uprawomocnienia decyzji<\/li>\n<li>Zezwolenie niniejsze nie podlega op\u0142acie skarbowej na podstawie art. 3 ustawy z dnia 16 listopada 2006 r. o op\u0142acie skarbowej<\/li>\n<li>Op\u0142ata skarbowa za z\u0142o\u017cenie dokumentu stwierdzaj\u0105cego udzielenie pe\u0142nomocnictwa w przypadku jego z\u0142o\u017cenia &#8211; op\u0142at\u0119 dokonuje si\u0119 w kasie lub na rachunek organu podatkowego w\u0142a\u015bciwego miejscowo w sprawach op\u0142at skarbowych \u2013 Urz\u0105d Miejski w Bia\u0142ymstoku Departament Finans\u00f3w Miasta, Bank PEKAO S.A. 26 1240 5211 1111 0010 3553 3132)<\/li>\n<\/ul>\n<p><i>Tryb odwo\u0142awczy<\/i><\/p>\n<p>Inwestor oraz strony post\u0119powania mog\u0105 odwo\u0142a\u0107 si\u0119 za po\u015brednictwem zarz\u0105dcy drogi, kt\u00f3ry wyda\u0142 decyzj\u0119, do Samorz\u0105dowego Kolegium Odwo\u0142awczego w terminie 14 dni od dnia dor\u0119czenia decyzji.<br \/>\nStrona mo\u017ce zrzec si\u0119 prawa wniesienia odwo\u0142ania zgodnie z art. 127 \u00a7 1 i 2 Kodeksu post\u0119powania administracyjnego.<\/p>\n<p><i>Podstawa prawna<\/i><\/p>\n<ol>\n<li>Ustawa z dnia 21 marca 1985 r. o drogach publicznych<\/li>\n<li>Rozporz\u0105dzenie Rady Ministr\u00f3w z dnia 1 czerwca 2004 r. w sprawie okre\u015blenia warunk\u00f3w udzielania zezwole\u0144 na zaj\u0119cie pasa drogowego<\/li>\n<li>Ustawa z dnia 14 czerwca 1960 r. Kodeks post\u0119powania administracyjnego<\/li>\n<li>Ustawa z dnia 16 listopada 2006 r. o op\u0142acie skarbowej<\/li>\n<\/ol>\n<p><i>Uwagi<\/i><\/p>\n<p><strong>Wnioski na zaj\u0119cie pasa drogowego nale\u017cy sk\u0142ada\u0107 najp\u00f3\u017aniej 3 tygodnie przed terminem planowanego zaj\u0119cia.<\/strong><\/p>\n<\/div>\n<\/div>\n<p>Wnioski o wydanie zezwolenia na\u00a0umieszczenie w pasie drogowym obiekt\u00f3w handlowo-us\u0142ugowych nale\u017cy sk\u0142ada\u0107 w siedzibie PZDW w Bia\u0142ymstoku, ul. Elewatorska 6.<\/p>\n<p>Do wniosku nale\u017cy za\u0142\u0105czy\u0107:<\/p>\n<ul type=\"disc\">\n<li>map\u0119 w skali 1:500 lub 1:1000 z naniesion\u0105 lokalizacj\u0105 obiektu;<\/li>\n<li>ew. zdj\u0119cie lub rysunek konstrukcyjny obiektu;<\/li>\n<li>o\u015bwiadczenie (dotyczy podmiot\u00f3w lub os\u00f3b fizycznych prowadz\u0105cych dzia\u0142alno\u015b\u0107 gospodarcz\u0105).<\/li>\n<\/ul>\n<p>Od decyzji Podlaskiego Zarz\u0105du Dr\u00f3g Wojew\u00f3dzkich w Bia\u0142ymstoku s\u0142u\u017cy stronie odwo\u0142anie do Samorz\u0105dowego Kolegium Odwo\u0142awczego w Bia\u0142ymstoku, ul. Mickiewicza 3, za po\u015brednictwem Podlaskiego Zarz\u0105du Dr\u00f3g Wojew\u00f3dzkich w Bia\u0142ymstoku w terminie 14 dni od dnia jej dor\u0119czenia.<\/p>\n<p><em>Za umieszczenie obiektu handlowo-us\u0142ugowego w\u00a0 pasie drogowym dr\u00f3g wojew\u00f3dzkich pobiera si\u0119 op\u0142aty na podstawie art. 40 ustawy z dnia 21 marca 1985 r. o drogach publicznych\u00a0 i uchwa\u0142y nr XVI\/158\/04 Sejmiku Wojew\u00f3dztwa Podlaskiego z dnia 22.03.2004 r. w sprawie ustalenia dla dr\u00f3g wojew\u00f3dzkich, kt\u00f3rych zarz\u0105dc\u0105 jest Zarz\u0105d Wojew\u00f3dztwa Podlaskiego, wysoko\u015bci stawek op\u0142aty za zaj\u0119cie 1 m<sup>2<\/sup> pasa drogowego<\/em><em>.<\/em><\/p>\n<p><em>Stawka op\u0142aty za ka\u017cdy dzie\u0144 zaj\u0119cia pasa drogowego poprzez umieszczenie 1 m<sup>2<\/sup> obiektu wynosi 1,00 z\u0142.<\/em><\/p>\n","protected":false},"excerpt":{"rendered":"<p>&#46;&#46;&#46;<\/p>\n","protected":false},"author":2,"featured_media":0,"parent":0,"menu_order":0,"comment_status":"closed","ping_status":"closed","template":"","meta":{"footnotes":""},"class_list":["post-2534","page","type-page","status-publish","hentry"],"_links":{"self":[{"href":"https:\/\/www.pzdw.bialystok.pl\/index.php?rest_route=\/wp\/v2\/pages\/2534","targetHints":{"allow":["GET"]}}],"collection":[{"href":"https:\/\/www.pzdw.bialystok.pl\/index.php?rest_route=\/wp\/v2\/pages"}],"about":[{"href":"https:\/\/www.pzdw.bialystok.pl\/index.php?rest_route=\/wp\/v2\/types\/page"}],"author":[{"embeddable":true,"href":"https:\/\/www.pzdw.bialystok.pl\/index.php?rest_route=\/wp\/v2\/users\/2"}],"replies":[{"embeddable":true,"href":"https:\/\/www.pzdw.bialystok.pl\/index.php?rest_route=%2Fwp%2Fv2%2Fcomments&post=2534"}],"version-history":[{"count":0,"href":"https:\/\/www.pzdw.bialystok.pl\/index.php?rest_route=\/wp\/v2\/pages\/2534\/revisions"}],"wp:attachment":[{"href":"https:\/\/www.pzdw.bialystok.pl\/index.php?rest_route=%2Fwp%2Fv2%2Fmedia&parent=2534"}],"curies":[{"name":"wp","href":"https:\/\/api.w.org\/{rel}","templated":true}]}}