{"id":104,"date":"2014-02-11T09:32:55","date_gmt":"2014-02-11T08:32:55","guid":{"rendered":"http:\/\/pzdw-b1-web1?page_id=104"},"modified":"2023-02-21T09:45:13","modified_gmt":"2023-02-21T08:45:13","slug":"lokalizacja-zjazdu","status":"publish","type":"page","link":"https:\/\/www.pzdw.bialystok.pl\/?page_id=104","title":{"rendered":"Budowa lub przebudowa zjazdu"},"content":{"rendered":"<p><em><br \/>\nNazwa<\/em><\/p>\n<p><strong>Wniosek o wydanie decyzji zezwalaj\u0105cej na przebudow\u0119\u00a0 lub lokalizacj\u0119 nowego zjazdu<\/strong><\/p>\n<p><em>Opis <\/em><\/p>\n<p>umo\u017cliwia z\u0142o\u017cenie wniosku do zarz\u0105dcy drogi na przebudow\u0119 b\u0105d\u017a wydanie zezwolenia na lokalizacj\u0119 zjazdu z nieruchomo\u015bci na drog\u0119 publiczn\u0105. W przypadku dr\u00f3g wojew\u00f3dzkich, zadania zarz\u0105dzania drogami wykonuje zarz\u0105d dr\u00f3g wojew\u00f3dzkich. Zezwolenie wydawane jest w drodze decyzji administracyjnej, w kt\u00f3rej zawarte s\u0105 informacje o parametrach technicznych zjazdu.<\/p>\n<p>Zjazd to po\u0142\u0105czenie drogi publicznej z nieruchomo\u015bci\u0105 po\u0142o\u017con\u0105 przy drodze, stanowi\u0105ce bezpo\u015brednie miejsce dost\u0119pu do drogi publicznej.<\/p>\n<p><em>Wymagane dokumenty<\/em><\/p>\n<ol>\n<li>Wype\u0142niony formularz wniosku o przebudow\u0119 b\u0105dz wydanie zezwolenia na lokalizacj\u0119 nowego zjazdu<\/li>\n<li>Kopia aktualnej mapy zasadniczej (sytuacyjno-wysoko\u015bciowej) dla danego terenu w skali 1:500 lub 1:1000, obejmuj\u0105cej zakres przedmiotowej nieruchomo\u015bci w nawi\u0105zaniu do drogi, z zaznaczonym proponowanym miejscem lokalizacji zjazdu i widocznymi granicami nieruchomo\u015bci, kt\u00f3rej wniosek dotyczy oraz zawieraj\u0105cej\u00a0informacj\u0119 o zagospodarowaniu dzia\u0142ek s\u0105siednich<\/li>\n<li>O\u015bwiadczenie o posiadanym prawie do dysponowania nieruchomo\u015bci\u0105, do kt\u00f3rej ma by\u0107 wybudowany zjazd<\/li>\n<li>Dow\u00f3d uiszczenia op\u0142aty skarbowej za wydanie decyzji o zezwoleniu na lokalizacj\u0119 zjazdu<\/li>\n<li>Projekt zagospodarowania dzia\u0142ki wraz z okre\u015bleniem sposobu w\u0142\u0105czenia przedmiotowej inwestycji do drogi je\u017celi budowa lub przebudowa zjazdu jest zwi\u0105zana ze zmian\u0105 zagospodarowania dzia\u0142ki<\/li>\n<li>W przypadku sk\u0142adania wniosku przez pe\u0142nomocnika dokument stwierdzaj\u0105cy udzielenie pe\u0142nomocnictwa (albo jego urz\u0119dowo po\u015bwiadczony odpis) wraz z\u00a0dowodem uiszczenia op\u0142aty skarbowej za z\u0142o\u017cenie dokumentu stwierdzaj\u0105cego udzielenie pe\u0142nomocnictwa<\/li>\n<li>W przypadku podmiot\u00f3w lub os\u00f3b fizycznych prowadz\u0105cych dzia\u0142alno\u015b\u0107 gospodarcz\u0105 wymagane jest za\u0142\u0105czenie o\u015bwiadczenia RODO<\/li>\n<\/ol>\n<p><em>Odbiorca <\/em><\/p>\n<p>Obywatel, Przedsi\u0119biorca<\/p>\n<p><em>Termin za\u0142atwienia sprawy<\/em><\/p>\n<p>Wydanie zezwolenia lub jego odmowa nast\u0119puje w formie decyzji administracyjnej, w terminie do 30 dni od daty z\u0142o\u017cenia wniosku oraz wymaganych dokument\u00f3w. W przypadku wyd\u0142u\u017cenia terminu do 2 miesi\u0119cy w sprawach szczeg\u00f3lnie skomplikowanych (wnioskodawca zostanie o tym poinformowany). Do terminu tego nie wlicza si\u0119 termin\u00f3w przewidzianych w przepisach prawa dla dokonania okre\u015blonych czynno\u015bci, okres\u00f3w zawieszenia post\u0119powania, okresu trwania mediacji oraz okres\u00f3w op\u00f3\u017anie\u0144 spowodowanych z winy strony (np. niekompletny wniosek) albo przyczyn niezale\u017cnych od organu.<\/p>\n<p><em>Op\u0142ata za wydanie zezwolenia<\/em><\/p>\n<ul>\n<li>Op\u0142at\u0119 za wydanie decyzji zezwalaj\u0105cej na lokalizacj\u0119 zjazdu w wysoko\u015bci 82,00 z\u0142 dokonuje si\u0119 w kasie lub na rachunek organu podatkowego w\u0142a\u015bciwego miejscowo w sprawach op\u0142at skarbowych \u2013 Urz\u0105d Miejski w Bia\u0142ymstoku Departament Finans\u00f3w Miasta, Bank PEKAO S.A. 26 1240 5211 1111 0010 3553 3132)<br \/>\nObowi\u0105zek zap\u0142aty op\u0142aty skarbowej powstaje z chwil\u0105 z\u0142o\u017cenia wniosku o wydanie zezwolenia<\/li>\n<li>Op\u0142ata skarbowa za z\u0142o\u017cenie dokumentu stwierdzaj\u0105cego udzielenie pe\u0142nomocnictwa w przypadku jego z\u0142o\u017cenia &#8211; op\u0142at\u0119 dokonuje si\u0119 w kasie lub na rachunek organu podatkowego w\u0142a\u015bciwego miejscowo w sprawach op\u0142at skarbowych \u2013 Urz\u0105d Miejski w Bia\u0142ymstoku Departament Finans\u00f3w Miasta, Bank PEKAO S.A. 26 1240 5211 1111 0010 3553 3132)<\/li>\n<\/ul>\n<p><em>Tryb odwo\u0142awczy<\/em><br \/>\nInwestor oraz strony post\u0119powania mog\u0105 odwo\u0142a\u0107 si\u0119 za po\u015brednictwem zarz\u0105dcy drogi, kt\u00f3ry wyda\u0142 decyzj\u0119 &#8211; do Samorz\u0105dowego Kolegium Odwo\u0142awczego w terminie 14 dni od dnia dor\u0119czenia decyzji.<br \/>\nW trakcie biegu terminu do wniesienia odwo\u0142ania strona mo\u017ce zrzec si\u0119 prawa do odwo\u0142ania na podstawie art. 127 \u00a7 1 i 2 Kodeksu post\u0119powania administracyjnego.<\/p>\n<p><em>Podstawa prawna<\/em><\/p>\n<ol>\n<li>Ustawa z 21 marca 1985 r. o drogach publicznych<\/li>\n<li>Ustawa z 16 listopada 2006 r. o op\u0142acie skarbowej<\/li>\n<li>Ustawa z 27 marca 2003 r. o planowaniu i zagospodarowaniu przestrzennym<\/li>\n<li>Ustawa z 7 lipca 1994 r. Prawo budowlane<\/li>\n<li>Ustawa z 14 czerwca 1960 r. Kodeks post\u0119powania administracyjnego<\/li>\n<li>Rozporz\u0105dzenie Rady Ministr\u00f3w z 1 czerwca 2004 r. w sprawie okre\u015blenia warunk\u00f3w udzielania zezwole\u0144 na zaj\u0119cie pasa drogowego<\/li>\n<li>Rozporz\u0105dzenie Ministra Transportu i Gospodarki Morskiej z 2 marca 1999 r. w sprawie warunk\u00f3w technicznych, jakim powinny odpowiada\u0107 drogi publiczne i ich usytuowanie<\/li>\n<\/ol>\n<p><em>Uwagi<\/em><\/p>\n<ol>\n<li>Je\u017celi inwestycja obejmuje tylko wybudowanie na podstawie zezwolenia o lokalizacji zjazdu to nie jest wymagane uzyskanie decyzji o warunkach zabudowy i zagospodarowania terenu.<\/li>\n<li>Po uzyskaniu zezwolenia na lokalizacj\u0119 zjazdu nale\u017cy:<\/li>\n<\/ol>\n<ul>\n<li>dokona\u0107 uzgodnienia z zarz\u0105dc\u0105 drogi projektu budowlanego zjazdu \u2013 o ile projekt budowlany jest wymagany,<\/li>\n<li>dokona\u0107 zg\u0142oszenia budowy albo uzyska\u0107 pozwolenie na budow\u0119 zjazdu,<\/li>\n<li>uzyska\u0107 zezwolenie zarz\u0105dcy drogi na prowadzenie rob\u00f3t w pasie drogowym.<\/li>\n<\/ul>\n<ol>\n<li>Zezwolenie na przebudow\u0119 lub lokalizacj\u0119 zjazdu z drogi wydaje si\u0119 na czas nieokre\u015blony.<\/li>\n<li>Zezwolenie na przebudow\u0119 lub lokalizacj\u0119 zjazdu z drogi wygasa, je\u017celi w ci\u0105gu 3 lat od jego wydania zjazd nie zosta\u0142 wybudowany.<\/li>\n<li>Ze wzgl\u0119du na wymogi wynikaj\u0105ce z warunk\u00f3w technicznych, jakim powinny odpowiada\u0107 drogi publiczne, zarz\u0105dca drogi mo\u017ce odm\u00f3wi\u0107 wydania zezwolenia na lokalizacj\u0119 zjazdu albo wyda\u0107 zezwolenie na lokalizacj\u0119 zjazdu na czas okre\u015blony.<\/li>\n<li>W zezwoleniu na lokalizacj\u0119 zjazdu okre\u015bla si\u0119 miejsce lokalizacji zjazdu i jego parametry techniczne.<\/li>\n<li>Przed rozpocz\u0119ciem rob\u00f3t budowlanych istnieje obowi\u0105zek uzyskania pozwolenia na budow\u0119 oraz uzyskania zezwolenia zarz\u0105dcy drogi na prowadzenie rob\u00f3t w pasie drogowym.<\/li>\n<li>Przed uzyskaniem pozwolenia na budow\u0119 istnieje obowi\u0105zek uzgodnienia z zarz\u0105dc\u0105 drogi\u00a0projektu zagospodarowania dzia\u0142ki lub terenu oraz projektu architektoniczno-budowlanego zjazdu \u2013 o ile projekt zagospodarowania dzia\u0142ki lub terenu oraz projekt architektoniczno-budowlany jest wymagany.<\/li>\n<li>Zezwolenie na przebudow\u0119 lub na lokalizacj\u0119 zjazdu do\u0142\u0105cza si\u0119 do wniosku o pozwolenie na budow\u0119 oraz zg\u0142oszenia budowy lub wykonania rob\u00f3t budowlanych, o kt\u00f3rych mowa w ustawie z 7 lipca 1994 r. &#8211; Prawo budowlane.<\/li>\n<\/ol>\n","protected":false},"excerpt":{"rendered":"<p>&#46;&#46;&#46;<\/p>\n","protected":false},"author":1,"featured_media":0,"parent":0,"menu_order":15,"comment_status":"closed","ping_status":"closed","template":"","meta":{"footnotes":""},"class_list":["post-104","page","type-page","status-publish","hentry"],"_links":{"self":[{"href":"https:\/\/www.pzdw.bialystok.pl\/index.php?rest_route=\/wp\/v2\/pages\/104","targetHints":{"allow":["GET"]}}],"collection":[{"href":"https:\/\/www.pzdw.bialystok.pl\/index.php?rest_route=\/wp\/v2\/pages"}],"about":[{"href":"https:\/\/www.pzdw.bialystok.pl\/index.php?rest_route=\/wp\/v2\/types\/page"}],"author":[{"embeddable":true,"href":"https:\/\/www.pzdw.bialystok.pl\/index.php?rest_route=\/wp\/v2\/users\/1"}],"replies":[{"embeddable":true,"href":"https:\/\/www.pzdw.bialystok.pl\/index.php?rest_route=%2Fwp%2Fv2%2Fcomments&post=104"}],"version-history":[{"count":0,"href":"https:\/\/www.pzdw.bialystok.pl\/index.php?rest_route=\/wp\/v2\/pages\/104\/revisions"}],"wp:attachment":[{"href":"https:\/\/www.pzdw.bialystok.pl\/index.php?rest_route=%2Fwp%2Fv2%2Fmedia&parent=104"}],"curies":[{"name":"wp","href":"https:\/\/api.w.org\/{rel}","templated":true}]}}